{"id":17059,"date":"2017-02-28T15:34:31","date_gmt":"2017-02-28T14:34:31","guid":{"rendered":"http:\/\/www.miomente.de\/entdeckermagazin\/?page_id=17059"},"modified":"2019-10-22T13:27:33","modified_gmt":"2019-10-22T11:27:33","slug":"foodquiz","status":"publish","type":"page","link":"https:\/\/www.miomente.de\/entdeckermagazin\/kuechenlatein\/foodquiz\/","title":{"rendered":"Foodquiz"},"content":{"rendered":"<section class=\"l-section wpb_row height_medium with_img parallax_ver\"><div class=\"l-section-img\" data-img-width=\"2200\" data-img-height=\"1633\" style=\"background-image: url(https:\/\/www.miomente.de\/entdeckermagazin\/wp-content\/uploads\/2019\/10\/foodlexikon-hintergrund-miomente-entdeckermagazin-2.jpg);\"><\/div><div class=\"l-section-overlay\" style=\"background:rgba(232,232,232,0.79)\"><\/div><div class=\"l-section-h i-cf\"><div class=\"g-cols vc_row via_flex valign_top type_default stacking_default\"><div class=\"vc_col-sm-12 wpb_column vc_column_container\"><div class=\"vc_column-inner\"><div class=\"wpb_wrapper\"><div class=\"wpb_text_column\"><div class=\"wpb_wrapper\"><h2>FOODQUIZ<\/h2>\n<\/div><\/div><div class=\"g-cols wpb_row via_flex valign_top type_default stacking_default\"><div class=\"vc_col-sm-12 wpb_column vc_column_container\"><div class=\"vc_column-inner\"><div class=\"wpb_wrapper\"><div class=\"w-grid type_grid layout_38703 cols_3 overflow_hidden\" id=\"us_grid_1\" data-filterable=\"true\"><style>#us_grid_1 .w-grid-item{padding:1rem}#us_grid_1 .w-grid-list{margin:-1rem}.w-grid + #us_grid_1 .w-grid-list,.w-grid-none + #us_grid_1 .w-grid-list{margin-top:1rem}@media (max-width:899px){#us_grid_1 .w-grid-item{width:50%}}@media (max-width:599px){#us_grid_1 .w-grid-list{margin:0}#us_grid_1 .w-grid-item{width:100%;padding:0;margin-bottom:1rem}}.layout_38703 .w-grid-item-h{background:#ffffff;color:#444444;border-radius:0.3rem;box-shadow:0 0.03rem 0.06rem rgba(0,0,0,0.1),0 0.1rem 0.3rem rgba(0,0,0,0.1);transition-duration:0.3s}.no-touch .layout_38703 .w-grid-item-h:hover{box-shadow:0 0.12rem 0.24rem rgba(0,0,0,0.1),0 0.4rem 1.2rem rgba(0,0,0,0.15);z-index:4}.layout_38703 .usg_post_content_1{text-align:center!important}<\/style><div class=\"w-grid-list\">\t<article class=\"w-grid-item size_1x1 post-31456 post type-post status-publish format-standard has-post-thumbnail hentry category-foodquiz category-kuechenlatein tag-chili tag-gewuerz tag-gewuerze tag-levante tag-levante-kueche tag-orient tag-orientalische-gewuerze tag-orientalische-kochkurse tag-pfeffer tag-quiz\" data-id=\"31456\">\n\t\t<div class=\"w-grid-item-h\">\n\t\t\t\t\t\t<div class=\"w-post-elm post_image usg_post_image_1 stretched\"><a href=\"https:\/\/www.miomente.de\/entdeckermagazin\/quiz-orientalische-gewuerze-der-duft-der-oasen\/\" aria-label=\"Quiz: Orientalische Gew\u00fcrze \u2013 Der Duft der Oasen\"><img width=\"600\" height=\"400\" src=\"https:\/\/www.miomente.de\/entdeckermagazin\/wp-content\/uploads\/2018\/09\/gewuerze-quiz-ras-el-hanout-schuessel-miomente-entdeckermagazin-2-600x400.jpg\" class=\"attachment-us_600_400_crop size-us_600_400_crop wp-post-image\" alt=\"Gew\u00fcrz-Quiz \u2013 Ras el Hanout | Entdeckermagazin Miomente\" decoding=\"async\" loading=\"lazy\" srcset=\"https:\/\/www.miomente.de\/entdeckermagazin\/wp-content\/uploads\/2018\/09\/gewuerze-quiz-ras-el-hanout-schuessel-miomente-entdeckermagazin-2-600x400.jpg 600w, https:\/\/www.miomente.de\/entdeckermagazin\/wp-content\/uploads\/2018\/09\/gewuerze-quiz-ras-el-hanout-schuessel-miomente-entdeckermagazin-2-300x200.jpg 300w, https:\/\/www.miomente.de\/entdeckermagazin\/wp-content\/uploads\/2018\/09\/gewuerze-quiz-ras-el-hanout-schuessel-miomente-entdeckermagazin-2-768x512.jpg 768w, https:\/\/www.miomente.de\/entdeckermagazin\/wp-content\/uploads\/2018\/09\/gewuerze-quiz-ras-el-hanout-schuessel-miomente-entdeckermagazin-2-1024x683.jpg 1024w\" sizes=\"(max-width: 600px) 100vw, 600px\" \/><\/a><\/div><div class=\"w-vwrapper usg_vwrapper_1 align_left valign_top\"><h2 class=\"w-post-elm post_title usg_post_title_1 align_center entry-title color_link_inherit\"><a href=\"https:\/\/www.miomente.de\/entdeckermagazin\/quiz-orientalische-gewuerze-der-duft-der-oasen\/\">Quiz: Orientalische Gew\u00fcrze \u2013 Der Duft der Oasen<\/a><\/h2><div class=\"w-post-elm post_content usg_post_content_1\">Die Orient- und Levantek\u00fcche steht gerade ganz hoch im Kurs &#8211; bist du ein Trendsetter und kennst alle dieser verf\u00fchrerisch duftenden Gew\u00fcrzmischungen&hellip;<\/div><\/div>\t\t<\/div>\n\t<\/article>\n\t<article class=\"w-grid-item post-30187 post type-post status-publish format-standard has-post-thumbnail hentry category-foodquiz category-kuechenlatein tag-bar-equipment tag-barausruestung tag-cocktails tag-eispickel tag-eiszange tag-muddler tag-quiz tag-roman-kern tag-strainer\" data-id=\"30187\">\n\t\t<div class=\"w-grid-item-h\">\n\t\t\t\t\t\t<div class=\"w-post-elm post_image usg_post_image_1 stretched\"><a href=\"https:\/\/www.miomente.de\/entdeckermagazin\/quiz-fuer-cocktailfans-was-brauche-ich-fuer-meine-hausbar\/\" aria-label=\"Quiz f\u00fcr Cocktailfans: was brauche ich f\u00fcr meine Hausbar?\"><img width=\"600\" height=\"400\" src=\"https:\/\/www.miomente.de\/entdeckermagazin\/wp-content\/uploads\/2018\/07\/bar-equipment-roman-kern-charles-hotel-entdeckermagazin-miomente-600x400.jpg\" class=\"attachment-us_600_400_crop size-us_600_400_crop wp-post-image\" alt=\"Bar-Equipment-Quiz: Was brauche ich f\u00fcr meine Hausbar \u2013 Zange, Shaker | Entdeckermagazin Miomente\" decoding=\"async\" loading=\"lazy\" \/><\/a><\/div><div class=\"w-vwrapper usg_vwrapper_1 align_left valign_top\"><h2 class=\"w-post-elm post_title usg_post_title_1 align_center entry-title color_link_inherit\"><a href=\"https:\/\/www.miomente.de\/entdeckermagazin\/quiz-fuer-cocktailfans-was-brauche-ich-fuer-meine-hausbar\/\">Quiz f\u00fcr Cocktailfans: was brauche ich f\u00fcr meine Hausbar?<\/a><\/h2><div class=\"w-post-elm post_content usg_post_content_1\">Testet euer Wissen rund um das ultimative Bar-Equipment in unserem kleinen Quiz f\u00fcr alle Cocktail-Geeks und Kenner des Shakens und Mixens.<\/div><\/div>\t\t<\/div>\n\t<\/article>\n\t<article class=\"w-grid-item post-24272 post type-post status-publish format-standard has-post-thumbnail hentry category-foodquiz category-kuechenlatein tag-botanicals tag-delicious-berlin tag-gin tag-gin-tasting tag-mazeration tag-quiz tag-tonic tag-wacholder\" data-id=\"24272\">\n\t\t<div class=\"w-grid-item-h\">\n\t\t\t\t\t\t<div class=\"w-post-elm post_image usg_post_image_1 stretched\"><a href=\"https:\/\/www.miomente.de\/entdeckermagazin\/quiz-gin-lexikon-bist-du-ein-echter-ginsider\/\" aria-label=\"Quiz: Gin-Lexikon \u2013 bist du ein echter GINsider?\"><img width=\"600\" height=\"400\" src=\"https:\/\/www.miomente.de\/entdeckermagazin\/wp-content\/uploads\/2017\/11\/gin-lexikon-kennst-du-alle-begriffe-quiz-tasting-maceration-entdeckermagazin-miomente-600x400.jpg\" class=\"attachment-us_600_400_crop size-us_600_400_crop wp-post-image\" alt=\"Gin-Lexikon: kennst du alle Begriffe und bist du ein echter GINsider? | Miomente Entdeckermagazin\" decoding=\"async\" loading=\"lazy\" srcset=\"https:\/\/www.miomente.de\/entdeckermagazin\/wp-content\/uploads\/2017\/11\/gin-lexikon-kennst-du-alle-begriffe-quiz-tasting-maceration-entdeckermagazin-miomente-600x400.jpg 600w, https:\/\/www.miomente.de\/entdeckermagazin\/wp-content\/uploads\/2017\/11\/gin-lexikon-kennst-du-alle-begriffe-quiz-tasting-maceration-entdeckermagazin-miomente-300x200.jpg 300w, https:\/\/www.miomente.de\/entdeckermagazin\/wp-content\/uploads\/2017\/11\/gin-lexikon-kennst-du-alle-begriffe-quiz-tasting-maceration-entdeckermagazin-miomente-768x512.jpg 768w, https:\/\/www.miomente.de\/entdeckermagazin\/wp-content\/uploads\/2017\/11\/gin-lexikon-kennst-du-alle-begriffe-quiz-tasting-maceration-entdeckermagazin-miomente-1024x683.jpg 1024w\" sizes=\"(max-width: 600px) 100vw, 600px\" \/><\/a><\/div><div class=\"w-vwrapper usg_vwrapper_1 align_left valign_top\"><h2 class=\"w-post-elm post_title usg_post_title_1 align_center entry-title color_link_inherit\"><a href=\"https:\/\/www.miomente.de\/entdeckermagazin\/quiz-gin-lexikon-bist-du-ein-echter-ginsider\/\">Quiz: Gin-Lexikon \u2013 bist du ein echter GINsider?<\/a><\/h2><div class=\"w-post-elm post_content usg_post_content_1\">Bist du ein echter Gin-Sider und kennst alle Fachbegriffe der Barkeeper rund um das Wacholderdestillat? Dann teste dein Wissen in unserem Gin-Quiz!&hellip;<\/div><\/div>\t\t<\/div>\n\t<\/article>\n\t<article class=\"w-grid-item size_1x1 post-15162 post type-post status-publish format-standard has-post-thumbnail hentry category-foodquiz category-kuechenlatein tag-advent tag-anis tag-backen tag-gewuerze tag-ingwer tag-kardamom tag-koriandersamen tag-muskat tag-nelke tag-piment tag-pottasche tag-quiz tag-sternanis tag-vanille tag-weihnachtsbaeckerei tag-weihnachtsgewuerze tag-zimt\" data-id=\"15162\">\n\t\t<div class=\"w-grid-item-h\">\n\t\t\t\t\t\t<div class=\"w-post-elm post_image usg_post_image_1 stretched\"><a href=\"https:\/\/www.miomente.de\/entdeckermagazin\/quiz-christmas-all-stars-kennst-du-die-beruehmtesten-weihnachtsgewuerze\/\" aria-label=\"Quiz: Christmas-All-Stars \u2013 kennst du die ber\u00fchmtesten Weihnachtsgew\u00fcrze?\"><img width=\"600\" height=\"400\" src=\"https:\/\/www.miomente.de\/entdeckermagazin\/wp-content\/uploads\/2016\/11\/weihnachtsgewuerze-quiz-miomente-600x400.jpg\" class=\"attachment-us_600_400_crop size-us_600_400_crop wp-post-image\" alt=\"Weihnachtsgew\u00fcrze f\u00fcr die Adventsb\u00e4ckerei Miomente Entdeckermagazin\" decoding=\"async\" loading=\"lazy\" srcset=\"https:\/\/www.miomente.de\/entdeckermagazin\/wp-content\/uploads\/2016\/11\/weihnachtsgewuerze-quiz-miomente-600x400.jpg 600w, https:\/\/www.miomente.de\/entdeckermagazin\/wp-content\/uploads\/2016\/11\/weihnachtsgewuerze-quiz-miomente-300x200.jpg 300w, https:\/\/www.miomente.de\/entdeckermagazin\/wp-content\/uploads\/2016\/11\/weihnachtsgewuerze-quiz-miomente-768x512.jpg 768w, https:\/\/www.miomente.de\/entdeckermagazin\/wp-content\/uploads\/2016\/11\/weihnachtsgewuerze-quiz-miomente.jpg 1000w\" sizes=\"(max-width: 600px) 100vw, 600px\" \/><\/a><\/div><div class=\"w-vwrapper usg_vwrapper_1 align_left valign_top\"><h2 class=\"w-post-elm post_title usg_post_title_1 align_center entry-title color_link_inherit\"><a href=\"https:\/\/www.miomente.de\/entdeckermagazin\/quiz-christmas-all-stars-kennst-du-die-beruehmtesten-weihnachtsgewuerze\/\">Quiz: Christmas-All-Stars \u2013 kennst du die ber\u00fchmtesten Weihnachtsgew\u00fcrze?<\/a><\/h2><div class=\"w-post-elm post_content usg_post_content_1\">Kennst du alle Weihnachtsgew\u00fcrze? In unserem Quiz kannst du dein Wissen testen! Wir haben die Allstars der Weihnachtsb\u00e4ckerei f\u00fcr euch zusammengestellt und&hellip;<\/div><\/div>\t\t<\/div>\n\t<\/article>\n\t<article class=\"w-grid-item size_1x1 post-14649 post type-post status-publish format-standard has-post-thumbnail hentry category-aus-der-heimat category-foodquiz category-kuechenlatein tag-cashew tag-cashewkerne tag-cashewnuss tag-erdnuss tag-haselnuss tag-kokos tag-kokosnuss tag-macadamia tag-maroni tag-muskat tag-muskatnuss tag-nuss tag-nuesse tag-paranuss tag-pekannuss tag-pistazie tag-walnuss\" data-id=\"14649\">\n\t\t<div class=\"w-grid-item-h\">\n\t\t\t\t\t\t<div class=\"w-post-elm post_image usg_post_image_1 stretched\"><a href=\"https:\/\/www.miomente.de\/entdeckermagazin\/pistazie-pekannuss-paranuss-welche-nusssorten-gibt-es\/\" aria-label=\"Pistazie, Pekannuss, Paranuss: Welche Nusssorten gibt es?\"><img width=\"600\" height=\"400\" src=\"https:\/\/www.miomente.de\/entdeckermagazin\/wp-content\/uploads\/2016\/11\/nusssorten-miomente-entdeckermagazin-600x400.jpg\" class=\"attachment-us_600_400_crop size-us_600_400_crop wp-post-image\" alt=\"\" decoding=\"async\" loading=\"lazy\" srcset=\"https:\/\/www.miomente.de\/entdeckermagazin\/wp-content\/uploads\/2016\/11\/nusssorten-miomente-entdeckermagazin-600x400.jpg 600w, https:\/\/www.miomente.de\/entdeckermagazin\/wp-content\/uploads\/2016\/11\/nusssorten-miomente-entdeckermagazin-300x200.jpg 300w, https:\/\/www.miomente.de\/entdeckermagazin\/wp-content\/uploads\/2016\/11\/nusssorten-miomente-entdeckermagazin-768x512.jpg 768w, https:\/\/www.miomente.de\/entdeckermagazin\/wp-content\/uploads\/2016\/11\/nusssorten-miomente-entdeckermagazin.jpg 1000w\" sizes=\"(max-width: 600px) 100vw, 600px\" \/><\/a><\/div><div class=\"w-vwrapper usg_vwrapper_1 align_left valign_top\"><h2 class=\"w-post-elm post_title usg_post_title_1 align_center entry-title color_link_inherit\"><a href=\"https:\/\/www.miomente.de\/entdeckermagazin\/pistazie-pekannuss-paranuss-welche-nusssorten-gibt-es\/\">Pistazie, Pekannuss, Paranuss: Welche Nusssorten gibt es?<\/a><\/h2><div class=\"w-post-elm post_content usg_post_content_1\">Paranuss, Pistazie, Pekannuss &#8211; N\u00fcsse sind sensationelle Energiespeicher und senken den Cholesterinspiegel. Au\u00dferdem d\u00fcrfen sie nat\u00fcrlich auf keinem Weihnachtsteller fehlen und sie&hellip;<\/div><\/div>\t\t<\/div>\n\t<\/article>\n\t<article class=\"w-grid-item size_1x1 post-13216 post type-post status-publish format-standard has-post-thumbnail hentry category-foodquiz category-kuechenlatein tag-alte-gemuesesorten tag-altes-gemuese tag-blattgemuese tag-gartenmelde tag-gemuese tag-heimisches-gemuese tag-herbst tag-pastinake tag-quiz tag-ruebe tag-ruebstiehl tag-schwarzwurzel tag-steckruebe tag-stielmus tag-topinambur tag-vergessenes-gemuese tag-wiederentdeckt tag-wurzel\" data-id=\"13216\">\n\t\t<div class=\"w-grid-item-h\">\n\t\t\t\t\t\t<div class=\"w-post-elm post_image usg_post_image_1 stretched\"><a href=\"https:\/\/www.miomente.de\/entdeckermagazin\/quiz-vergessenes-gemuese-kennt-ihr-alle-alten-sorten\/\" aria-label=\"Quiz: Vergessenes Gem\u00fcse &#8211; kennt ihr alle alten Sorten?\"><img width=\"600\" height=\"400\" src=\"https:\/\/www.miomente.de\/entdeckermagazin\/wp-content\/uploads\/2016\/08\/quiz-vergessenes-gemuese-verschiedene-gemuesesorten-miomente-entdeckermagazin-600x400.jpg\" class=\"attachment-us_600_400_crop size-us_600_400_crop wp-post-image\" alt=\"\" decoding=\"async\" loading=\"lazy\" srcset=\"https:\/\/www.miomente.de\/entdeckermagazin\/wp-content\/uploads\/2016\/08\/quiz-vergessenes-gemuese-verschiedene-gemuesesorten-miomente-entdeckermagazin-600x400.jpg 600w, https:\/\/www.miomente.de\/entdeckermagazin\/wp-content\/uploads\/2016\/08\/quiz-vergessenes-gemuese-verschiedene-gemuesesorten-miomente-entdeckermagazin-300x200.jpg 300w, https:\/\/www.miomente.de\/entdeckermagazin\/wp-content\/uploads\/2016\/08\/quiz-vergessenes-gemuese-verschiedene-gemuesesorten-miomente-entdeckermagazin-768x512.jpg 768w, https:\/\/www.miomente.de\/entdeckermagazin\/wp-content\/uploads\/2016\/08\/quiz-vergessenes-gemuese-verschiedene-gemuesesorten-miomente-entdeckermagazin.jpg 1000w\" sizes=\"(max-width: 600px) 100vw, 600px\" \/><\/a><\/div><div class=\"w-vwrapper usg_vwrapper_1 align_left valign_top\"><h2 class=\"w-post-elm post_title usg_post_title_1 align_center entry-title color_link_inherit\"><a href=\"https:\/\/www.miomente.de\/entdeckermagazin\/quiz-vergessenes-gemuese-kennt-ihr-alle-alten-sorten\/\">Quiz: Vergessenes Gem\u00fcse &#8211; kennt ihr alle alten Sorten?<\/a><\/h2><div class=\"w-post-elm post_content usg_post_content_1\">Lust auf Neues? Dann zur\u00fcck zu den Wurzeln! Unter den vergessenen Gem\u00fcsesorten aus unseren Gefilden befindet sich so manch kulinarischer Schatz. Frisch&hellip;<\/div><\/div>\t\t<\/div>\n\t<\/article>\n\t<article class=\"w-grid-item size_1x1 post-13151 post type-post status-publish format-standard has-post-thumbnail hentry category-foodquiz category-kuechenlatein tag-essigpilze tag-herbst tag-pilz tag-pilze tag-pilze-sammeln tag-quiz tag-steinpilz tag-waldpilze\" data-id=\"13151\">\n\t\t<div class=\"w-grid-item-h\">\n\t\t\t\t\t\t<div class=\"w-post-elm post_image usg_post_image_1 stretched\"><a href=\"https:\/\/www.miomente.de\/entdeckermagazin\/quiz-pilze-welcher-pilz-ist-das\/\" aria-label=\"Quiz: Heimische Waldpilze &#8211; welcher Pilz ist das?\"><img width=\"600\" height=\"400\" src=\"https:\/\/www.miomente.de\/entdeckermagazin\/wp-content\/uploads\/2016\/08\/waldpilze-pilze-sammeln-heimische-pilzsorten-miomente-entdeckermagazin-quiz-600x400.jpg\" class=\"attachment-us_600_400_crop size-us_600_400_crop wp-post-image\" alt=\"Essbare und giftige Pilze im heimischen Wald - unser Pilz-Quiz\" decoding=\"async\" loading=\"lazy\" srcset=\"https:\/\/www.miomente.de\/entdeckermagazin\/wp-content\/uploads\/2016\/08\/waldpilze-pilze-sammeln-heimische-pilzsorten-miomente-entdeckermagazin-quiz-600x400.jpg 600w, https:\/\/www.miomente.de\/entdeckermagazin\/wp-content\/uploads\/2016\/08\/waldpilze-pilze-sammeln-heimische-pilzsorten-miomente-entdeckermagazin-quiz-300x199.jpg 300w\" sizes=\"(max-width: 600px) 100vw, 600px\" \/><\/a><\/div><div class=\"w-vwrapper usg_vwrapper_1 align_left valign_top\"><h2 class=\"w-post-elm post_title usg_post_title_1 align_center entry-title color_link_inherit\"><a href=\"https:\/\/www.miomente.de\/entdeckermagazin\/quiz-pilze-welcher-pilz-ist-das\/\">Quiz: Heimische Waldpilze &#8211; welcher Pilz ist das?<\/a><\/h2><div class=\"w-post-elm post_content usg_post_content_1\">Herbstzeit ist Pilzzeit! Z\u00e4hlt auch ihr zu den Pilzsammlern, die mit Korb und Messer bewaffnet durchs Unterholz streifen und Steinpilz, Pfifferling und&hellip;<\/div><\/div>\t\t<\/div>\n\t<\/article>\n\t<article class=\"w-grid-item size_1x1 post-13042 post type-post status-publish format-standard has-post-thumbnail hentry category-foodquiz category-kuechenlatein tag-cherimoya tag-drachenfrucht tag-durian tag-exotisch tag-fruechte tag-horngure tag-jackfruit tag-karambola tag-kumquat tag-litschi tag-lychee tag-maracuja tag-nashi tag-obst tag-papaya tag-passionsfrucht tag-quiz tag-rambutan tag-schlangenfrucht tag-sternfrucht tag-tamarillo tag-tropisch\" data-id=\"13042\">\n\t\t<div class=\"w-grid-item-h\">\n\t\t\t\t\t\t<div class=\"w-post-elm post_image usg_post_image_1 stretched\"><a href=\"https:\/\/www.miomente.de\/entdeckermagazin\/quiz-exoten-und-tropische-fruechte\/\" aria-label=\"Quiz: Exoten und tropische Fr\u00fcchte\"><img width=\"600\" height=\"400\" src=\"https:\/\/www.miomente.de\/entdeckermagazin\/wp-content\/uploads\/2016\/08\/tropische-fruechte-quiz-600x400.jpg\" class=\"attachment-us_600_400_crop size-us_600_400_crop wp-post-image\" alt=\"\" decoding=\"async\" loading=\"lazy\" srcset=\"https:\/\/www.miomente.de\/entdeckermagazin\/wp-content\/uploads\/2016\/08\/tropische-fruechte-quiz-600x400.jpg 600w, https:\/\/www.miomente.de\/entdeckermagazin\/wp-content\/uploads\/2016\/08\/tropische-fruechte-quiz-300x200.jpg 300w, https:\/\/www.miomente.de\/entdeckermagazin\/wp-content\/uploads\/2016\/08\/tropische-fruechte-quiz-768x512.jpg 768w, https:\/\/www.miomente.de\/entdeckermagazin\/wp-content\/uploads\/2016\/08\/tropische-fruechte-quiz-1024x683.jpg 1024w, https:\/\/www.miomente.de\/entdeckermagazin\/wp-content\/uploads\/2016\/08\/tropische-fruechte-quiz-e1471610772512.jpg 1350w\" sizes=\"(max-width: 600px) 100vw, 600px\" \/><\/a><\/div><div class=\"w-vwrapper usg_vwrapper_1 align_left valign_top\"><h2 class=\"w-post-elm post_title usg_post_title_1 align_center entry-title color_link_inherit\"><a href=\"https:\/\/www.miomente.de\/entdeckermagazin\/quiz-exoten-und-tropische-fruechte\/\">Quiz: Exoten und tropische Fr\u00fcchte<\/a><\/h2><div class=\"w-post-elm post_content usg_post_content_1\">Buddhas Hand, Schlangenfrucht und Cherimoya: Seid ihr ein Kenner tropischer und exotische Fr\u00fcchte? Testet euer Wissen in unserem Quiz!<\/div><\/div>\t\t<\/div>\n\t<\/article>\n<\/div><div class=\"w-grid-preloader\"><div class=\"g-preloader type_1\">\n\t<div><\/div>\n<\/div>\n<\/div>\t<div class=\"w-grid-json hidden\" onclick='return {&quot;action&quot;:&quot;us_ajax_grid&quot;,&quot;ajax_url&quot;:&quot;https:\\\/\\\/www.miomente.de\\\/entdeckermagazin\\\/wp-admin\\\/admin-ajax.php&quot;,&quot;infinite_scroll&quot;:0,&quot;max_num_pages&quot;:1,&quot;pagination&quot;:&quot;none&quot;,&quot;permalink_url&quot;:&quot;https:\\\/\\\/www.miomente.de\\\/entdeckermagazin\\\/wp-json\\\/wp\\\/v2\\\/pages\\\/17059&quot;,&quot;template_vars&quot;:{&quot;columns&quot;:&quot;3&quot;,&quot;exclude_items&quot;:&quot;none&quot;,&quot;img_size&quot;:&quot;us_600_400_crop&quot;,&quot;ignore_items_size&quot;:0,&quot;items_layout&quot;:&quot;38703&quot;,&quot;items_offset&quot;:&quot;1&quot;,&quot;load_animation&quot;:&quot;none&quot;,&quot;overriding_link&quot;:&quot;none&quot;,&quot;post_id&quot;:17059,&quot;query_args&quot;:{&quot;post_type&quot;:[&quot;post&quot;],&quot;tax_query&quot;:[{&quot;taxonomy&quot;:&quot;category&quot;,&quot;field&quot;:&quot;slug&quot;,&quot;terms&quot;:[&quot;foodquiz&quot;]}],&quot;post_status&quot;:[&quot;publish&quot;],&quot;posts_per_page&quot;:&quot;500&quot;},&quot;orderby_query_args&quot;:{&quot;orderby&quot;:{&quot;date&quot;:&quot;DESC&quot;}},&quot;type&quot;:&quot;grid&quot;,&quot;us_grid_ajax_index&quot;:1,&quot;us_grid_filter_params&quot;:null,&quot;us_grid_index&quot;:1,&quot;_us_grid_post_type&quot;:&quot;post&quot;}}'><\/div>\n\t<\/div><\/div><\/div><\/div><\/div><\/div><\/div><\/div><\/div><\/div><\/section>\n","protected":false},"excerpt":{"rendered":"Drachenfrucht, Buddhas Finger und Karambola &#8211; schon die Namen exotischer und tropischer Fr\u00fcchte klingen faszinierend. Aber welche der Exoten in unserem Fr\u00fcchte-Quiz kennt ihr? Testet euer Food-Wissen und erfahrt dabei noch das ein oder andere spannende Detail zu den Fr\u00fcchten der Tropen. Was ist denn das? Kennt ihr diese exotischen Fr\u00fcchte? Schuppige K\u00f6stlichkeit aus Sumatra...","protected":false},"author":1,"featured_media":0,"parent":5455,"menu_order":0,"comment_status":"closed","ping_status":"closed","template":"","meta":[],"aioseo_notices":[],"_links":{"self":[{"href":"https:\/\/www.miomente.de\/entdeckermagazin\/wp-json\/wp\/v2\/pages\/17059"}],"collection":[{"href":"https:\/\/www.miomente.de\/entdeckermagazin\/wp-json\/wp\/v2\/pages"}],"about":[{"href":"https:\/\/www.miomente.de\/entdeckermagazin\/wp-json\/wp\/v2\/types\/page"}],"author":[{"embeddable":true,"href":"https:\/\/www.miomente.de\/entdeckermagazin\/wp-json\/wp\/v2\/users\/1"}],"replies":[{"embeddable":true,"href":"https:\/\/www.miomente.de\/entdeckermagazin\/wp-json\/wp\/v2\/comments?post=17059"}],"version-history":[{"count":0,"href":"https:\/\/www.miomente.de\/entdeckermagazin\/wp-json\/wp\/v2\/pages\/17059\/revisions"}],"up":[{"embeddable":true,"href":"https:\/\/www.miomente.de\/entdeckermagazin\/wp-json\/wp\/v2\/pages\/5455"}],"wp:attachment":[{"href":"https:\/\/www.miomente.de\/entdeckermagazin\/wp-json\/wp\/v2\/media?parent=17059"}],"curies":[{"name":"wp","href":"https:\/\/api.w.org\/{rel}","templated":true}]}}