{"id":17295,"date":"2017-07-31T15:57:40","date_gmt":"2017-07-31T13:57:40","guid":{"rendered":"http:\/\/www.miomente.de\/entdeckermagazin\/?page_id=17295"},"modified":"2022-03-09T14:55:53","modified_gmt":"2022-03-09T13:55:53","slug":"rezepte-fuer-menues","status":"publish","type":"page","link":"https:\/\/www.miomente.de\/entdeckermagazin\/kochbuch\/rezepte-fuer-menues\/","title":{"rendered":"Rezepte f\u00fcr Men\u00fcs"},"content":{"rendered":"<section class=\"l-section wpb_row height_medium with_img parallax_ver\"><div class=\"l-section-img\" data-img-width=\"2560\" data-img-height=\"1461\" style=\"background-image: url(https:\/\/www.miomente.de\/entdeckermagazin\/wp-content\/uploads\/2017\/03\/menues-rezepte-tisch-miomente-entdeckermagazin.jpg);\"><\/div><div class=\"l-section-overlay\" style=\"background:rgba(232,232,232,0.79)\"><\/div><div class=\"l-section-h i-cf\"><div class=\"g-cols vc_row via_flex valign_top type_default stacking_default\"><div class=\"vc_col-sm-12 wpb_column vc_column_container\"><div class=\"vc_column-inner\"><div class=\"wpb_wrapper\"><div class=\"wpb_text_column\"><div class=\"wpb_wrapper\"><h2>REZEPTE F\u00dcR MEN\u00dcS<\/h2>\n<\/div><\/div><div class=\"g-cols wpb_row via_flex valign_top type_default stacking_default\"><div class=\"vc_col-sm-12 wpb_column vc_column_container\"><div class=\"vc_column-inner\"><div class=\"wpb_wrapper\"><div class=\"w-grid type_grid layout_38703 cols_3 overflow_hidden\" id=\"us_grid_1\" data-filterable=\"true\"><style>#us_grid_1 .w-grid-item{padding:1rem}#us_grid_1 .w-grid-list{margin:-1rem}.w-grid + #us_grid_1 .w-grid-list,.w-grid-none + #us_grid_1 .w-grid-list{margin-top:1rem}@media (max-width:899px){#us_grid_1 .w-grid-item{width:50%}}@media (max-width:599px){#us_grid_1 .w-grid-list{margin:0}#us_grid_1 .w-grid-item{width:100%;padding:0;margin-bottom:1rem}}.layout_38703 .w-grid-item-h{background:#ffffff;color:#444444;border-radius:0.3rem;box-shadow:0 0.03rem 0.06rem rgba(0,0,0,0.1),0 0.1rem 0.3rem rgba(0,0,0,0.1);transition-duration:0.3s}.no-touch .layout_38703 .w-grid-item-h:hover{box-shadow:0 0.12rem 0.24rem rgba(0,0,0,0.1),0 0.4rem 1.2rem rgba(0,0,0,0.15);z-index:4}.layout_38703 .usg_post_content_1{text-align:center!important}<\/style><div class=\"w-grid-list\">\t<article class=\"w-grid-item size_1x1 post-45320 post type-post status-publish format-standard has-post-thumbnail hentry category-backbuch category-kochbuch category-menues tag-brunch tag-buffet tag-fingerfood tag-picknick tag-rezepte tag-wraps\" data-id=\"45320\">\n\t\t<div class=\"w-grid-item-h\">\n\t\t\t\t\t\t<div class=\"w-post-elm post_image usg_post_image_1 stretched\"><a href=\"https:\/\/www.miomente.de\/entdeckermagazin\/brunch-und-picknick-rezepte-leckere-rollen\/\" aria-label=\"Neu aufgerollt: Clevere Rezepte f\u00fcr Brunch und Picknick\"><img width=\"600\" height=\"400\" src=\"https:\/\/www.miomente.de\/entdeckermagazin\/wp-content\/uploads\/2023\/04\/familie-im-garten-600x400.jpg\" class=\"attachment-us_600_400_crop size-us_600_400_crop wp-post-image\" alt=\"Familie isst im Freien\" decoding=\"async\" loading=\"lazy\" srcset=\"https:\/\/www.miomente.de\/entdeckermagazin\/wp-content\/uploads\/2023\/04\/familie-im-garten-600x400.jpg 600w, https:\/\/www.miomente.de\/entdeckermagazin\/wp-content\/uploads\/2023\/04\/familie-im-garten-300x200.jpg 300w, https:\/\/www.miomente.de\/entdeckermagazin\/wp-content\/uploads\/2023\/04\/familie-im-garten-768x512.jpg 768w, https:\/\/www.miomente.de\/entdeckermagazin\/wp-content\/uploads\/2023\/04\/familie-im-garten.jpg 1000w\" sizes=\"(max-width: 600px) 100vw, 600px\" \/><\/a><\/div><div class=\"w-vwrapper usg_vwrapper_1 align_left valign_top\"><h2 class=\"w-post-elm post_title usg_post_title_1 align_center entry-title color_link_inherit\"><a href=\"https:\/\/www.miomente.de\/entdeckermagazin\/brunch-und-picknick-rezepte-leckere-rollen\/\">Neu aufgerollt: Clevere Rezepte f\u00fcr Brunch und Picknick<\/a><\/h2><div class=\"w-post-elm post_content usg_post_content_1\">Beim Picknick m\u00f6chte man Essen, das sich gut transportieren l\u00e4sst und nicht kleckert. Diese cleveren Rezepte sind daf\u00fcr perfekt, auch zum entspannten&hellip;<\/div><\/div>\t\t<\/div>\n\t<\/article>\n\t<article class=\"w-grid-item size_1x1 post-41584 post type-post status-publish format-standard has-post-thumbnail hentry category-kochbuch category-menues tag-gartenparty tag-picknick\" data-id=\"41584\">\n\t\t<div class=\"w-grid-item-h\">\n\t\t\t\t\t\t<div class=\"w-post-elm post_image usg_post_image_1 stretched\"><a href=\"https:\/\/www.miomente.de\/entdeckermagazin\/zehn-beste-rezepte-fuers-picknick-im-gruenen\/\" aria-label=\"Die 10 besten Rezept-Ideen f\u00fcrs Picknick im Gr\u00fcnen\"><img width=\"600\" height=\"400\" src=\"https:\/\/www.miomente.de\/entdeckermagazin\/wp-content\/uploads\/2020\/06\/picknicken-mit-feinem-fingerfood-600x400.jpg\" class=\"attachment-us_600_400_crop size-us_600_400_crop wp-post-image\" alt=\"\" decoding=\"async\" loading=\"lazy\" srcset=\"https:\/\/www.miomente.de\/entdeckermagazin\/wp-content\/uploads\/2020\/06\/picknicken-mit-feinem-fingerfood-600x400.jpg 600w, https:\/\/www.miomente.de\/entdeckermagazin\/wp-content\/uploads\/2020\/06\/picknicken-mit-feinem-fingerfood-300x200.jpg 300w, https:\/\/www.miomente.de\/entdeckermagazin\/wp-content\/uploads\/2020\/06\/picknicken-mit-feinem-fingerfood-768x512.jpg 768w, https:\/\/www.miomente.de\/entdeckermagazin\/wp-content\/uploads\/2020\/06\/picknicken-mit-feinem-fingerfood.jpg 800w\" sizes=\"(max-width: 600px) 100vw, 600px\" \/><\/a><\/div><div class=\"w-vwrapper usg_vwrapper_1 align_left valign_top\"><h2 class=\"w-post-elm post_title usg_post_title_1 align_center entry-title color_link_inherit\"><a href=\"https:\/\/www.miomente.de\/entdeckermagazin\/zehn-beste-rezepte-fuers-picknick-im-gruenen\/\">Die 10 besten Rezept-Ideen f\u00fcrs Picknick im Gr\u00fcnen<\/a><\/h2><div class=\"w-post-elm post_content usg_post_content_1\">Ob Gartenparty oder Picknick im Gr\u00fcnen: wir haben f\u00fcr euch die 10 besten Rezept-Ideen gesammelt, die ihr einfach vorbereiten und unfallfrei transportieren&hellip;<\/div><\/div>\t\t<\/div>\n\t<\/article>\n\t<article class=\"w-grid-item size_1x1 post-26252 post type-post status-publish format-standard has-post-thumbnail hentry category-kochbuch category-menues tag-ei tag-gemuese-spiral-tarte tag-karotten-tarte tag-karottenkuchen tag-oster-brunch tag-oster-rezepte tag-osterfest tag-osterlamm tag-ostern tag-ruehrei\" data-id=\"26252\">\n\t\t<div class=\"w-grid-item-h\">\n\t\t\t\t\t\t<div class=\"w-post-elm post_image usg_post_image_1 stretched\"><a href=\"https:\/\/www.miomente.de\/entdeckermagazin\/unsere-highlights-fuer-den-oster-brunch\/\" aria-label=\"Unsere Highlights f\u00fcr den Osterbrunch\"><img width=\"600\" height=\"400\" src=\"https:\/\/www.miomente.de\/entdeckermagazin\/wp-content\/uploads\/2018\/03\/osterbrunch-600x400.jpg\" class=\"attachment-us_600_400_crop size-us_600_400_crop wp-post-image\" alt=\"Osterfr\u00fchst\u00fcck\" decoding=\"async\" loading=\"lazy\" \/><\/a><\/div><div class=\"w-vwrapper usg_vwrapper_1 align_left valign_top\"><h2 class=\"w-post-elm post_title usg_post_title_1 align_center entry-title color_link_inherit\"><a href=\"https:\/\/www.miomente.de\/entdeckermagazin\/unsere-highlights-fuer-den-oster-brunch\/\">Unsere Highlights f\u00fcr den Osterbrunch<\/a><\/h2><div class=\"w-post-elm post_content usg_post_content_1\">Das sch\u00f6nste am Osterfest ist das bunte Fr\u00fchst\u00fcck mit Familie und Freunden. Im Mittelpunkt steht nat\u00fcrlich das Ei in all seinen Formen&hellip;<\/div><\/div>\t\t<\/div>\n\t<\/article>\n\t<article class=\"w-grid-item post-14241 post type-post status-publish format-standard has-post-thumbnail hentry category-kochbuch category-menues tag-apfelrotkohl tag-blaukraut tag-dessert tag-gaensebraten tag-kartoffelknoedel tag-kloesse tag-knoedel tag-petersilienwurzelsuppe tag-rotkohl tag-rotkraut tag-suppe tag-traditionelles-weihnachts-menue tag-weihnachts-menue tag-weihnachtsgans tag-weihnachtsmenue tag-zimtparfait\" data-id=\"14241\">\n\t\t<div class=\"w-grid-item-h\">\n\t\t\t\t\t\t<div class=\"w-post-elm post_image usg_post_image_1 stretched\"><a href=\"https:\/\/www.miomente.de\/entdeckermagazin\/unser-weihnachtsmenue-teil-1-das-traditionelle\/\" aria-label=\"Unser Weihnachtsmen\u00fc Teil 1 &#8211; das Traditionelle\"><img width=\"600\" height=\"400\" src=\"https:\/\/www.miomente.de\/entdeckermagazin\/wp-content\/uploads\/2016\/10\/traditionelles-weihnachtsmenue-weihnachtsgans-600x400.jpg\" class=\"attachment-us_600_400_crop size-us_600_400_crop wp-post-image\" alt=\"\" decoding=\"async\" loading=\"lazy\" \/><\/a><\/div><div class=\"w-vwrapper usg_vwrapper_1 align_left valign_top\"><h2 class=\"w-post-elm post_title usg_post_title_1 align_center entry-title color_link_inherit\"><a href=\"https:\/\/www.miomente.de\/entdeckermagazin\/unser-weihnachtsmenue-teil-1-das-traditionelle\/\">Unser Weihnachtsmen\u00fc Teil 1 &#8211; das Traditionelle<\/a><\/h2><div class=\"w-post-elm post_content usg_post_content_1\">An Weihnachten werden wir nostalgisch und tr\u00e4umen von Gro\u00dfmutters G\u00e4nsebraten, dem Duft von Zimt und Mandeln, der W\u00e4rme, die aus der K\u00fcche&hellip;<\/div><\/div>\t\t<\/div>\n\t<\/article>\n\t<article class=\"w-grid-item post-15322 post type-post status-publish format-standard has-post-thumbnail hentry category-kochbuch category-menues tag-brownies tag-hummus tag-omelett tag-rote-beete tag-tortillas tag-vegetarisch tag-vegetarische-weihnachten tag-vegetarisches-weihnachts-menue tag-weihnachten-ohne-fleisch tag-weihnachts-menue-ohne-fleisch tag-weihnachtsmenue\" data-id=\"15322\">\n\t\t<div class=\"w-grid-item-h\">\n\t\t\t\t\t\t<div class=\"w-post-elm post_image usg_post_image_1 stretched\"><a href=\"https:\/\/www.miomente.de\/entdeckermagazin\/unser-weihnachtsmenue-teil-2-das-vegetarische\/\" aria-label=\"Unser Weihnachtsmen\u00fc Teil 2 \u2013 das Vegetarische\"><img width=\"600\" height=\"400\" src=\"https:\/\/www.miomente.de\/entdeckermagazin\/wp-content\/uploads\/2016\/12\/vegetarisches-weihnachtsmenue-miomente-entdeckermagazin-pilz-omelettes-600x400.jpg\" class=\"attachment-us_600_400_crop size-us_600_400_crop wp-post-image\" alt=\"vegetarisches Weihnachts-Men\u00fc Entdeckermagazin Miomente: Omelett mit Pilzf\u00fcllung\" decoding=\"async\" loading=\"lazy\" srcset=\"https:\/\/www.miomente.de\/entdeckermagazin\/wp-content\/uploads\/2016\/12\/vegetarisches-weihnachtsmenue-miomente-entdeckermagazin-pilz-omelettes-600x400.jpg 600w, https:\/\/www.miomente.de\/entdeckermagazin\/wp-content\/uploads\/2016\/12\/vegetarisches-weihnachtsmenue-miomente-entdeckermagazin-pilz-omelettes-300x200.jpg 300w, https:\/\/www.miomente.de\/entdeckermagazin\/wp-content\/uploads\/2016\/12\/vegetarisches-weihnachtsmenue-miomente-entdeckermagazin-pilz-omelettes-768x512.jpg 768w, https:\/\/www.miomente.de\/entdeckermagazin\/wp-content\/uploads\/2016\/12\/vegetarisches-weihnachtsmenue-miomente-entdeckermagazin-pilz-omelettes.jpg 1000w\" sizes=\"(max-width: 600px) 100vw, 600px\" \/><\/a><\/div><div class=\"w-vwrapper usg_vwrapper_1 align_left valign_top\"><h2 class=\"w-post-elm post_title usg_post_title_1 align_center entry-title color_link_inherit\"><a href=\"https:\/\/www.miomente.de\/entdeckermagazin\/unser-weihnachtsmenue-teil-2-das-vegetarische\/\">Unser Weihnachtsmen\u00fc Teil 2 \u2013 das Vegetarische<\/a><\/h2><div class=\"w-post-elm post_content usg_post_content_1\">Weder Fisch noch Fleisch! Feiert mit uns vegetarische Weihnachten und lasst euch von einem vegetarischen 4 G\u00e4nge Men\u00fc kulinarisch, gesund und hochwertig&hellip;<\/div><\/div>\t\t<\/div>\n\t<\/article>\n\t<article class=\"w-grid-item post-15328 post type-post status-publish format-standard has-post-thumbnail hentry category-kochbuch category-menues tag-artischockenherzen-mit-aioli tag-chia-pudding tag-rote-bete-burger tag-superfood-zu-weihnachten tag-vegane-weihnacht tag-veganes-weihnachts-menue tag-weihnachten-frei-von-tierischen-produkten tag-weihnachten-ohne-fleisch tag-weihnachtsmenue\" data-id=\"15328\">\n\t\t<div class=\"w-grid-item-h\">\n\t\t\t\t\t\t<div class=\"w-post-elm post_image usg_post_image_1 stretched\"><a href=\"https:\/\/www.miomente.de\/entdeckermagazin\/unser-weihnachtsmenue-teil-3-das-vegane\/\" aria-label=\"Unser Weihnachtsmen\u00fc Teil 3 \u2013 das Vegane\"><img width=\"600\" height=\"400\" src=\"https:\/\/www.miomente.de\/entdeckermagazin\/wp-content\/uploads\/2016\/12\/rote-beeteburger-miomente-entdeckermagazin-1-600x400.jpg\" class=\"attachment-us_600_400_crop size-us_600_400_crop wp-post-image\" alt=\"Veganes Weihnachts-Men\u00fc: Rote-Bete-Burger-Entdeckermagazin Miomente\" decoding=\"async\" loading=\"lazy\" srcset=\"https:\/\/www.miomente.de\/entdeckermagazin\/wp-content\/uploads\/2016\/12\/rote-beeteburger-miomente-entdeckermagazin-1-600x400.jpg 600w, https:\/\/www.miomente.de\/entdeckermagazin\/wp-content\/uploads\/2016\/12\/rote-beeteburger-miomente-entdeckermagazin-1-300x200.jpg 300w, https:\/\/www.miomente.de\/entdeckermagazin\/wp-content\/uploads\/2016\/12\/rote-beeteburger-miomente-entdeckermagazin-1-768x512.jpg 768w, https:\/\/www.miomente.de\/entdeckermagazin\/wp-content\/uploads\/2016\/12\/rote-beeteburger-miomente-entdeckermagazin-1.jpg 1000w\" sizes=\"(max-width: 600px) 100vw, 600px\" \/><\/a><\/div><div class=\"w-vwrapper usg_vwrapper_1 align_left valign_top\"><h2 class=\"w-post-elm post_title usg_post_title_1 align_center entry-title color_link_inherit\"><a href=\"https:\/\/www.miomente.de\/entdeckermagazin\/unser-weihnachtsmenue-teil-3-das-vegane\/\">Unser Weihnachtsmen\u00fc Teil 3 \u2013 das Vegane<\/a><\/h2><div class=\"w-post-elm post_content usg_post_content_1\">Weihnachten ganz ohne tierische Produkte ist k\u00f6stlich und modern! Wir haben vier leckere G\u00e4nge f\u00fcr ein veganes Weihnachts-Men\u00fc entwickelt. Verw\u00f6hne dich und&hellip;<\/div><\/div>\t\t<\/div>\n\t<\/article>\n\t<article class=\"w-grid-item size_1x1 post-16118 post type-post status-publish format-standard has-post-thumbnail hentry category-kochbuch category-menues category-vegetarisch tag-14-februar tag-chocolate-lava-cake tag-dinner-fuer-verliebte tag-gelbe-tomatensuppe tag-lavacake tag-lila-risotto tag-menue-fuer-verliebte tag-rezepte tag-risotto tag-romantisches-dinner tag-rote-bete tag-rote-bete-risotto tag-valentinstag tag-valentinstag-menue\" data-id=\"16118\">\n\t\t<div class=\"w-grid-item-h\">\n\t\t\t\t\t\t<div class=\"w-post-elm post_image usg_post_image_1 stretched\"><a href=\"https:\/\/www.miomente.de\/entdeckermagazin\/essen-fuer-verliebte-menue-zum-valentinstag\/\" aria-label=\"Essen f\u00fcr Verliebte \u2013 Men\u00fc zum Valentinstag\"><img width=\"600\" height=\"400\" src=\"https:\/\/www.miomente.de\/entdeckermagazin\/wp-content\/uploads\/2017\/02\/liebespaar-hand-in-hand-600x400.jpg\" class=\"attachment-us_600_400_crop size-us_600_400_crop wp-post-image\" alt=\"Valentinstag-Dinner\" decoding=\"async\" loading=\"lazy\" \/><\/a><\/div><div class=\"w-vwrapper usg_vwrapper_1 align_left valign_top\"><h2 class=\"w-post-elm post_title usg_post_title_1 align_center entry-title color_link_inherit\"><a href=\"https:\/\/www.miomente.de\/entdeckermagazin\/essen-fuer-verliebte-menue-zum-valentinstag\/\">Essen f\u00fcr Verliebte \u2013 Men\u00fc zum Valentinstag<\/a><\/h2><div class=\"w-post-elm post_content usg_post_content_1\">Liebe geht durch den Magen. Frisch Verliebte und alle, die sich schon ewig die Treue halten, sollten sich am 14. Februar mit&hellip;<\/div><\/div>\t\t<\/div>\n\t<\/article>\n\t<article class=\"w-grid-item post-12412 post type-post status-publish format-standard has-post-thumbnail hentry category-aus-aller-welt category-kochbuch category-menues tag-arancini tag-blaetterteig tag-blutorangen tag-italienische-kueche tag-kuchen tag-orangen tag-regional tag-rezept tag-rosmarin tag-sizilianische-kueche tag-sizilien tag-tomaten tag-tomatenkuchen tag-ziegenkaese\" data-id=\"12412\">\n\t\t<div class=\"w-grid-item-h\">\n\t\t\t\t\t\t<div class=\"w-post-elm post_image usg_post_image_1 stretched\"><a href=\"https:\/\/www.miomente.de\/entdeckermagazin\/das-sizilianische-menue\/\" aria-label=\"Das sizilianische Men\u00fc\"><img width=\"600\" height=\"400\" src=\"https:\/\/www.miomente.de\/entdeckermagazin\/wp-content\/uploads\/2016\/07\/rezept-sizilianischer-orangenkuchen-kochbuch-miomente-entdeckermagazin-600x400.jpg\" class=\"attachment-us_600_400_crop size-us_600_400_crop wp-post-image\" alt=\"Rezept f\u00fcr sizilianischen Orangenkuchen\" decoding=\"async\" loading=\"lazy\" srcset=\"https:\/\/www.miomente.de\/entdeckermagazin\/wp-content\/uploads\/2016\/07\/rezept-sizilianischer-orangenkuchen-kochbuch-miomente-entdeckermagazin-600x400.jpg 600w, https:\/\/www.miomente.de\/entdeckermagazin\/wp-content\/uploads\/2016\/07\/rezept-sizilianischer-orangenkuchen-kochbuch-miomente-entdeckermagazin-300x200.jpg 300w, https:\/\/www.miomente.de\/entdeckermagazin\/wp-content\/uploads\/2016\/07\/rezept-sizilianischer-orangenkuchen-kochbuch-miomente-entdeckermagazin-768x512.jpg 768w, https:\/\/www.miomente.de\/entdeckermagazin\/wp-content\/uploads\/2016\/07\/rezept-sizilianischer-orangenkuchen-kochbuch-miomente-entdeckermagazin.jpg 1000w\" sizes=\"(max-width: 600px) 100vw, 600px\" \/><\/a><\/div><div class=\"w-vwrapper usg_vwrapper_1 align_left valign_top\"><h2 class=\"w-post-elm post_title usg_post_title_1 align_center entry-title color_link_inherit\"><a href=\"https:\/\/www.miomente.de\/entdeckermagazin\/das-sizilianische-menue\/\">Das sizilianische Men\u00fc<\/a><\/h2><div class=\"w-post-elm post_content usg_post_content_1\">Sizilien ist das Land, wo die Zitronen gl\u00fchn und die Menschen gerne s\u00fc\u00df, aber auch sehr scharf essen. Die Insel am \u00e4u\u00dferste&hellip;<\/div><\/div>\t\t<\/div>\n\t<\/article>\n<\/div><div class=\"w-grid-preloader\"><div class=\"g-preloader type_1\">\n\t<div><\/div>\n<\/div>\n<\/div>\t<div class=\"w-grid-json hidden\" onclick='return {&quot;action&quot;:&quot;us_ajax_grid&quot;,&quot;ajax_url&quot;:&quot;https:\\\/\\\/www.miomente.de\\\/entdeckermagazin\\\/wp-admin\\\/admin-ajax.php&quot;,&quot;infinite_scroll&quot;:0,&quot;max_num_pages&quot;:1,&quot;pagination&quot;:&quot;none&quot;,&quot;permalink_url&quot;:&quot;https:\\\/\\\/www.miomente.de\\\/entdeckermagazin\\\/wp-json\\\/wp\\\/v2\\\/pages\\\/17295&quot;,&quot;template_vars&quot;:{&quot;columns&quot;:&quot;3&quot;,&quot;exclude_items&quot;:&quot;none&quot;,&quot;img_size&quot;:&quot;us_600_400_crop&quot;,&quot;ignore_items_size&quot;:0,&quot;items_layout&quot;:&quot;38703&quot;,&quot;items_offset&quot;:&quot;1&quot;,&quot;load_animation&quot;:&quot;none&quot;,&quot;overriding_link&quot;:&quot;none&quot;,&quot;post_id&quot;:17295,&quot;query_args&quot;:{&quot;post_type&quot;:[&quot;post&quot;],&quot;tax_query&quot;:[{&quot;taxonomy&quot;:&quot;category&quot;,&quot;field&quot;:&quot;slug&quot;,&quot;terms&quot;:[&quot;menues&quot;]}],&quot;post_status&quot;:[&quot;publish&quot;],&quot;posts_per_page&quot;:&quot;500&quot;},&quot;orderby_query_args&quot;:{&quot;orderby&quot;:{&quot;date&quot;:&quot;DESC&quot;}},&quot;type&quot;:&quot;grid&quot;,&quot;us_grid_ajax_index&quot;:1,&quot;us_grid_filter_params&quot;:null,&quot;us_grid_index&quot;:1,&quot;_us_grid_post_type&quot;:&quot;post&quot;}}'><\/div>\n\t<\/div><\/div><\/div><\/div><\/div><\/div><\/div><\/div><\/div><\/div><\/section>\n","protected":false},"excerpt":{"rendered":"Streetfood aus Sizilien Auf der Insel im S\u00fcden Italiens gl\u00fcht der \u00c4tna und die Sonne &#8211; darum schmecken alle Gerichte aus Sizilien wie das pralle Leben. Tomaten, die vor Reife fast aus der Haut platzen, Orangen, die gro\u00df wie Handb\u00e4lle werden und Zitronen, denen ein unglaubliches Aroma innewohnt. Es gibt kaum eine K\u00fcche, die mehr...","protected":false},"author":1,"featured_media":0,"parent":43577,"menu_order":0,"comment_status":"closed","ping_status":"closed","template":"","meta":[],"aioseo_notices":[],"_links":{"self":[{"href":"https:\/\/www.miomente.de\/entdeckermagazin\/wp-json\/wp\/v2\/pages\/17295"}],"collection":[{"href":"https:\/\/www.miomente.de\/entdeckermagazin\/wp-json\/wp\/v2\/pages"}],"about":[{"href":"https:\/\/www.miomente.de\/entdeckermagazin\/wp-json\/wp\/v2\/types\/page"}],"author":[{"embeddable":true,"href":"https:\/\/www.miomente.de\/entdeckermagazin\/wp-json\/wp\/v2\/users\/1"}],"replies":[{"embeddable":true,"href":"https:\/\/www.miomente.de\/entdeckermagazin\/wp-json\/wp\/v2\/comments?post=17295"}],"version-history":[{"count":0,"href":"https:\/\/www.miomente.de\/entdeckermagazin\/wp-json\/wp\/v2\/pages\/17295\/revisions"}],"up":[{"embeddable":true,"href":"https:\/\/www.miomente.de\/entdeckermagazin\/wp-json\/wp\/v2\/pages\/43577"}],"wp:attachment":[{"href":"https:\/\/www.miomente.de\/entdeckermagazin\/wp-json\/wp\/v2\/media?parent=17295"}],"curies":[{"name":"wp","href":"https:\/\/api.w.org\/{rel}","templated":true}]}}