{"id":32580,"date":"2019-10-21T13:46:24","date_gmt":"2019-10-21T11:46:24","guid":{"rendered":"http:\/\/www.miomente.de\/entdeckermagazin\/?page_id=32580"},"modified":"2019-10-21T13:46:24","modified_gmt":"2019-10-21T11:46:24","slug":"eventlocations-in-mannheim","status":"publish","type":"page","link":"https:\/\/www.miomente.de\/entdeckermagazin\/eventlocations-in-mannheim\/","title":{"rendered":"Eventlocations in Mannheim"},"content":{"rendered":"<section class=\"l-section wpb_row height_medium\"><div class=\"l-section-h i-cf\"><div class=\"g-cols vc_row via_flex valign_top type_default stacking_default\"><div class=\"vc_col-sm-12 wpb_column vc_column_container\"><div class=\"vc_column-inner\"><div class=\"wpb_wrapper\"><div class=\"wpb_text_column\"><div class=\"wpb_wrapper\"><h2>UNSERE PARTNER IN MANNHEIM<\/h2>\n<\/div><\/div><div class=\"g-cols wpb_row via_flex valign_top type_default stacking_default\"><div class=\"vc_col-sm-12 wpb_column vc_column_container\"><div class=\"vc_column-inner\"><div class=\"wpb_wrapper\"><div class=\"w-grid type_grid layout_38703 cols_3 overflow_hidden\" id=\"us_grid_1\" data-filterable=\"true\"><style>#us_grid_1 .w-grid-item{padding:1rem}#us_grid_1 .w-grid-list{margin:-1rem}.w-grid + #us_grid_1 .w-grid-list,.w-grid-none + #us_grid_1 .w-grid-list{margin-top:1rem}@media (max-width:899px){#us_grid_1 .w-grid-item{width:50%}}@media (max-width:599px){#us_grid_1 .w-grid-list{margin:0}#us_grid_1 .w-grid-item{width:100%;padding:0;margin-bottom:1rem}}.layout_38703 .w-grid-item-h{background:#ffffff;color:#444444;border-radius:0.3rem;box-shadow:0 0.03rem 0.06rem rgba(0,0,0,0.1),0 0.1rem 0.3rem rgba(0,0,0,0.1);transition-duration:0.3s}.no-touch .layout_38703 .w-grid-item-h:hover{box-shadow:0 0.12rem 0.24rem rgba(0,0,0,0.1),0 0.4rem 1.2rem rgba(0,0,0,0.15);z-index:4}.layout_38703 .usg_post_content_1{text-align:center!important}<\/style><div class=\"w-grid-list\">\t<article class=\"w-grid-item post-7823 post type-post status-publish format-standard has-post-thumbnail hentry category-eventlocations-in-mannheim\" data-id=\"7823\">\n\t\t<div class=\"w-grid-item-h\">\n\t\t\t\t\t\t<div class=\"w-post-elm post_image usg_post_image_1 stretched\"><a href=\"https:\/\/www.miomente.de\/entdeckermagazin\/palms-cookcook-kochschule-in-mannheim\/\" aria-label=\"Palm&#8217;s Cookcook &#8211; Kochschule in Mannheim\"><img width=\"600\" height=\"400\" src=\"https:\/\/www.miomente.de\/entdeckermagazin\/wp-content\/uploads\/2016\/02\/miomente-entdeckermagazin-partner-mannheim-palms-cookcook-location-1-600x400.jpg\" class=\"attachment-us_600_400_crop size-us_600_400_crop wp-post-image\" alt=\"Palm&#039;s Cookcook in Mannheim\" decoding=\"async\" loading=\"lazy\" \/><\/a><\/div><div class=\"w-vwrapper usg_vwrapper_1 align_left valign_top\"><h2 class=\"w-post-elm post_title usg_post_title_1 align_center entry-title color_link_inherit\"><a href=\"https:\/\/www.miomente.de\/entdeckermagazin\/palms-cookcook-kochschule-in-mannheim\/\">Palm&#8217;s Cookcook &#8211; Kochschule in Mannheim<\/a><\/h2><div class=\"w-post-elm post_content usg_post_content_1\">Unsere kultige Kochlocation Palm&#8217;s Cookcook im Stil einer schicken Wohnk\u00fcche befindet sich direkt an der Fressgass im Herzen von Mannheim. Der offene&hellip;<\/div><\/div>\t\t<\/div>\n\t<\/article>\n\t<article class=\"w-grid-item post-17698 post type-post status-publish format-standard has-post-thumbnail hentry category-eventlocations-in-mannheim\" data-id=\"17698\">\n\t\t<div class=\"w-grid-item-h\">\n\t\t\t\t\t\t<div class=\"w-post-elm post_image usg_post_image_1 stretched\"><a href=\"https:\/\/www.miomente.de\/entdeckermagazin\/weinladen-mannheim\/\" aria-label=\"Weinladen Mannheim &#8211; Eventlocation in Mannheim\"><img width=\"600\" height=\"400\" src=\"https:\/\/www.miomente.de\/entdeckermagazin\/wp-content\/uploads\/2016\/03\/gewoelbekeller-mannheim-weinladen-fabian-loeffler-location-sonnenblumen-miomente-entdeckermagazin-600x400.jpg\" class=\"attachment-us_600_400_crop size-us_600_400_crop wp-post-image\" alt=\"Weinkeller Mannheim von Fabian L\u00f6ffler \u2013 Eventlocation f\u00fcr exklusive Weinseminare\" decoding=\"async\" loading=\"lazy\" srcset=\"https:\/\/www.miomente.de\/entdeckermagazin\/wp-content\/uploads\/2016\/03\/gewoelbekeller-mannheim-weinladen-fabian-loeffler-location-sonnenblumen-miomente-entdeckermagazin-600x400.jpg 600w, https:\/\/www.miomente.de\/entdeckermagazin\/wp-content\/uploads\/2016\/03\/gewoelbekeller-mannheim-weinladen-fabian-loeffler-location-sonnenblumen-miomente-entdeckermagazin-300x200.jpg 300w, https:\/\/www.miomente.de\/entdeckermagazin\/wp-content\/uploads\/2016\/03\/gewoelbekeller-mannheim-weinladen-fabian-loeffler-location-sonnenblumen-miomente-entdeckermagazin-768x512.jpg 768w, https:\/\/www.miomente.de\/entdeckermagazin\/wp-content\/uploads\/2016\/03\/gewoelbekeller-mannheim-weinladen-fabian-loeffler-location-sonnenblumen-miomente-entdeckermagazin.jpg 1000w\" sizes=\"(max-width: 600px) 100vw, 600px\" \/><\/a><\/div><div class=\"w-vwrapper usg_vwrapper_1 align_left valign_top\"><h2 class=\"w-post-elm post_title usg_post_title_1 align_center entry-title color_link_inherit\"><a href=\"https:\/\/www.miomente.de\/entdeckermagazin\/weinladen-mannheim\/\">Weinladen Mannheim &#8211; Eventlocation in Mannheim<\/a><\/h2><div class=\"w-post-elm post_content usg_post_content_1\">Der einmaliger Gew\u00f6lbekeller befindet sich mitten in Mannheim in der Plankenhofpassage. In den historischen Gem\u00e4uern darfst du dich f\u00fchlen wie in einem&hellip;<\/div><\/div>\t\t<\/div>\n\t<\/article>\n<\/div><div class=\"w-grid-preloader\"><div class=\"g-preloader type_1\">\n\t<div><\/div>\n<\/div>\n<\/div>\t<div class=\"w-grid-json hidden\" onclick='return {&quot;action&quot;:&quot;us_ajax_grid&quot;,&quot;ajax_url&quot;:&quot;https:\\\/\\\/www.miomente.de\\\/entdeckermagazin\\\/wp-admin\\\/admin-ajax.php&quot;,&quot;infinite_scroll&quot;:0,&quot;max_num_pages&quot;:1,&quot;pagination&quot;:&quot;none&quot;,&quot;permalink_url&quot;:&quot;https:\\\/\\\/www.miomente.de\\\/entdeckermagazin\\\/wp-json\\\/wp\\\/v2\\\/pages\\\/32580&quot;,&quot;template_vars&quot;:{&quot;columns&quot;:&quot;3&quot;,&quot;exclude_items&quot;:&quot;none&quot;,&quot;img_size&quot;:&quot;us_600_400_crop&quot;,&quot;ignore_items_size&quot;:0,&quot;items_layout&quot;:&quot;38703&quot;,&quot;items_offset&quot;:&quot;1&quot;,&quot;load_animation&quot;:&quot;none&quot;,&quot;overriding_link&quot;:&quot;none&quot;,&quot;post_id&quot;:32580,&quot;query_args&quot;:{&quot;post_type&quot;:[&quot;post&quot;],&quot;tax_query&quot;:[{&quot;taxonomy&quot;:&quot;category&quot;,&quot;field&quot;:&quot;slug&quot;,&quot;terms&quot;:[&quot;eventlocations-in-mannheim&quot;]}],&quot;post_status&quot;:[&quot;publish&quot;],&quot;posts_per_page&quot;:&quot;500&quot;},&quot;orderby_query_args&quot;:{&quot;orderby&quot;:{&quot;title&quot;:&quot;ASC&quot;},&quot;order&quot;:&quot;ASC&quot;},&quot;type&quot;:&quot;grid&quot;,&quot;us_grid_ajax_index&quot;:1,&quot;us_grid_filter_params&quot;:null,&quot;us_grid_index&quot;:1,&quot;_us_grid_post_type&quot;:&quot;post&quot;}}'><\/div>\n\t<\/div><\/div><\/div><\/div><\/div><\/div><\/div><\/div><\/div><\/div><\/section>\n","protected":false},"excerpt":{"rendered":"Daten zur Location: Adresse: Weinladen Mannheim, H7, 16, 68159 Mannheim Personenzahl:\u00a08 &#8211; 40 Fl\u00e4che: 100 qm Parkpl\u00e4tze:\u00a0Du\u00a0kannst die umliegenden Parkh\u00e4user zum Parken nutzen! Anfahrt mit \u00f6ffentlichen Verkehrsmitteln: Stra\u00dfenbahn bis Dalbergstr. Besonderheiten:\u00a0Diese historische Location ist zentral in der Innenstadt gelegen und\u00a0\u00fcberzeugt durch sein ganz besonderes Ambiente! Location f\u00fcr Veranstaltung anfragen Bitte f\u00fcllen Sie dieses Feld aus....","protected":false},"author":2,"featured_media":0,"parent":0,"menu_order":0,"comment_status":"closed","ping_status":"closed","template":"","meta":[],"aioseo_notices":[],"_links":{"self":[{"href":"https:\/\/www.miomente.de\/entdeckermagazin\/wp-json\/wp\/v2\/pages\/32580"}],"collection":[{"href":"https:\/\/www.miomente.de\/entdeckermagazin\/wp-json\/wp\/v2\/pages"}],"about":[{"href":"https:\/\/www.miomente.de\/entdeckermagazin\/wp-json\/wp\/v2\/types\/page"}],"author":[{"embeddable":true,"href":"https:\/\/www.miomente.de\/entdeckermagazin\/wp-json\/wp\/v2\/users\/2"}],"replies":[{"embeddable":true,"href":"https:\/\/www.miomente.de\/entdeckermagazin\/wp-json\/wp\/v2\/comments?post=32580"}],"version-history":[{"count":0,"href":"https:\/\/www.miomente.de\/entdeckermagazin\/wp-json\/wp\/v2\/pages\/32580\/revisions"}],"wp:attachment":[{"href":"https:\/\/www.miomente.de\/entdeckermagazin\/wp-json\/wp\/v2\/media?parent=32580"}],"curies":[{"name":"wp","href":"https:\/\/api.w.org\/{rel}","templated":true}]}}