{"id":5572,"date":"2016-01-25T14:49:58","date_gmt":"2016-01-25T13:49:58","guid":{"rendered":"http:\/\/www.miomente.de\/entdeckermagazin\/?page_id=5572"},"modified":"2019-10-23T09:27:49","modified_gmt":"2019-10-23T07:27:49","slug":"partner-in-berlin","status":"publish","type":"page","link":"https:\/\/www.miomente.de\/entdeckermagazin\/partner-in-berlin\/","title":{"rendered":"Partner in Berlin"},"content":{"rendered":"<section class=\"l-section wpb_row height_medium\"><div class=\"l-section-h i-cf\"><div class=\"g-cols vc_row via_flex valign_top type_default stacking_default\"><div class=\"vc_col-sm-12 wpb_column vc_column_container\"><div class=\"vc_column-inner\"><div class=\"wpb_wrapper\"><div class=\"wpb_text_column\"><div class=\"wpb_wrapper\"><h2>UNSERE PARTNER IN BERLIN<\/h2>\n<\/div><\/div><div class=\"g-cols wpb_row via_flex valign_top type_default stacking_default\"><div class=\"vc_col-sm-12 wpb_column vc_column_container\"><div class=\"vc_column-inner\"><div class=\"wpb_wrapper\"><div class=\"w-grid type_grid layout_38703 cols_3 overflow_hidden\" id=\"us_grid_1\" data-filterable=\"true\"><style>#us_grid_1 .w-grid-item{padding:1rem}#us_grid_1 .w-grid-list{margin:-1rem}.w-grid + #us_grid_1 .w-grid-list,.w-grid-none + #us_grid_1 .w-grid-list{margin-top:1rem}@media (max-width:899px){#us_grid_1 .w-grid-item{width:50%}}@media (max-width:599px){#us_grid_1 .w-grid-list{margin:0}#us_grid_1 .w-grid-item{width:100%;padding:0;margin-bottom:1rem}}.layout_38703 .w-grid-item-h{background:#ffffff;color:#444444;border-radius:0.3rem;box-shadow:0 0.03rem 0.06rem rgba(0,0,0,0.1),0 0.1rem 0.3rem rgba(0,0,0,0.1);transition-duration:0.3s}.no-touch .layout_38703 .w-grid-item-h:hover{box-shadow:0 0.12rem 0.24rem rgba(0,0,0,0.1),0 0.4rem 1.2rem rgba(0,0,0,0.15);z-index:4}.layout_38703 .usg_post_content_1{text-align:center!important}<\/style><div class=\"w-grid-list\">\t<article class=\"w-grid-item size_1x1 post-26057 post type-post status-publish format-standard has-post-thumbnail hentry category-partner category-partner-in-berlin tag-berlin tag-kochkurse tag-kurse tag-southkitchen\" data-id=\"26057\">\n\t\t<div class=\"w-grid-item-h\">\n\t\t\t\t\t\t<div class=\"w-post-elm post_image usg_post_image_1 stretched\"><a href=\"https:\/\/www.miomente.de\/entdeckermagazin\/das-team-von-southkitchen-kirsten-schwerdt-und-theresa-weber\/\" aria-label=\"Das Team von SOUTHkitchen: Kirsten Schwerdt und Theresa Weber\"><img width=\"600\" height=\"400\" src=\"https:\/\/www.miomente.de\/entdeckermagazin\/wp-content\/uploads\/2019\/10\/kochschule-southkitchen-berlin-miomente-entdeckermagazin-9-600x400.jpg\" class=\"attachment-us_600_400_crop size-us_600_400_crop wp-post-image\" alt=\"\" decoding=\"async\" loading=\"lazy\" srcset=\"https:\/\/www.miomente.de\/entdeckermagazin\/wp-content\/uploads\/2019\/10\/kochschule-southkitchen-berlin-miomente-entdeckermagazin-9-600x400.jpg 600w, https:\/\/www.miomente.de\/entdeckermagazin\/wp-content\/uploads\/2019\/10\/kochschule-southkitchen-berlin-miomente-entdeckermagazin-9-300x200.jpg 300w, https:\/\/www.miomente.de\/entdeckermagazin\/wp-content\/uploads\/2019\/10\/kochschule-southkitchen-berlin-miomente-entdeckermagazin-9-768x512.jpg 768w, https:\/\/www.miomente.de\/entdeckermagazin\/wp-content\/uploads\/2019\/10\/kochschule-southkitchen-berlin-miomente-entdeckermagazin-9.jpg 1000w\" sizes=\"(max-width: 600px) 100vw, 600px\" \/><\/a><\/div><div class=\"w-vwrapper usg_vwrapper_1 align_left valign_top\"><h2 class=\"w-post-elm post_title usg_post_title_1 align_center entry-title color_link_inherit\"><a href=\"https:\/\/www.miomente.de\/entdeckermagazin\/das-team-von-southkitchen-kirsten-schwerdt-und-theresa-weber\/\">Das Team von SOUTHkitchen: Kirsten Schwerdt und Theresa Weber<\/a><\/h2><div class=\"w-post-elm post_content usg_post_content_1\">Unsere passionierten K\u00f6chinnen und Gastgeberinnen Theresa Weber und Kirsten Schwerdt sind in der K\u00fcche virtuos aufgestellt: Egal ob vegetarisch, mediterran oder klassisch&hellip;<\/div><\/div>\t\t<\/div>\n\t<\/article>\n\t<article class=\"w-grid-item size_1x1 post-9262 post type-post status-publish format-standard has-post-thumbnail hentry category-partner-in-berlin\" data-id=\"9262\">\n\t\t<div class=\"w-grid-item-h\">\n\t\t\t\t\t\t<div class=\"w-post-elm post_image usg_post_image_1 stretched\"><a href=\"https:\/\/www.miomente.de\/entdeckermagazin\/gruender-und-inhaber-von-biolueske-frank-lueske\/\" aria-label=\"Gr\u00fcnder und Inhaber von L\u00fcske &#8211; Echte Lebensmittel: Frank L\u00fcske\"><img width=\"600\" height=\"400\" src=\"https:\/\/www.miomente.de\/entdeckermagazin\/wp-content\/uploads\/2016\/03\/miomente-partner-biolueske-frank-lueske-erdbeeren-600x400.jpg\" class=\"attachment-us_600_400_crop size-us_600_400_crop wp-post-image\" alt=\"\" decoding=\"async\" loading=\"lazy\" \/><\/a><\/div><div class=\"w-vwrapper usg_vwrapper_1 align_left valign_top\"><h2 class=\"w-post-elm post_title usg_post_title_1 align_center entry-title color_link_inherit\"><a href=\"https:\/\/www.miomente.de\/entdeckermagazin\/gruender-und-inhaber-von-biolueske-frank-lueske\/\">Gr\u00fcnder und Inhaber von L\u00fcske &#8211; Echte Lebensmittel: Frank L\u00fcske<\/a><\/h2><div class=\"w-post-elm post_content usg_post_content_1\">Gesund und lecker kochen mit Profis! Denn der Bio-Supermarkt L\u00fcske &#8211; Echte Lebensmittel, der von Frank L\u00fcske gegr\u00fcndet wurde, hat f\u00fcr jedes&hellip;<\/div><\/div>\t\t<\/div>\n\t<\/article>\n\t<article class=\"w-grid-item post-9238 post type-post status-publish format-standard has-post-thumbnail hentry category-partner-in-berlin\" data-id=\"9238\">\n\t\t<div class=\"w-grid-item-h\">\n\t\t\t\t\t\t<div class=\"w-post-elm post_image usg_post_image_1 stretched\"><a href=\"https:\/\/www.miomente.de\/entdeckermagazin\/inhaber-und-kuechenchef-alo-g-theis\/\" aria-label=\"Inhaber und K\u00fcchenchef Alo G. Theis\"><img width=\"600\" height=\"400\" src=\"https:\/\/www.miomente.de\/entdeckermagazin\/wp-content\/uploads\/2016\/03\/koch-alo-theis-kochbar-kochschule-berlin-miomente-entdeckermagazin-600x400.jpg\" class=\"attachment-us_600_400_crop size-us_600_400_crop wp-post-image\" alt=\"K\u00fcchenchef Alo G. Theis aus der Kochbar in Berlin \u2013 Kochkurse\" decoding=\"async\" loading=\"lazy\" srcset=\"https:\/\/www.miomente.de\/entdeckermagazin\/wp-content\/uploads\/2016\/03\/koch-alo-theis-kochbar-kochschule-berlin-miomente-entdeckermagazin-600x400.jpg 600w, https:\/\/www.miomente.de\/entdeckermagazin\/wp-content\/uploads\/2016\/03\/koch-alo-theis-kochbar-kochschule-berlin-miomente-entdeckermagazin-300x200.jpg 300w, https:\/\/www.miomente.de\/entdeckermagazin\/wp-content\/uploads\/2016\/03\/koch-alo-theis-kochbar-kochschule-berlin-miomente-entdeckermagazin-768x513.jpg 768w, https:\/\/www.miomente.de\/entdeckermagazin\/wp-content\/uploads\/2016\/03\/koch-alo-theis-kochbar-kochschule-berlin-miomente-entdeckermagazin.jpg 1000w\" sizes=\"(max-width: 600px) 100vw, 600px\" \/><\/a><\/div><div class=\"w-vwrapper usg_vwrapper_1 align_left valign_top\"><h2 class=\"w-post-elm post_title usg_post_title_1 align_center entry-title color_link_inherit\"><a href=\"https:\/\/www.miomente.de\/entdeckermagazin\/inhaber-und-kuechenchef-alo-g-theis\/\">Inhaber und K\u00fcchenchef Alo G. Theis<\/a><\/h2><div class=\"w-post-elm post_content usg_post_content_1\">Gemeinsames kochen und genie\u00dfen mit Profikoch und Inhaber der Kochbar in Berlin Alo G. Theis!<\/div><\/div>\t\t<\/div>\n\t<\/article>\n\t<article class=\"w-grid-item size_1x1 post-44723 post type-post status-publish format-standard has-post-thumbnail hentry category-das-interview category-partner category-partner-in-berlin tag-new-wine-glases tag-picknick-weinglaeser tag-picnic-glasses tag-pinotage tag-ramona-enache-lorenz tag-romania tag-rotwein tag-the-pointer tag-unternehmerin-wein tag-wein tag-wein-glaeser tag-weinprobe tag-wine-inventions tag-wine-picnic-glasses tag-wine-tasting-berlin\" data-id=\"44723\">\n\t\t<div class=\"w-grid-item-h\">\n\t\t\t\t\t\t<div class=\"w-post-elm post_image usg_post_image_1 stretched\"><a href=\"https:\/\/www.miomente.de\/entdeckermagazin\/ramona-enache-lorenz\/\" aria-label=\"Interview with Ramona Enache-Lorenz from &#8222;Pointer&#8220;\"><img width=\"600\" height=\"400\" src=\"https:\/\/www.miomente.de\/entdeckermagazin\/wp-content\/uploads\/2022\/11\/20220811_Ramona_profile_photo_lowres_08-600x400.jpg\" class=\"attachment-us_600_400_crop size-us_600_400_crop wp-post-image\" alt=\"\" decoding=\"async\" loading=\"lazy\" \/><\/a><\/div><div class=\"w-vwrapper usg_vwrapper_1 align_left valign_top\"><h2 class=\"w-post-elm post_title usg_post_title_1 align_center entry-title color_link_inherit\"><a href=\"https:\/\/www.miomente.de\/entdeckermagazin\/ramona-enache-lorenz\/\">Interview with Ramona Enache-Lorenz from &#8222;Pointer&#8220;<\/a><\/h2><div class=\"w-post-elm post_content usg_post_content_1\">Ramona brings a fresh breeze into the wine world with her unique wine experiences and products. She is a self-made entrepreneur and&hellip;<\/div><\/div>\t\t<\/div>\n\t<\/article>\n\t<article class=\"w-grid-item post-8682 post type-post status-publish format-standard has-post-thumbnail hentry category-partner-in-berlin\" data-id=\"8682\">\n\t\t<div class=\"w-grid-item-h\">\n\t\t\t\t\t\t<div class=\"w-post-elm post_image usg_post_image_1 stretched\"><a href=\"https:\/\/www.miomente.de\/entdeckermagazin\/jacqueline-schmieder-jordan-von-unique-berlin-events\/\" aria-label=\"Jacqueline Schmieder-Jordan von Unique Berlin Events\"><img width=\"600\" height=\"400\" src=\"https:\/\/www.miomente.de\/entdeckermagazin\/wp-content\/uploads\/2016\/03\/cocktailkurse-berlin-unique-events-chefin-jacqueline-schmieder-jordan-partner-miomente-entdeckermagazin-600x400.jpg\" class=\"attachment-us_600_400_crop size-us_600_400_crop wp-post-image\" alt=\"Cocktails mixen mit Jacqueline Schmieder-Jordan von Unique Berlin Events\" decoding=\"async\" loading=\"lazy\" srcset=\"https:\/\/www.miomente.de\/entdeckermagazin\/wp-content\/uploads\/2016\/03\/cocktailkurse-berlin-unique-events-chefin-jacqueline-schmieder-jordan-partner-miomente-entdeckermagazin-600x400.jpg 600w, https:\/\/www.miomente.de\/entdeckermagazin\/wp-content\/uploads\/2016\/03\/cocktailkurse-berlin-unique-events-chefin-jacqueline-schmieder-jordan-partner-miomente-entdeckermagazin-300x200.jpg 300w, https:\/\/www.miomente.de\/entdeckermagazin\/wp-content\/uploads\/2016\/03\/cocktailkurse-berlin-unique-events-chefin-jacqueline-schmieder-jordan-partner-miomente-entdeckermagazin-768x511.jpg 768w, https:\/\/www.miomente.de\/entdeckermagazin\/wp-content\/uploads\/2016\/03\/cocktailkurse-berlin-unique-events-chefin-jacqueline-schmieder-jordan-partner-miomente-entdeckermagazin.jpg 1000w\" sizes=\"(max-width: 600px) 100vw, 600px\" \/><\/a><\/div><div class=\"w-vwrapper usg_vwrapper_1 align_left valign_top\"><h2 class=\"w-post-elm post_title usg_post_title_1 align_center entry-title color_link_inherit\"><a href=\"https:\/\/www.miomente.de\/entdeckermagazin\/jacqueline-schmieder-jordan-von-unique-berlin-events\/\">Jacqueline Schmieder-Jordan von Unique Berlin Events<\/a><\/h2><div class=\"w-post-elm post_content usg_post_content_1\">Tauche ein in die Welt der Cocktails und lerne das Handling mit einem Shaker, dem Barequipment und diversen Flaschen. Erfahre das ein&hellip;<\/div><\/div>\t\t<\/div>\n\t<\/article>\n\t<article class=\"w-grid-item size_1x1 post-42553 post type-post status-publish format-standard has-post-thumbnail hentry category-partner category-partner-in-berlin tag-gin tag-gin-selber-machen tag-gin-tasting\" data-id=\"42553\">\n\t\t<div class=\"w-grid-item-h\">\n\t\t\t\t\t\t<div class=\"w-post-elm post_image usg_post_image_1 stretched\"><a href=\"https:\/\/www.miomente.de\/entdeckermagazin\/gin-experte-jan-kreutz-berlin-distillery\/\" aria-label=\"Jan Kreutz von der Berlin Distillery\"><img width=\"600\" height=\"400\" src=\"https:\/\/www.miomente.de\/entdeckermagazin\/wp-content\/uploads\/2021\/05\/miomente-partner-jan-kreutz-berlin-distillery-600x400.jpg\" class=\"attachment-us_600_400_crop size-us_600_400_crop wp-post-image\" alt=\"\" decoding=\"async\" loading=\"lazy\" srcset=\"https:\/\/www.miomente.de\/entdeckermagazin\/wp-content\/uploads\/2021\/05\/miomente-partner-jan-kreutz-berlin-distillery-600x400.jpg 600w, https:\/\/www.miomente.de\/entdeckermagazin\/wp-content\/uploads\/2021\/05\/miomente-partner-jan-kreutz-berlin-distillery-300x200.jpg 300w, https:\/\/www.miomente.de\/entdeckermagazin\/wp-content\/uploads\/2021\/05\/miomente-partner-jan-kreutz-berlin-distillery-768x512.jpg 768w, https:\/\/www.miomente.de\/entdeckermagazin\/wp-content\/uploads\/2021\/05\/miomente-partner-jan-kreutz-berlin-distillery.jpg 1000w\" sizes=\"(max-width: 600px) 100vw, 600px\" \/><\/a><\/div><div class=\"w-vwrapper usg_vwrapper_1 align_left valign_top\"><h2 class=\"w-post-elm post_title usg_post_title_1 align_center entry-title color_link_inherit\"><a href=\"https:\/\/www.miomente.de\/entdeckermagazin\/gin-experte-jan-kreutz-berlin-distillery\/\">Jan Kreutz von der Berlin Distillery<\/a><\/h2><div class=\"w-post-elm post_content usg_post_content_1\">Gin- und Whisky-Experte Jan Kreutz zeigt in seiner Berlin Distillery, wie vielf\u00e4ltig und spannend gute Spirits sein k\u00f6nnen. Seine eigens produzierten Gins&hellip;<\/div><\/div>\t\t<\/div>\n\t<\/article>\n\t<article class=\"w-grid-item size_1x1 post-6882 post type-post status-publish format-standard has-post-thumbnail hentry category-partner category-partner-in-berlin tag-vegan tag-vergessene-gemuesesorten tag-video\" data-id=\"6882\">\n\t\t<div class=\"w-grid-item-h\">\n\t\t\t\t\t\t<div class=\"w-post-elm post_image usg_post_image_1 stretched\"><a href=\"https:\/\/www.miomente.de\/entdeckermagazin\/koch-michael-hoffmann\/\" aria-label=\"Koch Michael Hoffmann\"><img width=\"600\" height=\"400\" src=\"https:\/\/www.miomente.de\/entdeckermagazin\/wp-content\/uploads\/2016\/02\/miomente-partner-michael-rivera-hoffmann-600x400.jpg\" class=\"attachment-us_600_400_crop size-us_600_400_crop wp-post-image\" alt=\"Michael Rivera-Hoffmann \u2013 Unser Partner von Running Papaya in Berlin\" decoding=\"async\" loading=\"lazy\" srcset=\"https:\/\/www.miomente.de\/entdeckermagazin\/wp-content\/uploads\/2016\/02\/miomente-partner-michael-rivera-hoffmann-600x400.jpg 600w, https:\/\/www.miomente.de\/entdeckermagazin\/wp-content\/uploads\/2016\/02\/miomente-partner-michael-rivera-hoffmann-300x199.jpg 300w\" sizes=\"(max-width: 600px) 100vw, 600px\" \/><\/a><\/div><div class=\"w-vwrapper usg_vwrapper_1 align_left valign_top\"><h2 class=\"w-post-elm post_title usg_post_title_1 align_center entry-title color_link_inherit\"><a href=\"https:\/\/www.miomente.de\/entdeckermagazin\/koch-michael-hoffmann\/\">Koch Michael Hoffmann<\/a><\/h2><div class=\"w-post-elm post_content usg_post_content_1\">Koch Michael Hoffmann hat seine Lebensphilosophie zur gesunden Ern\u00e4hrung auch in seinen verschiedenen Kochkursen verwirklicht: Von Low-Carb \u00fcber Paleo oder vegan bis&hellip;<\/div><\/div>\t\t<\/div>\n\t<\/article>\n\t<article class=\"w-grid-item post-9078 post type-post status-publish format-standard has-post-thumbnail hentry category-partner-in-berlin\" data-id=\"9078\">\n\t\t<div class=\"w-grid-item-h\">\n\t\t\t\t\t\t<div class=\"w-post-elm post_image usg_post_image_1 stretched\"><a href=\"https:\/\/www.miomente.de\/entdeckermagazin\/koechin-taina-guedes\/\" aria-label=\"K\u00f6chin Tain\u00e1 Guedes\"><img width=\"600\" height=\"400\" src=\"https:\/\/www.miomente.de\/entdeckermagazin\/wp-content\/uploads\/2016\/03\/miomente-partner-taina-guedes-entretempo-kitchen-gallery-chefin-600x400.jpg\" class=\"attachment-us_600_400_crop size-us_600_400_crop wp-post-image\" alt=\"\" decoding=\"async\" loading=\"lazy\" \/><\/a><\/div><div class=\"w-vwrapper usg_vwrapper_1 align_left valign_top\"><h2 class=\"w-post-elm post_title usg_post_title_1 align_center entry-title color_link_inherit\"><a href=\"https:\/\/www.miomente.de\/entdeckermagazin\/koechin-taina-guedes\/\">K\u00f6chin Tain\u00e1 Guedes<\/a><\/h2><div class=\"w-post-elm post_content usg_post_content_1\">Kunst und Essen miteinander verbinden \u2013 das ist das Konzept von Tain\u00e1 Guedes. Gemeinsam mit ihrem Team schafft sie es, auf kreative&hellip;<\/div><\/div>\t\t<\/div>\n\t<\/article>\n\t<article class=\"w-grid-item size_1x1 post-39633 post type-post status-publish format-standard has-post-thumbnail hentry category-partner category-partner-in-berlin tag-barista tag-kaffee\" data-id=\"39633\">\n\t\t<div class=\"w-grid-item-h\">\n\t\t\t\t\t\t<div class=\"w-post-elm post_image usg_post_image_1 stretched\"><a href=\"https:\/\/www.miomente.de\/entdeckermagazin\/profi-barista-kai-uwe-beyer\/\" aria-label=\"Profi-Barista Kai-Uwe Beyer\"><img width=\"600\" height=\"400\" src=\"https:\/\/www.miomente.de\/entdeckermagazin\/wp-content\/uploads\/2019\/10\/barista-kurse-berlin-godshot-coffee-klub-location-miomente-entdeckermagazin-30-600x400.jpg\" class=\"attachment-us_600_400_crop size-us_600_400_crop wp-post-image\" alt=\"\" decoding=\"async\" loading=\"lazy\" srcset=\"https:\/\/www.miomente.de\/entdeckermagazin\/wp-content\/uploads\/2019\/10\/barista-kurse-berlin-godshot-coffee-klub-location-miomente-entdeckermagazin-30-600x400.jpg 600w, https:\/\/www.miomente.de\/entdeckermagazin\/wp-content\/uploads\/2019\/10\/barista-kurse-berlin-godshot-coffee-klub-location-miomente-entdeckermagazin-30-300x200.jpg 300w, https:\/\/www.miomente.de\/entdeckermagazin\/wp-content\/uploads\/2019\/10\/barista-kurse-berlin-godshot-coffee-klub-location-miomente-entdeckermagazin-30-768x512.jpg 768w, https:\/\/www.miomente.de\/entdeckermagazin\/wp-content\/uploads\/2019\/10\/barista-kurse-berlin-godshot-coffee-klub-location-miomente-entdeckermagazin-30.jpg 1000w\" sizes=\"(max-width: 600px) 100vw, 600px\" \/><\/a><\/div><div class=\"w-vwrapper usg_vwrapper_1 align_left valign_top\"><h2 class=\"w-post-elm post_title usg_post_title_1 align_center entry-title color_link_inherit\"><a href=\"https:\/\/www.miomente.de\/entdeckermagazin\/profi-barista-kai-uwe-beyer\/\">Profi-Barista Kai-Uwe Beyer<\/a><\/h2><div class=\"w-post-elm post_content usg_post_content_1\">Kai-Uwe Beyer ist der Kaffeeliebhaber und -k\u00fcnstler hinter Godshot. Seit 2009 schult er Hobby- und Profibaristas und beobachtet in diesem Zuge gespannt&hellip;<\/div><\/div>\t\t<\/div>\n\t<\/article>\n\t<article class=\"w-grid-item size_1x1 post-45705 post type-post status-publish format-standard has-post-thumbnail hentry category-partner category-partner-in-berlin tag-frau-bunt tag-koechin tag-kochkurse tag-showkueche\" data-id=\"45705\">\n\t\t<div class=\"w-grid-item-h\">\n\t\t\t\t\t\t<div class=\"w-post-elm post_image usg_post_image_1 stretched\"><a href=\"https:\/\/www.miomente.de\/entdeckermagazin\/sandra-christen-frau-bunt\/\" aria-label=\"Sandra Anna Christen: &#8222;Frau Bunt kocht&#8220;\"><img width=\"600\" height=\"400\" src=\"https:\/\/www.miomente.de\/entdeckermagazin\/wp-content\/uploads\/2023\/08\/miomente-partner-frau-bunt-kocht-sandra-600x400.jpg\" class=\"attachment-us_600_400_crop size-us_600_400_crop wp-post-image\" alt=\"\" decoding=\"async\" loading=\"lazy\" srcset=\"https:\/\/www.miomente.de\/entdeckermagazin\/wp-content\/uploads\/2023\/08\/miomente-partner-frau-bunt-kocht-sandra-600x400.jpg 600w, https:\/\/www.miomente.de\/entdeckermagazin\/wp-content\/uploads\/2023\/08\/miomente-partner-frau-bunt-kocht-sandra-300x200.jpg 300w, https:\/\/www.miomente.de\/entdeckermagazin\/wp-content\/uploads\/2023\/08\/miomente-partner-frau-bunt-kocht-sandra-768x512.jpg 768w, https:\/\/www.miomente.de\/entdeckermagazin\/wp-content\/uploads\/2023\/08\/miomente-partner-frau-bunt-kocht-sandra.jpg 1000w\" sizes=\"(max-width: 600px) 100vw, 600px\" \/><\/a><\/div><div class=\"w-vwrapper usg_vwrapper_1 align_left valign_top\"><h2 class=\"w-post-elm post_title usg_post_title_1 align_center entry-title color_link_inherit\"><a href=\"https:\/\/www.miomente.de\/entdeckermagazin\/sandra-christen-frau-bunt\/\">Sandra Anna Christen: &#8222;Frau Bunt kocht&#8220;<\/a><\/h2><div class=\"w-post-elm post_content usg_post_content_1\">Sandra Anna Christen hat sich als &#8222;Frau Bunt&#8220; einen Namen in der Berliner Kochszene und weit dar\u00fcber hinaus gemacht. Mit ansteckender Energie&hellip;<\/div><\/div>\t\t<\/div>\n\t<\/article>\n\t<article class=\"w-grid-item size_1x1 post-19741 post type-post status-publish format-standard has-post-thumbnail hentry category-partner category-partner-in-berlin\" data-id=\"19741\">\n\t\t<div class=\"w-grid-item-h\">\n\t\t\t\t\t\t<div class=\"w-post-elm post_image usg_post_image_1 stretched\"><a href=\"https:\/\/www.miomente.de\/entdeckermagazin\/spiritiuosen-und-weinexperte-sebastian-gollas\/\" aria-label=\"Spirituosen- und Weinexperte Sebastian Gollas\"><img width=\"600\" height=\"400\" src=\"https:\/\/www.miomente.de\/entdeckermagazin\/wp-content\/uploads\/2017\/07\/delicious-berlin-wein-whisky-spirituosen-tasting-seminar-location-sebastian-gollas-miomente-entdeckermagazin-600x400.jpg\" class=\"attachment-us_600_400_crop size-us_600_400_crop wp-post-image\" alt=\"Spiritosen- &amp; Weintasting bei Sebastian Gollas im Delicious Berlin - Miomente Entdeckermagazin\" decoding=\"async\" loading=\"lazy\" srcset=\"https:\/\/www.miomente.de\/entdeckermagazin\/wp-content\/uploads\/2017\/07\/delicious-berlin-wein-whisky-spirituosen-tasting-seminar-location-sebastian-gollas-miomente-entdeckermagazin-600x400.jpg 600w, https:\/\/www.miomente.de\/entdeckermagazin\/wp-content\/uploads\/2017\/07\/delicious-berlin-wein-whisky-spirituosen-tasting-seminar-location-sebastian-gollas-miomente-entdeckermagazin-300x200.jpg 300w, https:\/\/www.miomente.de\/entdeckermagazin\/wp-content\/uploads\/2017\/07\/delicious-berlin-wein-whisky-spirituosen-tasting-seminar-location-sebastian-gollas-miomente-entdeckermagazin-768x512.jpg 768w, https:\/\/www.miomente.de\/entdeckermagazin\/wp-content\/uploads\/2017\/07\/delicious-berlin-wein-whisky-spirituosen-tasting-seminar-location-sebastian-gollas-miomente-entdeckermagazin.jpg 1000w\" sizes=\"(max-width: 600px) 100vw, 600px\" \/><\/a><\/div><div class=\"w-vwrapper usg_vwrapper_1 align_left valign_top\"><h2 class=\"w-post-elm post_title usg_post_title_1 align_center entry-title color_link_inherit\"><a href=\"https:\/\/www.miomente.de\/entdeckermagazin\/spiritiuosen-und-weinexperte-sebastian-gollas\/\">Spirituosen- und Weinexperte Sebastian Gollas<\/a><\/h2><div class=\"w-post-elm post_content usg_post_content_1\">Unser junger Veranstalter Sebastian Gollas, mit Faible f\u00fcr exzellente Spirituosen und Zigarren, hat seinen Traum von einem eigenen Laden mit gro\u00dfem Engagement&hellip;<\/div><\/div>\t\t<\/div>\n\t<\/article>\n\t<article class=\"w-grid-item post-7855 post type-post status-publish format-standard has-post-thumbnail hentry category-partner-in-berlin tag-naturwein tag-orange-wine tag-partner-in-berlin tag-veganer-wein tag-weinexperte tag-wolfgang-baumeister\" data-id=\"7855\">\n\t\t<div class=\"w-grid-item-h\">\n\t\t\t\t\t\t<div class=\"w-post-elm post_image usg_post_image_1 stretched\"><a href=\"https:\/\/www.miomente.de\/entdeckermagazin\/weinexperte-wolfgang-baumeister\/\" aria-label=\"Weinexperte Wolfgang Baumeister\"><img width=\"600\" height=\"400\" src=\"https:\/\/www.miomente.de\/entdeckermagazin\/wp-content\/uploads\/2016\/02\/weinexperte-wolfgang-baumeister-7231-600x400.jpg\" class=\"attachment-us_600_400_crop size-us_600_400_crop wp-post-image\" alt=\"Mioente-Weinexperte Wolfgang Baumeister Snnesfreuden Berlin\" decoding=\"async\" loading=\"lazy\" srcset=\"https:\/\/www.miomente.de\/entdeckermagazin\/wp-content\/uploads\/2016\/02\/weinexperte-wolfgang-baumeister-7231-600x400.jpg 600w, https:\/\/www.miomente.de\/entdeckermagazin\/wp-content\/uploads\/2016\/02\/weinexperte-wolfgang-baumeister-7231-300x200.jpg 300w, https:\/\/www.miomente.de\/entdeckermagazin\/wp-content\/uploads\/2016\/02\/weinexperte-wolfgang-baumeister-7231-768x512.jpg 768w, https:\/\/www.miomente.de\/entdeckermagazin\/wp-content\/uploads\/2016\/02\/weinexperte-wolfgang-baumeister-7231-1024x683.jpg 1024w\" sizes=\"(max-width: 600px) 100vw, 600px\" \/><\/a><\/div><div class=\"w-vwrapper usg_vwrapper_1 align_left valign_top\"><h2 class=\"w-post-elm post_title usg_post_title_1 align_center entry-title color_link_inherit\"><a href=\"https:\/\/www.miomente.de\/entdeckermagazin\/weinexperte-wolfgang-baumeister\/\">Weinexperte Wolfgang Baumeister<\/a><\/h2><div class=\"w-post-elm post_content usg_post_content_1\">Ob Orange Wine, Pinot Noir oder Cava \u2013 Wolfgang h\u00e4lt f\u00fcr Sie die beste Auswahl an Weinen bereit. Verkoste edle Tropfen, spannende&hellip;<\/div><\/div>\t\t<\/div>\n\t<\/article>\n<\/div><div class=\"w-grid-preloader\"><div class=\"g-preloader type_1\">\n\t<div><\/div>\n<\/div>\n<\/div>\t<div class=\"w-grid-json hidden\" onclick='return {&quot;action&quot;:&quot;us_ajax_grid&quot;,&quot;ajax_url&quot;:&quot;https:\\\/\\\/www.miomente.de\\\/entdeckermagazin\\\/wp-admin\\\/admin-ajax.php&quot;,&quot;infinite_scroll&quot;:0,&quot;max_num_pages&quot;:1,&quot;pagination&quot;:&quot;none&quot;,&quot;permalink_url&quot;:&quot;https:\\\/\\\/www.miomente.de\\\/entdeckermagazin\\\/wp-json\\\/wp\\\/v2\\\/pages\\\/5572&quot;,&quot;template_vars&quot;:{&quot;columns&quot;:&quot;3&quot;,&quot;exclude_items&quot;:&quot;none&quot;,&quot;img_size&quot;:&quot;us_600_400_crop&quot;,&quot;ignore_items_size&quot;:0,&quot;items_layout&quot;:&quot;38703&quot;,&quot;items_offset&quot;:&quot;1&quot;,&quot;load_animation&quot;:&quot;none&quot;,&quot;overriding_link&quot;:&quot;none&quot;,&quot;post_id&quot;:5572,&quot;query_args&quot;:{&quot;post_type&quot;:[&quot;post&quot;],&quot;tax_query&quot;:[{&quot;taxonomy&quot;:&quot;category&quot;,&quot;field&quot;:&quot;slug&quot;,&quot;terms&quot;:[&quot;partner-in-berlin&quot;]}],&quot;post_status&quot;:[&quot;publish&quot;],&quot;posts_per_page&quot;:&quot;500&quot;},&quot;orderby_query_args&quot;:{&quot;orderby&quot;:{&quot;title&quot;:&quot;ASC&quot;},&quot;order&quot;:&quot;ASC&quot;},&quot;type&quot;:&quot;grid&quot;,&quot;us_grid_ajax_index&quot;:1,&quot;us_grid_filter_params&quot;:null,&quot;us_grid_index&quot;:1,&quot;_us_grid_post_type&quot;:&quot;post&quot;}}'><\/div>\n\t<\/div><\/div><\/div><\/div><\/div><\/div><\/div><\/div><\/div><\/div><\/section>\n","protected":false},"excerpt":{"rendered":"\u00a0Steckbrief Name: Wolfgang Baumeister Beruf: Weinh\u00e4ndler und Weinexperte f\u00fcr Vin naturel, veganen Wein und Bioweine &#8222;Ich war zun\u00e4chst selbstst\u00e4ndiger Gartengestalter und begann mich\u00a0dann immer mehr auch f\u00fcr Wein zu begeistern. Ich gr\u00fcndete 2012 meinen eigenen\u00a0Weinladen namens SinnesFreude in Berlin und habe mich auf biodynamisch hergestellte Weine spezialisiert.&#8220; 12 Fragen 1. Woher kommt deine Leidenschaft zu...","protected":false},"author":1,"featured_media":0,"parent":0,"menu_order":0,"comment_status":"closed","ping_status":"closed","template":"","meta":[],"aioseo_notices":[],"_links":{"self":[{"href":"https:\/\/www.miomente.de\/entdeckermagazin\/wp-json\/wp\/v2\/pages\/5572"}],"collection":[{"href":"https:\/\/www.miomente.de\/entdeckermagazin\/wp-json\/wp\/v2\/pages"}],"about":[{"href":"https:\/\/www.miomente.de\/entdeckermagazin\/wp-json\/wp\/v2\/types\/page"}],"author":[{"embeddable":true,"href":"https:\/\/www.miomente.de\/entdeckermagazin\/wp-json\/wp\/v2\/users\/1"}],"replies":[{"embeddable":true,"href":"https:\/\/www.miomente.de\/entdeckermagazin\/wp-json\/wp\/v2\/comments?post=5572"}],"version-history":[{"count":0,"href":"https:\/\/www.miomente.de\/entdeckermagazin\/wp-json\/wp\/v2\/pages\/5572\/revisions"}],"wp:attachment":[{"href":"https:\/\/www.miomente.de\/entdeckermagazin\/wp-json\/wp\/v2\/media?parent=5572"}],"curies":[{"name":"wp","href":"https:\/\/api.w.org\/{rel}","templated":true}]}}