{"id":5577,"date":"2016-01-25T15:13:36","date_gmt":"2016-01-25T14:13:36","guid":{"rendered":"http:\/\/www.miomente.de\/entdeckermagazin\/?page_id=5577"},"modified":"2019-10-21T13:11:20","modified_gmt":"2019-10-21T11:11:20","slug":"eventlocations-in-berlin","status":"publish","type":"page","link":"https:\/\/www.miomente.de\/entdeckermagazin\/eventlocations-in-berlin\/","title":{"rendered":"Eventlocations in Berlin"},"content":{"rendered":"<section class=\"l-section wpb_row height_medium\"><div class=\"l-section-h i-cf\"><div class=\"g-cols vc_row via_flex valign_top type_default stacking_default\"><div class=\"vc_col-sm-12 wpb_column vc_column_container\"><div class=\"vc_column-inner\"><div class=\"wpb_wrapper\"><div class=\"wpb_text_column\"><div class=\"wpb_wrapper\"><h2>UNSERE EVENTLOCATIONS UND KOCHSCHULEN IN BERLIN<\/h2>\n<p><span style=\"font-weight: 400;\">Du brauchst neue Koch-Ideen, willst mehr \u00fcber eine bestimmte Rebsorte erfahren, hast Lust, dein Cocktail-Wissen zu erweitern oder deine Backk\u00fcnste zu verbessern? Dann schau dich bei uns um! Von Wein-Tastings, \u00fcber Backkurse, Gin-Proben oder Barista-Kurse, bis hin zum spektakul\u00e4ren Krimi-Dinner \u2013 bei uns werden Genusstr\u00e4ume wahr! Wir haben all unsere <a href=\"https:\/\/www.miomente.de\/berlin\/genuss-kategorien\/kochkurse\">Kochkurse in Berlin<\/a> sorgf\u00e4ltig ausgesucht und versprechen dir, es warten tolle Gastgeber mit innovativen Ideen in au\u00dfergew\u00f6hnlichen Locations, k\u00f6stliche Speisen und exklusive Getr\u00e4nke auf dich. Schnupper doch mal rein!<\/span><\/p>\n<\/div><\/div><div class=\"g-cols wpb_row via_flex valign_top type_default stacking_default\"><div class=\"vc_col-sm-12 wpb_column vc_column_container\"><div class=\"vc_column-inner\"><div class=\"wpb_wrapper\"><div class=\"w-grid type_grid layout_38703 cols_3 overflow_hidden\" id=\"us_grid_1\" data-filterable=\"true\"><style>#us_grid_1 .w-grid-item{padding:1rem}#us_grid_1 .w-grid-list{margin:-1rem}.w-grid + #us_grid_1 .w-grid-list,.w-grid-none + #us_grid_1 .w-grid-list{margin-top:1rem}@media (max-width:899px){#us_grid_1 .w-grid-item{width:50%}}@media (max-width:599px){#us_grid_1 .w-grid-list{margin:0}#us_grid_1 .w-grid-item{width:100%;padding:0;margin-bottom:1rem}}.layout_38703 .w-grid-item-h{background:#ffffff;color:#444444;border-radius:0.3rem;box-shadow:0 0.03rem 0.06rem rgba(0,0,0,0.1),0 0.1rem 0.3rem rgba(0,0,0,0.1);transition-duration:0.3s}.no-touch .layout_38703 .w-grid-item-h:hover{box-shadow:0 0.12rem 0.24rem rgba(0,0,0,0.1),0 0.4rem 1.2rem rgba(0,0,0,0.15);z-index:4}.layout_38703 .usg_post_content_1{text-align:center!important}<\/style><div class=\"w-grid-list\">\t<article class=\"w-grid-item size_1x1 post-19777 post type-post status-publish format-standard has-post-thumbnail hentry category-eventlocations category-eventlocations-in-berlin\" data-id=\"19777\">\n\t\t<div class=\"w-grid-item-h\">\n\t\t\t\t\t\t<div class=\"w-post-elm post_image usg_post_image_1 stretched\"><a href=\"https:\/\/www.miomente.de\/entdeckermagazin\/delicious-berlin-eventlocation-in-berlin\/\" aria-label=\"Delicious Berlin &#8211; Eventlocation in Berlin\"><img width=\"600\" height=\"400\" src=\"https:\/\/www.miomente.de\/entdeckermagazin\/wp-content\/uploads\/2017\/07\/delicious-berlin-wein-whisky-spirituosen-tasting-seminar-location-theke-bar-miomente-entdeckermagazin-600x400.jpg\" class=\"attachment-us_600_400_crop size-us_600_400_crop wp-post-image\" alt=\"Spiritosen- &amp; Weintasting bei Sebastian Gollas im Delicious Berlin - Miomente Entdeckermagazin\" decoding=\"async\" loading=\"lazy\" srcset=\"https:\/\/www.miomente.de\/entdeckermagazin\/wp-content\/uploads\/2017\/07\/delicious-berlin-wein-whisky-spirituosen-tasting-seminar-location-theke-bar-miomente-entdeckermagazin-600x400.jpg 600w, https:\/\/www.miomente.de\/entdeckermagazin\/wp-content\/uploads\/2017\/07\/delicious-berlin-wein-whisky-spirituosen-tasting-seminar-location-theke-bar-miomente-entdeckermagazin-300x200.jpg 300w, https:\/\/www.miomente.de\/entdeckermagazin\/wp-content\/uploads\/2017\/07\/delicious-berlin-wein-whisky-spirituosen-tasting-seminar-location-theke-bar-miomente-entdeckermagazin-768x512.jpg 768w, https:\/\/www.miomente.de\/entdeckermagazin\/wp-content\/uploads\/2017\/07\/delicious-berlin-wein-whisky-spirituosen-tasting-seminar-location-theke-bar-miomente-entdeckermagazin.jpg 1000w\" sizes=\"(max-width: 600px) 100vw, 600px\" \/><\/a><\/div><div class=\"w-vwrapper usg_vwrapper_1 align_left valign_top\"><h2 class=\"w-post-elm post_title usg_post_title_1 align_center entry-title color_link_inherit\"><a href=\"https:\/\/www.miomente.de\/entdeckermagazin\/delicious-berlin-eventlocation-in-berlin\/\">Delicious Berlin &#8211; Eventlocation in Berlin<\/a><\/h2><div class=\"w-post-elm post_content usg_post_content_1\">Genie\u00dfe die entspannte Atmosph\u00e4re dieser Location und vergesse f\u00fcr einen Augenblick die Welt um dich herum. In Berlin-Wilmersdorf findest du diese tolle&hellip;<\/div><\/div>\t\t<\/div>\n\t<\/article>\n\t<article class=\"w-grid-item post-12935 post type-post status-publish format-standard has-post-thumbnail hentry category-eventlocations-in-berlin\" data-id=\"12935\">\n\t\t<div class=\"w-grid-item-h\">\n\t\t\t\t\t\t<div class=\"w-post-elm post_image usg_post_image_1 stretched\"><a href=\"https:\/\/www.miomente.de\/entdeckermagazin\/friedrichs-wirtschaft-eventlocation-in-berlin\/\" aria-label=\"FRIEDRICHS Wirtschaft &#8211; Eventlocation in Berlin\"><img width=\"600\" height=\"400\" src=\"https:\/\/www.miomente.de\/entdeckermagazin\/wp-content\/uploads\/2016\/06\/miomente-partner-berlin-freidrichs-wirtschaft-location-600x400.png\" class=\"attachment-us_600_400_crop size-us_600_400_crop wp-post-image\" alt=\"\" decoding=\"async\" loading=\"lazy\" srcset=\"https:\/\/www.miomente.de\/entdeckermagazin\/wp-content\/uploads\/2016\/06\/miomente-partner-berlin-freidrichs-wirtschaft-location-600x400.png 600w, https:\/\/www.miomente.de\/entdeckermagazin\/wp-content\/uploads\/2016\/06\/miomente-partner-berlin-freidrichs-wirtschaft-location-300x199.png 300w\" sizes=\"(max-width: 600px) 100vw, 600px\" \/><\/a><\/div><div class=\"w-vwrapper usg_vwrapper_1 align_left valign_top\"><h2 class=\"w-post-elm post_title usg_post_title_1 align_center entry-title color_link_inherit\"><a href=\"https:\/\/www.miomente.de\/entdeckermagazin\/friedrichs-wirtschaft-eventlocation-in-berlin\/\">FRIEDRICHS Wirtschaft &#8211; Eventlocation in Berlin<\/a><\/h2><div class=\"w-post-elm post_content usg_post_content_1\">FRIEDRICHS Wirtschaft ist ein Ort f\u00fcr alle Exilfranken und Freunde des guten Geschmacks, die gute deutsche K\u00fcche mit fr\u00e4nkischem Einschlag lieben!<\/div><\/div>\t\t<\/div>\n\t<\/article>\n\t<article class=\"w-grid-item size_1x1 post-39251 post type-post status-publish format-standard has-post-thumbnail hentry category-eventlocations category-eventlocations-in-berlin tag-eventlocation tag-events tag-location\" data-id=\"39251\">\n\t\t<div class=\"w-grid-item-h\">\n\t\t\t\t\t\t<div class=\"w-post-elm post_image usg_post_image_1 stretched\"><a href=\"https:\/\/www.miomente.de\/entdeckermagazin\/godshot-coffee-lab-barista-schule-eventlocation-in-berlin\/\" aria-label=\"Godshot Coffee Lab \u2013 Barista-Schule &#038; Eventlocation in Berlin\"><img width=\"600\" height=\"400\" src=\"https:\/\/www.miomente.de\/entdeckermagazin\/wp-content\/uploads\/2019\/10\/barista-kurse-berlin-godshot-coffee-klub-location-miomente-entdeckermagazin-33-a-600x400.jpg\" class=\"attachment-us_600_400_crop size-us_600_400_crop wp-post-image\" alt=\"\" decoding=\"async\" loading=\"lazy\" srcset=\"https:\/\/www.miomente.de\/entdeckermagazin\/wp-content\/uploads\/2019\/10\/barista-kurse-berlin-godshot-coffee-klub-location-miomente-entdeckermagazin-33-a-600x400.jpg 600w, https:\/\/www.miomente.de\/entdeckermagazin\/wp-content\/uploads\/2019\/10\/barista-kurse-berlin-godshot-coffee-klub-location-miomente-entdeckermagazin-33-a-300x200.jpg 300w, https:\/\/www.miomente.de\/entdeckermagazin\/wp-content\/uploads\/2019\/10\/barista-kurse-berlin-godshot-coffee-klub-location-miomente-entdeckermagazin-33-a-768x512.jpg 768w, https:\/\/www.miomente.de\/entdeckermagazin\/wp-content\/uploads\/2019\/10\/barista-kurse-berlin-godshot-coffee-klub-location-miomente-entdeckermagazin-33-a.jpg 1000w\" sizes=\"(max-width: 600px) 100vw, 600px\" \/><\/a><\/div><div class=\"w-vwrapper usg_vwrapper_1 align_left valign_top\"><h2 class=\"w-post-elm post_title usg_post_title_1 align_center entry-title color_link_inherit\"><a href=\"https:\/\/www.miomente.de\/entdeckermagazin\/godshot-coffee-lab-barista-schule-eventlocation-in-berlin\/\">Godshot Coffee Lab \u2013 Barista-Schule &#038; Eventlocation in Berlin<\/a><\/h2><div class=\"w-post-elm post_content usg_post_content_1\">Im stylischen Godshot Kaffeelabor im Prenzlauer Berg lernen Sie vollkommenen, tiefschwarzen fast \u00f6ligen Espresso (was im Kaffeejargon als Godshot bezeichnet wird) zuzubereiten.<\/div><\/div>\t\t<\/div>\n\t<\/article>\n\t<article class=\"w-grid-item post-8235 post type-post status-publish format-standard has-post-thumbnail hentry category-eventlocations-in-berlin\" data-id=\"8235\">\n\t\t<div class=\"w-grid-item-h\">\n\t\t\t\t\t\t<div class=\"w-post-elm post_image usg_post_image_1 stretched\"><a href=\"https:\/\/www.miomente.de\/entdeckermagazin\/kochbar-kochschule-in-berlin-mitte\/\" aria-label=\"Kochbar \u2013 Kochschule in Berlin-Mitte\"><img width=\"600\" height=\"400\" src=\"https:\/\/www.miomente.de\/entdeckermagazin\/wp-content\/uploads\/2016\/03\/kochschule-kochbar-berlin-600x400.jpg\" class=\"attachment-us_600_400_crop size-us_600_400_crop wp-post-image\" alt=\"Kochbar Kochschule in Berlin-Mitte\" decoding=\"async\" loading=\"lazy\" srcset=\"https:\/\/www.miomente.de\/entdeckermagazin\/wp-content\/uploads\/2016\/03\/kochschule-kochbar-berlin-600x400.jpg 600w, https:\/\/www.miomente.de\/entdeckermagazin\/wp-content\/uploads\/2016\/03\/kochschule-kochbar-berlin-300x200.jpg 300w, https:\/\/www.miomente.de\/entdeckermagazin\/wp-content\/uploads\/2016\/03\/kochschule-kochbar-berlin.jpg 601w\" sizes=\"(max-width: 600px) 100vw, 600px\" \/><\/a><\/div><div class=\"w-vwrapper usg_vwrapper_1 align_left valign_top\"><h2 class=\"w-post-elm post_title usg_post_title_1 align_center entry-title color_link_inherit\"><a href=\"https:\/\/www.miomente.de\/entdeckermagazin\/kochbar-kochschule-in-berlin-mitte\/\">Kochbar \u2013 Kochschule in Berlin-Mitte<\/a><\/h2><div class=\"w-post-elm post_content usg_post_content_1\">&#8222;Weil Kochen mehr ist als nur die Zubereitung von Speisen!&#8220; Kochen sie im Team, mit der Firma oder privat in der Kochbar&hellip;<\/div><\/div>\t\t<\/div>\n\t<\/article>\n\t<article class=\"w-grid-item size_1x1 post-8933 post type-post status-publish format-standard has-post-thumbnail hentry category-eventlocations-in-berlin\" data-id=\"8933\">\n\t\t<div class=\"w-grid-item-h\">\n\t\t\t\t\t\t<div class=\"w-post-elm post_image usg_post_image_1 stretched\"><a href=\"https:\/\/www.miomente.de\/entdeckermagazin\/biolueske-kochschule-eventlocation-in-berlin-lichterfelde\/\" aria-label=\"L\u00fcske &#8211; Echte Lebensmittel &#8211; Kochschule &#038; Eventlocation in Berlin-Lichterfelde\"><img width=\"600\" height=\"400\" src=\"https:\/\/www.miomente.de\/entdeckermagazin\/wp-content\/uploads\/2016\/03\/miomente-partner-biolueske-frank-lueske-kochkurs-tisch-fleisch-messer-600x400.jpg\" class=\"attachment-us_600_400_crop size-us_600_400_crop wp-post-image\" alt=\"\" decoding=\"async\" loading=\"lazy\" srcset=\"https:\/\/www.miomente.de\/entdeckermagazin\/wp-content\/uploads\/2016\/03\/miomente-partner-biolueske-frank-lueske-kochkurs-tisch-fleisch-messer-600x400.jpg 600w, https:\/\/www.miomente.de\/entdeckermagazin\/wp-content\/uploads\/2016\/03\/miomente-partner-biolueske-frank-lueske-kochkurs-tisch-fleisch-messer-300x199.jpg 300w\" sizes=\"(max-width: 600px) 100vw, 600px\" \/><\/a><\/div><div class=\"w-vwrapper usg_vwrapper_1 align_left valign_top\"><h2 class=\"w-post-elm post_title usg_post_title_1 align_center entry-title color_link_inherit\"><a href=\"https:\/\/www.miomente.de\/entdeckermagazin\/biolueske-kochschule-eventlocation-in-berlin-lichterfelde\/\">L\u00fcske &#8211; Echte Lebensmittel &#8211; Kochschule &#038; Eventlocation in Berlin-Lichterfelde<\/a><\/h2><div class=\"w-post-elm post_content usg_post_content_1\">Kochen im Kino? Das k\u00f6nnen Sie in unserer einzigartigen Kochschule L\u00fcske &#8211; Echte Lebensmittel in Berlin Lichterfelde-West. Auf der Empore eines ehemaligen&hellip;<\/div><\/div>\t\t<\/div>\n\t<\/article>\n\t<article class=\"w-grid-item size_1x1 post-6208 post type-post status-publish format-standard has-post-thumbnail hentry category-eventlocations-in-berlin\" data-id=\"6208\">\n\t\t<div class=\"w-grid-item-h\">\n\t\t\t\t\t\t<div class=\"w-post-elm post_image usg_post_image_1 stretched\"><a href=\"https:\/\/www.miomente.de\/entdeckermagazin\/running-papaya-kochschule-in-berlin-schoeneberg\/\" aria-label=\"Running Papaya &#8211; Kochschule in Berlin-Sch\u00f6neberg\"><img width=\"600\" height=\"400\" src=\"https:\/\/www.miomente.de\/entdeckermagazin\/wp-content\/uploads\/2016\/02\/miomente-partner-michael-rivera-hoffmann-kueche-tisch-600x400.jpg\" class=\"attachment-us_600_400_crop size-us_600_400_crop wp-post-image\" alt=\"Kochen bei Michael Rivera-Hoffmann und Esben Aalvik bei &quot;Running Papaya&quot; in Berlin - Low Carb und vergessene Gem\u00fcsesorten | Miomente Entdeckermagazin\" decoding=\"async\" loading=\"lazy\" srcset=\"https:\/\/www.miomente.de\/entdeckermagazin\/wp-content\/uploads\/2016\/02\/miomente-partner-michael-rivera-hoffmann-kueche-tisch-600x400.jpg 600w, https:\/\/www.miomente.de\/entdeckermagazin\/wp-content\/uploads\/2016\/02\/miomente-partner-michael-rivera-hoffmann-kueche-tisch-300x199.jpg 300w\" sizes=\"(max-width: 600px) 100vw, 600px\" \/><\/a><\/div><div class=\"w-vwrapper usg_vwrapper_1 align_left valign_top\"><h2 class=\"w-post-elm post_title usg_post_title_1 align_center entry-title color_link_inherit\"><a href=\"https:\/\/www.miomente.de\/entdeckermagazin\/running-papaya-kochschule-in-berlin-schoeneberg\/\">Running Papaya &#8211; Kochschule in Berlin-Sch\u00f6neberg<\/a><\/h2><div class=\"w-post-elm post_content usg_post_content_1\">Die Berliner Kochschule Running Papaya am Nollendorfplatz in Sch\u00f6neberg bietet in ihren modern eingerichteten R\u00e4umen eine Vielzahl an Kochkursen rund um gesunden&hellip;<\/div><\/div>\t\t<\/div>\n\t<\/article>\n\t<article class=\"w-grid-item size_1x1 post-8970 post type-post status-publish format-standard has-post-thumbnail hentry category-eventlocations-in-berlin\" data-id=\"8970\">\n\t\t<div class=\"w-grid-item-h\">\n\t\t\t\t\t\t<div class=\"w-post-elm post_image usg_post_image_1 stretched\"><a href=\"https:\/\/www.miomente.de\/entdeckermagazin\/sinnesfreude-weinladen-in-berlin-neukoelln\/\" aria-label=\"SinnesFreude &#8211; Weinladen in Berlin-Neuk\u00f6lln\"><img width=\"600\" height=\"400\" src=\"https:\/\/www.miomente.de\/entdeckermagazin\/wp-content\/uploads\/2016\/03\/SinnesFreude-Berlin-Location.jpg\" class=\"attachment-us_600_400_crop size-us_600_400_crop wp-post-image\" alt=\"Genie\u00dfen in der SinnesFreude\" decoding=\"async\" loading=\"lazy\" srcset=\"https:\/\/www.miomente.de\/entdeckermagazin\/wp-content\/uploads\/2016\/03\/SinnesFreude-Berlin-Location.jpg 600w, https:\/\/www.miomente.de\/entdeckermagazin\/wp-content\/uploads\/2016\/03\/SinnesFreude-Berlin-Location-300x200.jpg 300w\" sizes=\"(max-width: 600px) 100vw, 600px\" \/><\/a><\/div><div class=\"w-vwrapper usg_vwrapper_1 align_left valign_top\"><h2 class=\"w-post-elm post_title usg_post_title_1 align_center entry-title color_link_inherit\"><a href=\"https:\/\/www.miomente.de\/entdeckermagazin\/sinnesfreude-weinladen-in-berlin-neukoelln\/\">SinnesFreude &#8211; Weinladen in Berlin-Neuk\u00f6lln<\/a><\/h2><div class=\"w-post-elm post_content usg_post_content_1\">Unser Weinladen in Berlin-Neuk\u00f6lln bietet nicht nur angesagte, k\u00f6stliche Weine sondern auch einen sympathischen und passionierten Weinprofi &#8211; definitiv einen Besuch wert!<\/div><\/div>\t\t<\/div>\n\t<\/article>\n\t<article class=\"w-grid-item size_1x1 post-39330 post type-post status-publish format-standard has-post-thumbnail hentry category-eventlocations category-eventlocations-in-berlin tag-berlin tag-eventlocation tag-events tag-kochschule tag-location tag-southkitchen\" data-id=\"39330\">\n\t\t<div class=\"w-grid-item-h\">\n\t\t\t\t\t\t<div class=\"w-post-elm post_image usg_post_image_1 stretched\"><a href=\"https:\/\/www.miomente.de\/entdeckermagazin\/southkitchen-kochschule-eventlocation-in-berlin\/\" aria-label=\"SOUTHkitchen \u2013 Kochschule &#038; Eventlocation in Berlin\"><img width=\"600\" height=\"400\" src=\"https:\/\/www.miomente.de\/entdeckermagazin\/wp-content\/uploads\/2019\/10\/kochschule-southkitchen-berlin-miomente-entdeckermagazin-7-600x400.jpg\" class=\"attachment-us_600_400_crop size-us_600_400_crop wp-post-image\" alt=\"\" decoding=\"async\" loading=\"lazy\" srcset=\"https:\/\/www.miomente.de\/entdeckermagazin\/wp-content\/uploads\/2019\/10\/kochschule-southkitchen-berlin-miomente-entdeckermagazin-7-600x400.jpg 600w, https:\/\/www.miomente.de\/entdeckermagazin\/wp-content\/uploads\/2019\/10\/kochschule-southkitchen-berlin-miomente-entdeckermagazin-7-300x201.jpg 300w, https:\/\/www.miomente.de\/entdeckermagazin\/wp-content\/uploads\/2019\/10\/kochschule-southkitchen-berlin-miomente-entdeckermagazin-7.jpg 1000w\" sizes=\"(max-width: 600px) 100vw, 600px\" \/><\/a><\/div><div class=\"w-vwrapper usg_vwrapper_1 align_left valign_top\"><h2 class=\"w-post-elm post_title usg_post_title_1 align_center entry-title color_link_inherit\"><a href=\"https:\/\/www.miomente.de\/entdeckermagazin\/southkitchen-kochschule-eventlocation-in-berlin\/\">SOUTHkitchen \u2013 Kochschule &#038; Eventlocation in Berlin<\/a><\/h2><div class=\"w-post-elm post_content usg_post_content_1\">Die Kombination von Kochen und Sport war noch nie so einfach wie bei unserer Genuss-Location: Das ger\u00e4umige und gro\u00dfz\u00fcgige Loft im S\u00fcden&hellip;<\/div><\/div>\t\t<\/div>\n\t<\/article>\n\t<article class=\"w-grid-item post-18053 post type-post status-publish format-standard has-post-thumbnail hentry category-eventlocations-in-berlin tag-cocktail tag-cocktailkurs\" data-id=\"18053\">\n\t\t<div class=\"w-grid-item-h\">\n\t\t\t\t\t\t<div class=\"w-post-elm post_image usg_post_image_1 stretched\"><a href=\"https:\/\/www.miomente.de\/entdeckermagazin\/eventlocation-unique-berlin-events\/\" aria-label=\"Unique Berlin Events | N.N.Rooms \u2013 Eventlocation in Berlin\"><img width=\"600\" height=\"400\" src=\"https:\/\/www.miomente.de\/entdeckermagazin\/wp-content\/uploads\/2017\/04\/cocktailkurse-berlin-unique-events-chefin-jacqueline-schmieder-jordan-bar-miomente-entdeckermagazin-600x400.jpg\" class=\"attachment-us_600_400_crop size-us_600_400_crop wp-post-image\" alt=\"Cocktails mixen mit Jacqueline Schmieder-Jordan von Unique Berlin Events\" decoding=\"async\" loading=\"lazy\" srcset=\"https:\/\/www.miomente.de\/entdeckermagazin\/wp-content\/uploads\/2017\/04\/cocktailkurse-berlin-unique-events-chefin-jacqueline-schmieder-jordan-bar-miomente-entdeckermagazin-600x400.jpg 600w, https:\/\/www.miomente.de\/entdeckermagazin\/wp-content\/uploads\/2017\/04\/cocktailkurse-berlin-unique-events-chefin-jacqueline-schmieder-jordan-bar-miomente-entdeckermagazin-300x200.jpg 300w, https:\/\/www.miomente.de\/entdeckermagazin\/wp-content\/uploads\/2017\/04\/cocktailkurse-berlin-unique-events-chefin-jacqueline-schmieder-jordan-bar-miomente-entdeckermagazin-768x512.jpg 768w, https:\/\/www.miomente.de\/entdeckermagazin\/wp-content\/uploads\/2017\/04\/cocktailkurse-berlin-unique-events-chefin-jacqueline-schmieder-jordan-bar-miomente-entdeckermagazin.jpg 1000w\" sizes=\"(max-width: 600px) 100vw, 600px\" \/><\/a><\/div><div class=\"w-vwrapper usg_vwrapper_1 align_left valign_top\"><h2 class=\"w-post-elm post_title usg_post_title_1 align_center entry-title color_link_inherit\"><a href=\"https:\/\/www.miomente.de\/entdeckermagazin\/eventlocation-unique-berlin-events\/\">Unique Berlin Events | N.N.Rooms \u2013 Eventlocation in Berlin<\/a><\/h2><div class=\"w-post-elm post_content usg_post_content_1\">Vom Sex on the Beach bis hin zum Long Island Ice Tea \u2013 in unserer hippen Genussbar bleibt kein Mund trocken. Mit&hellip;<\/div><\/div>\t\t<\/div>\n\t<\/article>\n<\/div><div class=\"w-grid-preloader\"><div class=\"g-preloader type_1\">\n\t<div><\/div>\n<\/div>\n<\/div>\t<div class=\"w-grid-json hidden\" onclick='return {&quot;action&quot;:&quot;us_ajax_grid&quot;,&quot;ajax_url&quot;:&quot;https:\\\/\\\/www.miomente.de\\\/entdeckermagazin\\\/wp-admin\\\/admin-ajax.php&quot;,&quot;infinite_scroll&quot;:0,&quot;max_num_pages&quot;:1,&quot;pagination&quot;:&quot;none&quot;,&quot;permalink_url&quot;:&quot;https:\\\/\\\/www.miomente.de\\\/entdeckermagazin\\\/wp-json\\\/wp\\\/v2\\\/pages\\\/5577&quot;,&quot;template_vars&quot;:{&quot;columns&quot;:&quot;3&quot;,&quot;exclude_items&quot;:&quot;none&quot;,&quot;img_size&quot;:&quot;us_600_400_crop&quot;,&quot;ignore_items_size&quot;:0,&quot;items_layout&quot;:&quot;38703&quot;,&quot;items_offset&quot;:&quot;1&quot;,&quot;load_animation&quot;:&quot;none&quot;,&quot;overriding_link&quot;:&quot;none&quot;,&quot;post_id&quot;:5577,&quot;query_args&quot;:{&quot;post_type&quot;:[&quot;post&quot;],&quot;tax_query&quot;:[{&quot;taxonomy&quot;:&quot;category&quot;,&quot;field&quot;:&quot;slug&quot;,&quot;terms&quot;:[&quot;eventlocations-in-berlin&quot;]}],&quot;post_status&quot;:[&quot;publish&quot;],&quot;posts_per_page&quot;:&quot;500&quot;},&quot;orderby_query_args&quot;:{&quot;orderby&quot;:{&quot;title&quot;:&quot;ASC&quot;},&quot;order&quot;:&quot;ASC&quot;},&quot;type&quot;:&quot;grid&quot;,&quot;us_grid_ajax_index&quot;:1,&quot;us_grid_filter_params&quot;:null,&quot;us_grid_index&quot;:1,&quot;_us_grid_post_type&quot;:&quot;post&quot;}}'><\/div>\n\t<\/div><\/div><\/div><\/div><\/div><\/div><\/div><\/div><\/div><\/div><\/section>\n","protected":false},"excerpt":{"rendered":"Daten zur Location: Adresse:\u00a0Unique Berlin Events | N.N.Rooms, M\u00f6ckernstr. 68, 10965 Berlin Personenzahl:\u00a06 bis 30 Besonderheiten: Vom Sex on the Beach bis hin zum Long Island Ice Tea \u2013 in unserer hippen Genussbar bleibt kein Mund trocken. Mit jede Menge Charme, Kreativit\u00e4t und einer umfangreichen Ausstattung werden hier Anf\u00e4nger in die Kunst der Cocktailzubereitung eingeweiht...","protected":false},"author":1,"featured_media":5032,"parent":0,"menu_order":0,"comment_status":"closed","ping_status":"closed","template":"","meta":[],"aioseo_notices":[],"_links":{"self":[{"href":"https:\/\/www.miomente.de\/entdeckermagazin\/wp-json\/wp\/v2\/pages\/5577"}],"collection":[{"href":"https:\/\/www.miomente.de\/entdeckermagazin\/wp-json\/wp\/v2\/pages"}],"about":[{"href":"https:\/\/www.miomente.de\/entdeckermagazin\/wp-json\/wp\/v2\/types\/page"}],"author":[{"embeddable":true,"href":"https:\/\/www.miomente.de\/entdeckermagazin\/wp-json\/wp\/v2\/users\/1"}],"replies":[{"embeddable":true,"href":"https:\/\/www.miomente.de\/entdeckermagazin\/wp-json\/wp\/v2\/comments?post=5577"}],"version-history":[{"count":0,"href":"https:\/\/www.miomente.de\/entdeckermagazin\/wp-json\/wp\/v2\/pages\/5577\/revisions"}],"wp:featuredmedia":[{"embeddable":true,"href":"https:\/\/www.miomente.de\/entdeckermagazin\/wp-json\/wp\/v2\/media\/5032"}],"wp:attachment":[{"href":"https:\/\/www.miomente.de\/entdeckermagazin\/wp-json\/wp\/v2\/media?parent=5577"}],"curies":[{"name":"wp","href":"https:\/\/api.w.org\/{rel}","templated":true}]}}