{"id":5589,"date":"2016-01-25T15:16:31","date_gmt":"2016-01-25T14:16:31","guid":{"rendered":"http:\/\/www.miomente.de\/entdeckermagazin\/?page_id=5589"},"modified":"2019-10-21T13:26:41","modified_gmt":"2019-10-21T11:26:41","slug":"eventlocations-in-essen","status":"publish","type":"page","link":"https:\/\/www.miomente.de\/entdeckermagazin\/eventlocations-in-essen\/","title":{"rendered":"Eventlocations in Essen"},"content":{"rendered":"<section class=\"l-section wpb_row height_medium\"><div class=\"l-section-h i-cf\"><div class=\"g-cols vc_row via_flex valign_top type_default stacking_default\"><div class=\"vc_col-sm-12 wpb_column vc_column_container\"><div class=\"vc_column-inner\"><div class=\"wpb_wrapper\"><div class=\"wpb_text_column\"><div class=\"wpb_wrapper\"><h2>UNSERE EVENTLOCATIONS UND KOCHSCHULEN IN ESSEN<\/h2>\n<p><span style=\"font-weight: 400;\">Investiere in deine Genuss-Zukunft! Internationale Kochkurse, exklusive Weinproben von Anf\u00e4ngerkursen bis zum Intensiv-Training, Backkurse, Fleischkochkurse oder vegetarische Genussthemen \u2013 unsere Events bieten f\u00fcr jeden Gourmet, Hobbykoch und Kocheinsteiger den passenden Schwerpunkt. Unsere <a href=\"https:\/\/www.miomente.de\/essen\/genuss-kategorien\/kochkurse\">Kochkurse in Essen<\/a> werden garantiert ein unvergessliches Erlebnis, das deine Art zu kochen f\u00fcr immer positiv beeinflussen wird. Genie\u00dfe die besondere Atmosph\u00e4re, ein innovatives Umfeld und ganz viel guten Geschmack. Jede Kochschule wurde von uns liebevoll ausgew\u00e4hlt und deine Erwartungen sicherlich voll und ganz erf\u00fcllen. <\/span><\/p>\n<\/div><\/div><div class=\"g-cols wpb_row via_flex valign_top type_default stacking_default\"><div class=\"vc_col-sm-12 wpb_column vc_column_container\"><div class=\"vc_column-inner\"><div class=\"wpb_wrapper\"><div class=\"w-grid type_grid layout_38703 cols_3 overflow_hidden\" id=\"us_grid_1\" data-filterable=\"true\"><style>#us_grid_1 .w-grid-item{padding:1rem}#us_grid_1 .w-grid-list{margin:-1rem}.w-grid + #us_grid_1 .w-grid-list,.w-grid-none + #us_grid_1 .w-grid-list{margin-top:1rem}@media (max-width:899px){#us_grid_1 .w-grid-item{width:50%}}@media (max-width:599px){#us_grid_1 .w-grid-list{margin:0}#us_grid_1 .w-grid-item{width:100%;padding:0;margin-bottom:1rem}}.layout_38703 .w-grid-item-h{background:#ffffff;color:#444444;border-radius:0.3rem;box-shadow:0 0.03rem 0.06rem rgba(0,0,0,0.1),0 0.1rem 0.3rem rgba(0,0,0,0.1);transition-duration:0.3s}.no-touch .layout_38703 .w-grid-item-h:hover{box-shadow:0 0.12rem 0.24rem rgba(0,0,0,0.1),0 0.4rem 1.2rem rgba(0,0,0,0.15);z-index:4}.layout_38703 .usg_post_content_1{text-align:center!important}<\/style><div class=\"w-grid-list\">\t<article class=\"w-grid-item size_1x1 post-20965 post type-post status-publish format-standard has-post-thumbnail hentry category-eventlocations category-eventlocations-in-essen\" data-id=\"20965\">\n\t\t<div class=\"w-grid-item-h\">\n\t\t\t\t\t\t<div class=\"w-post-elm post_image usg_post_image_1 stretched\"><a href=\"https:\/\/www.miomente.de\/entdeckermagazin\/kochwerkstatt-ruhrgebiet-kochschule-eventlocation-in-herten\/\" aria-label=\"Kochwerkstatt Ruhrgebiet \u2013 Kochschule &#038; Eventlocation in Herten\"><img width=\"600\" height=\"400\" src=\"https:\/\/www.miomente.de\/entdeckermagazin\/wp-content\/uploads\/2017\/09\/miomente-location-kochwerkstatt-ruhrgebiet-600x400.jpeg\" class=\"attachment-us_600_400_crop size-us_600_400_crop wp-post-image\" alt=\"\" decoding=\"async\" loading=\"lazy\" srcset=\"https:\/\/www.miomente.de\/entdeckermagazin\/wp-content\/uploads\/2017\/09\/miomente-location-kochwerkstatt-ruhrgebiet-600x400.jpeg 600w, https:\/\/www.miomente.de\/entdeckermagazin\/wp-content\/uploads\/2017\/09\/miomente-location-kochwerkstatt-ruhrgebiet-300x200.jpeg 300w, https:\/\/www.miomente.de\/entdeckermagazin\/wp-content\/uploads\/2017\/09\/miomente-location-kochwerkstatt-ruhrgebiet-768x512.jpeg 768w, https:\/\/www.miomente.de\/entdeckermagazin\/wp-content\/uploads\/2017\/09\/miomente-location-kochwerkstatt-ruhrgebiet.jpeg 1000w\" sizes=\"(max-width: 600px) 100vw, 600px\" \/><\/a><\/div><div class=\"w-vwrapper usg_vwrapper_1 align_left valign_top\"><h2 class=\"w-post-elm post_title usg_post_title_1 align_center entry-title color_link_inherit\"><a href=\"https:\/\/www.miomente.de\/entdeckermagazin\/kochwerkstatt-ruhrgebiet-kochschule-eventlocation-in-herten\/\">Kochwerkstatt Ruhrgebiet \u2013 Kochschule &#038; Eventlocation in Herten<\/a><\/h2><div class=\"w-post-elm post_content usg_post_content_1\">Die Kochwerkstatt-Ruhrgebiet war die erste Kochschule in der Region und liegt in Herten, Mitten im \u201ePott\u201c. Die alte Lohnhalle auf Zeche Ewald&hellip;<\/div><\/div>\t\t<\/div>\n\t<\/article>\n<\/div><div class=\"w-grid-preloader\"><div class=\"g-preloader type_1\">\n\t<div><\/div>\n<\/div>\n<\/div>\t<div class=\"w-grid-json hidden\" onclick='return {&quot;action&quot;:&quot;us_ajax_grid&quot;,&quot;ajax_url&quot;:&quot;https:\\\/\\\/www.miomente.de\\\/entdeckermagazin\\\/wp-admin\\\/admin-ajax.php&quot;,&quot;infinite_scroll&quot;:0,&quot;max_num_pages&quot;:1,&quot;pagination&quot;:&quot;none&quot;,&quot;permalink_url&quot;:&quot;https:\\\/\\\/www.miomente.de\\\/entdeckermagazin\\\/wp-json\\\/wp\\\/v2\\\/pages\\\/5589&quot;,&quot;template_vars&quot;:{&quot;columns&quot;:&quot;3&quot;,&quot;exclude_items&quot;:&quot;none&quot;,&quot;img_size&quot;:&quot;us_600_400_crop&quot;,&quot;ignore_items_size&quot;:0,&quot;items_layout&quot;:&quot;38703&quot;,&quot;items_offset&quot;:&quot;1&quot;,&quot;load_animation&quot;:&quot;none&quot;,&quot;overriding_link&quot;:&quot;none&quot;,&quot;post_id&quot;:5589,&quot;query_args&quot;:{&quot;post_type&quot;:[&quot;post&quot;],&quot;tax_query&quot;:[{&quot;taxonomy&quot;:&quot;category&quot;,&quot;field&quot;:&quot;slug&quot;,&quot;terms&quot;:[&quot;eventlocations-in-essen&quot;]}],&quot;post_status&quot;:[&quot;publish&quot;],&quot;posts_per_page&quot;:&quot;500&quot;},&quot;orderby_query_args&quot;:{&quot;orderby&quot;:{&quot;title&quot;:&quot;ASC&quot;},&quot;order&quot;:&quot;ASC&quot;},&quot;type&quot;:&quot;grid&quot;,&quot;us_grid_ajax_index&quot;:1,&quot;us_grid_filter_params&quot;:null,&quot;us_grid_index&quot;:1,&quot;_us_grid_post_type&quot;:&quot;post&quot;}}'><\/div>\n\t<\/div><\/div><\/div><\/div><\/div><\/div><\/div><\/div><\/div><\/div><\/section>\n","protected":false},"excerpt":{"rendered":"Die Kochwerkstatt Ruhrgebiet war die erste Kochschule in der Region und liegt in Herten, Mitten im \u201ePott\u201c. Vor zehn Jahren von Giovanni Chiaradia gegr\u00fcndet, dient die Kochschule nun dem Genussteam Anja Chiaradia und Thorsten Lohbeck als Koch- und Baristaschule.\u00a0 In den modernen, gem\u00fctlichen R\u00e4umlichkeiten f\u00fchlt man sich sofort wie Zuhause. Die top-ausgestattete Miele-K\u00fcche und der...","protected":false},"author":1,"featured_media":0,"parent":0,"menu_order":0,"comment_status":"closed","ping_status":"closed","template":"","meta":[],"aioseo_notices":[],"_links":{"self":[{"href":"https:\/\/www.miomente.de\/entdeckermagazin\/wp-json\/wp\/v2\/pages\/5589"}],"collection":[{"href":"https:\/\/www.miomente.de\/entdeckermagazin\/wp-json\/wp\/v2\/pages"}],"about":[{"href":"https:\/\/www.miomente.de\/entdeckermagazin\/wp-json\/wp\/v2\/types\/page"}],"author":[{"embeddable":true,"href":"https:\/\/www.miomente.de\/entdeckermagazin\/wp-json\/wp\/v2\/users\/1"}],"replies":[{"embeddable":true,"href":"https:\/\/www.miomente.de\/entdeckermagazin\/wp-json\/wp\/v2\/comments?post=5589"}],"version-history":[{"count":0,"href":"https:\/\/www.miomente.de\/entdeckermagazin\/wp-json\/wp\/v2\/pages\/5589\/revisions"}],"wp:attachment":[{"href":"https:\/\/www.miomente.de\/entdeckermagazin\/wp-json\/wp\/v2\/media?parent=5589"}],"curies":[{"name":"wp","href":"https:\/\/api.w.org\/{rel}","templated":true}]}}