{"id":5591,"date":"2016-01-25T15:17:00","date_gmt":"2016-01-25T14:17:00","guid":{"rendered":"http:\/\/www.miomente.de\/entdeckermagazin\/?page_id=5591"},"modified":"2019-10-21T13:27:42","modified_gmt":"2019-10-21T11:27:42","slug":"eventlocations-in-frankfurt","status":"publish","type":"page","link":"https:\/\/www.miomente.de\/entdeckermagazin\/eventlocations-in-frankfurt\/","title":{"rendered":"Eventlocations in Frankfurt"},"content":{"rendered":"<section class=\"l-section wpb_row height_medium\"><div class=\"l-section-h i-cf\"><div class=\"g-cols vc_row via_flex valign_top type_default stacking_default\"><div class=\"vc_col-sm-12 wpb_column vc_column_container\"><div class=\"vc_column-inner\"><div class=\"wpb_wrapper\"><div class=\"wpb_text_column\"><div class=\"wpb_wrapper\"><h2>UNSERE EVENTLOCATIONS UND KOCHSCHULEN IN FRANKFURT<\/h2>\n<p><span style=\"font-weight: 400;\">Teste unsere sorgf\u00e4ltig ausgew\u00e4hlten Eventlocations und Kochschulen in Frankfurt und erweitere deinen Koch-Horizont. W\u00e4hle dein Genuss-Thema vom Asia-Kochkurs, \u00fcber Gin-Tasting bis hin zum Barista-Workshop. Bei uns erlebst du gro\u00dfen Genuss, entdeckst neue Aromen, Zutaten und Kochtechniken. Mal in einem gem\u00fctlichen Ladencaf\u00e9, mal in einem stylischen K\u00fcchenloft: Das stimmige Ambiente begeistert! Entdecke unsere <\/span><a href=\"https:\/\/www.miomente.de\/frankfurt\/genuss-kategorien\/kochkurse\"><span style=\"font-weight: 400;\">Kochkurse in <\/span><\/a><span style=\"font-weight: 400;\"><a href=\"https:\/\/www.miomente.de\/augsburg\/genuss-kategorien\/kochkurse\">Frankfurt<\/a> oder schau dir hier in unsere Eventlocations an.<\/span><\/p>\n<\/div><\/div><div class=\"g-cols wpb_row via_flex valign_top type_default stacking_default\"><div class=\"vc_col-sm-12 wpb_column vc_column_container\"><div class=\"vc_column-inner\"><div class=\"wpb_wrapper\"><div class=\"w-grid type_grid layout_38703 cols_3 overflow_hidden\" id=\"us_grid_1\" data-filterable=\"true\"><style>#us_grid_1 .w-grid-item{padding:1rem}#us_grid_1 .w-grid-list{margin:-1rem}.w-grid + #us_grid_1 .w-grid-list,.w-grid-none + #us_grid_1 .w-grid-list{margin-top:1rem}@media (max-width:899px){#us_grid_1 .w-grid-item{width:50%}}@media (max-width:599px){#us_grid_1 .w-grid-list{margin:0}#us_grid_1 .w-grid-item{width:100%;padding:0;margin-bottom:1rem}}.layout_38703 .w-grid-item-h{background:#ffffff;color:#444444;border-radius:0.3rem;box-shadow:0 0.03rem 0.06rem rgba(0,0,0,0.1),0 0.1rem 0.3rem rgba(0,0,0,0.1);transition-duration:0.3s}.no-touch .layout_38703 .w-grid-item-h:hover{box-shadow:0 0.12rem 0.24rem rgba(0,0,0,0.1),0 0.4rem 1.2rem rgba(0,0,0,0.15);z-index:4}.layout_38703 .usg_post_content_1{text-align:center!important}<\/style><div class=\"w-grid-list\">\t<article class=\"w-grid-item size_1x1 post-45555 post type-post status-publish format-standard has-post-thumbnail hentry category-eventlocations-in-frankfurt tag-frankfurt tag-kochkurse-in-frankfurt tag-kochschule-frankfurt-for-cooks\" data-id=\"45555\">\n\t\t<div class=\"w-grid-item-h\">\n\t\t\t\t\t\t<div class=\"w-post-elm post_image usg_post_image_1 stretched\"><a href=\"https:\/\/www.miomente.de\/entdeckermagazin\/frankfurt-for-cooks-eventlocation-in-frankfurt\/\" aria-label=\"Frankfurt for Cooks \u2013 Eventlocation in Frankfurt\"><img width=\"600\" height=\"400\" src=\"https:\/\/www.miomente.de\/entdeckermagazin\/wp-content\/uploads\/2023\/06\/frankfurt-for-cooks-kochstudio-600x400.jpeg\" class=\"attachment-us_600_400_crop size-us_600_400_crop wp-post-image\" alt=\"\" decoding=\"async\" loading=\"lazy\" srcset=\"https:\/\/www.miomente.de\/entdeckermagazin\/wp-content\/uploads\/2023\/06\/frankfurt-for-cooks-kochstudio-600x400.jpeg 600w, https:\/\/www.miomente.de\/entdeckermagazin\/wp-content\/uploads\/2023\/06\/frankfurt-for-cooks-kochstudio-300x200.jpeg 300w, https:\/\/www.miomente.de\/entdeckermagazin\/wp-content\/uploads\/2023\/06\/frankfurt-for-cooks-kochstudio.jpeg 640w\" sizes=\"(max-width: 600px) 100vw, 600px\" \/><\/a><\/div><div class=\"w-vwrapper usg_vwrapper_1 align_left valign_top\"><h2 class=\"w-post-elm post_title usg_post_title_1 align_center entry-title color_link_inherit\"><a href=\"https:\/\/www.miomente.de\/entdeckermagazin\/frankfurt-for-cooks-eventlocation-in-frankfurt\/\">Frankfurt for Cooks \u2013 Eventlocation in Frankfurt<\/a><\/h2><div class=\"w-post-elm post_content usg_post_content_1\">Kochen ist eine Erfahrung mit allen Sinnen \u2013 das ist das Credo von Anna Schmidt, Kochdozentin aus Frankfurt. Hier stellen wir euch&hellip;<\/div><\/div>\t\t<\/div>\n\t<\/article>\n\t<article class=\"w-grid-item post-26044 post type-post status-publish format-standard has-post-thumbnail hentry category-eventlocations category-eventlocations-in-frankfurt tag-eventlocation tag-events tag-frankfurt tag-location\" data-id=\"26044\">\n\t\t<div class=\"w-grid-item-h\">\n\t\t\t\t\t\t<div class=\"w-post-elm post_image usg_post_image_1 stretched\"><a href=\"https:\/\/www.miomente.de\/entdeckermagazin\/lifestylewerkstatt-eventlocation-in-moerfelden-walldorf\/\" aria-label=\"LifestyleWerkstatt \u2013 Eventlocation in M\u00f6rfelden-Walldorf\"><img width=\"600\" height=\"400\" src=\"https:\/\/www.miomente.de\/entdeckermagazin\/wp-content\/uploads\/2017\/11\/kochkurse-frankfurt-lifestylewerkstatt-martin-dobner-location-kueche-tische-miomente-entdeckermagazin-600x400.jpg\" class=\"attachment-us_600_400_crop size-us_600_400_crop wp-post-image\" alt=\"\" decoding=\"async\" loading=\"lazy\" srcset=\"https:\/\/www.miomente.de\/entdeckermagazin\/wp-content\/uploads\/2017\/11\/kochkurse-frankfurt-lifestylewerkstatt-martin-dobner-location-kueche-tische-miomente-entdeckermagazin-600x400.jpg 600w, https:\/\/www.miomente.de\/entdeckermagazin\/wp-content\/uploads\/2017\/11\/kochkurse-frankfurt-lifestylewerkstatt-martin-dobner-location-kueche-tische-miomente-entdeckermagazin-300x200.jpg 300w, https:\/\/www.miomente.de\/entdeckermagazin\/wp-content\/uploads\/2017\/11\/kochkurse-frankfurt-lifestylewerkstatt-martin-dobner-location-kueche-tische-miomente-entdeckermagazin-768x511.jpg 768w, https:\/\/www.miomente.de\/entdeckermagazin\/wp-content\/uploads\/2017\/11\/kochkurse-frankfurt-lifestylewerkstatt-martin-dobner-location-kueche-tische-miomente-entdeckermagazin.jpg 1000w\" sizes=\"(max-width: 600px) 100vw, 600px\" \/><\/a><\/div><div class=\"w-vwrapper usg_vwrapper_1 align_left valign_top\"><h2 class=\"w-post-elm post_title usg_post_title_1 align_center entry-title color_link_inherit\"><a href=\"https:\/\/www.miomente.de\/entdeckermagazin\/lifestylewerkstatt-eventlocation-in-moerfelden-walldorf\/\">LifestyleWerkstatt \u2013 Eventlocation in M\u00f6rfelden-Walldorf<\/a><\/h2><div class=\"w-post-elm post_content usg_post_content_1\">Die Location &#8222;LifeStyleWerkstatt&#8220; gl\u00e4nzt mit zwei Etagen und einem eigenen Hof mit Kr\u00e4utergarten. Die gro\u00dfen Fensterfronten, das spezielle mediterrane Flair und die&hellip;<\/div><\/div>\t\t<\/div>\n\t<\/article>\n\t<article class=\"w-grid-item size_1x1 post-20851 post type-post status-publish format-standard has-post-thumbnail hentry category-eventlocations category-eventlocations-in-frankfurt\" data-id=\"20851\">\n\t\t<div class=\"w-grid-item-h\">\n\t\t\t\t\t\t<div class=\"w-post-elm post_image usg_post_image_1 stretched\"><a href=\"https:\/\/www.miomente.de\/entdeckermagazin\/kulinarische-werkstatt-kochschule-eventlocation-in-frankfurt\/\" aria-label=\"Kulinarische Werkstatt \u2013 Kochschule &#038; Eventlocation in Liederbach im Taunus\"><img width=\"600\" height=\"400\" src=\"https:\/\/www.miomente.de\/entdeckermagazin\/wp-content\/uploads\/2017\/09\/kochschule-alf-ochs-kulinarische-werkstatt-600x400.jpg\" class=\"attachment-us_600_400_crop size-us_600_400_crop wp-post-image\" alt=\"\" decoding=\"async\" loading=\"lazy\" srcset=\"https:\/\/www.miomente.de\/entdeckermagazin\/wp-content\/uploads\/2017\/09\/kochschule-alf-ochs-kulinarische-werkstatt-600x400.jpg 600w, https:\/\/www.miomente.de\/entdeckermagazin\/wp-content\/uploads\/2017\/09\/kochschule-alf-ochs-kulinarische-werkstatt-300x200.jpg 300w, https:\/\/www.miomente.de\/entdeckermagazin\/wp-content\/uploads\/2017\/09\/kochschule-alf-ochs-kulinarische-werkstatt-768x513.jpg 768w, https:\/\/www.miomente.de\/entdeckermagazin\/wp-content\/uploads\/2017\/09\/kochschule-alf-ochs-kulinarische-werkstatt.jpg 1000w\" sizes=\"(max-width: 600px) 100vw, 600px\" \/><\/a><\/div><div class=\"w-vwrapper usg_vwrapper_1 align_left valign_top\"><h2 class=\"w-post-elm post_title usg_post_title_1 align_center entry-title color_link_inherit\"><a href=\"https:\/\/www.miomente.de\/entdeckermagazin\/kulinarische-werkstatt-kochschule-eventlocation-in-frankfurt\/\">Kulinarische Werkstatt \u2013 Kochschule &#038; Eventlocation in Liederbach im Taunus<\/a><\/h2><div class=\"w-post-elm post_content usg_post_content_1\">In der kulinarischen Werkstatt f\u00fchlt man sich gleich wie in einem gem\u00fctlichen Esszimmer. Viele Fenster, eine moderne Einrichtung und eine freundliche Atmosph\u00e4re&hellip;<\/div><\/div>\t\t<\/div>\n\t<\/article>\n\t<article class=\"w-grid-item post-18631 post type-post status-publish format-standard has-post-thumbnail hentry category-eventlocations category-eventlocations-in-frankfurt\" data-id=\"18631\">\n\t\t<div class=\"w-grid-item-h\">\n\t\t\t\t\t\t<div class=\"w-post-elm post_image usg_post_image_1 stretched\"><a href=\"https:\/\/www.miomente.de\/entdeckermagazin\/menufaktur-kochschule-eventlocation-in-frankfurt-bornheim\/\" aria-label=\"menufaktur \u2013 Kochschule &#038; Eventlocation in Frankfurt-Bornheim\"><img width=\"600\" height=\"400\" src=\"https:\/\/www.miomente.de\/entdeckermagazin\/wp-content\/uploads\/2017\/04\/kochschule-kochkurse-frankfurt-menufaktur-location-weisse-dekoration-miomente-entdeckermagazin-600x400.jpg\" class=\"attachment-us_600_400_crop size-us_600_400_crop wp-post-image\" alt=\"Kochschule Menufaktur in Frankfurt von Christiane Fuchs und Mario Furlanello \u2013Individuelle Kochkurse - Miomente Entdeckermagazin\" decoding=\"async\" loading=\"lazy\" srcset=\"https:\/\/www.miomente.de\/entdeckermagazin\/wp-content\/uploads\/2017\/04\/kochschule-kochkurse-frankfurt-menufaktur-location-weisse-dekoration-miomente-entdeckermagazin-600x400.jpg 600w, https:\/\/www.miomente.de\/entdeckermagazin\/wp-content\/uploads\/2017\/04\/kochschule-kochkurse-frankfurt-menufaktur-location-weisse-dekoration-miomente-entdeckermagazin-300x200.jpg 300w, https:\/\/www.miomente.de\/entdeckermagazin\/wp-content\/uploads\/2017\/04\/kochschule-kochkurse-frankfurt-menufaktur-location-weisse-dekoration-miomente-entdeckermagazin-768x511.jpg 768w, https:\/\/www.miomente.de\/entdeckermagazin\/wp-content\/uploads\/2017\/04\/kochschule-kochkurse-frankfurt-menufaktur-location-weisse-dekoration-miomente-entdeckermagazin.jpg 1000w\" sizes=\"(max-width: 600px) 100vw, 600px\" \/><\/a><\/div><div class=\"w-vwrapper usg_vwrapper_1 align_left valign_top\"><h2 class=\"w-post-elm post_title usg_post_title_1 align_center entry-title color_link_inherit\"><a href=\"https:\/\/www.miomente.de\/entdeckermagazin\/menufaktur-kochschule-eventlocation-in-frankfurt-bornheim\/\">menufaktur \u2013 Kochschule &#038; Eventlocation in Frankfurt-Bornheim<\/a><\/h2><div class=\"w-post-elm post_content usg_post_content_1\">In unserer modernen Kochschule in Frankfurt-Bornheim wird mit viel Platz an der Arbeitsfl\u00e4che gekocht und sich beim Pastawalzen und Kr\u00e4uterhacken richtig ausgetobt.&hellip;<\/div><\/div>\t\t<\/div>\n\t<\/article>\n\t<article class=\"w-grid-item size_1x1 post-17717 post type-post status-publish format-standard has-post-thumbnail hentry category-eventlocations category-eventlocations-in-frankfurt tag-backkurse tag-backschule-frankfurt tag-ewa-feix\" data-id=\"17717\">\n\t\t<div class=\"w-grid-item-h\">\n\t\t\t\t\t\t<div class=\"w-post-elm post_image usg_post_image_1 stretched\"><a href=\"https:\/\/www.miomente.de\/entdeckermagazin\/das-cupcake-eventlocation-in-frankfurt\/\" aria-label=\"Das Cupcake &#8211; Eventlocation in Frankfurt\"><img width=\"600\" height=\"400\" src=\"https:\/\/www.miomente.de\/entdeckermagazin\/wp-content\/uploads\/2017\/03\/das-cupcake-backkurse-ewa-feix-location-miomente-entdeckermagazin-600x400.jpg\" class=\"attachment-us_600_400_crop size-us_600_400_crop wp-post-image\" alt=\"Bunte Backkurse bei Ewa Feix in der Backakademie &quot;Das Cupcake&quot; in Frankfurt - Miomente Entdeckermagazin\" decoding=\"async\" loading=\"lazy\" \/><\/a><\/div><div class=\"w-vwrapper usg_vwrapper_1 align_left valign_top\"><h2 class=\"w-post-elm post_title usg_post_title_1 align_center entry-title color_link_inherit\"><a href=\"https:\/\/www.miomente.de\/entdeckermagazin\/das-cupcake-eventlocation-in-frankfurt\/\">Das Cupcake &#8211; Eventlocation in Frankfurt<\/a><\/h2><div class=\"w-post-elm post_content usg_post_content_1\">In Ewa Feix eigener Backschule gibt sie ihr Dekorations-Geschick an Zuckerfreunde und Hobby-Patisseurs weiter. Hier werden mit viel Feingef\u00fchl und den richtigen&hellip;<\/div><\/div>\t\t<\/div>\n\t<\/article>\n\t<article class=\"w-grid-item post-17666 post type-post status-publish format-standard has-post-thumbnail hentry category-eventlocations-in-frankfurt\" data-id=\"17666\">\n\t\t<div class=\"w-grid-item-h\">\n\t\t\t\t\t\t<div class=\"w-post-elm post_image usg_post_image_1 stretched\"><a href=\"https:\/\/www.miomente.de\/entdeckermagazin\/bonafede-privatroesterei-eventlocation-in-heidelberg\/\" aria-label=\"Bonafede Privatr\u00f6sterei &#8211; Eventlocation in Heidelberg\"><img width=\"600\" height=\"400\" src=\"https:\/\/www.miomente.de\/entdeckermagazin\/wp-content\/uploads\/2016\/03\/location-rosario-bonafede-barista-kurs-partner-heidelberg-miomente-entdeckermagazin-600x400.jpg\" class=\"attachment-us_600_400_crop size-us_600_400_crop wp-post-image\" alt=\"Rosario Bonafede \u2013 Unsere Barista-Partner in Heidelberg\" decoding=\"async\" loading=\"lazy\" srcset=\"https:\/\/www.miomente.de\/entdeckermagazin\/wp-content\/uploads\/2016\/03\/location-rosario-bonafede-barista-kurs-partner-heidelberg-miomente-entdeckermagazin-600x400.jpg 600w, https:\/\/www.miomente.de\/entdeckermagazin\/wp-content\/uploads\/2016\/03\/location-rosario-bonafede-barista-kurs-partner-heidelberg-miomente-entdeckermagazin-300x200.jpg 300w, https:\/\/www.miomente.de\/entdeckermagazin\/wp-content\/uploads\/2016\/03\/location-rosario-bonafede-barista-kurs-partner-heidelberg-miomente-entdeckermagazin-768x511.jpg 768w, https:\/\/www.miomente.de\/entdeckermagazin\/wp-content\/uploads\/2016\/03\/location-rosario-bonafede-barista-kurs-partner-heidelberg-miomente-entdeckermagazin.jpg 1000w\" sizes=\"(max-width: 600px) 100vw, 600px\" \/><\/a><\/div><div class=\"w-vwrapper usg_vwrapper_1 align_left valign_top\"><h2 class=\"w-post-elm post_title usg_post_title_1 align_center entry-title color_link_inherit\"><a href=\"https:\/\/www.miomente.de\/entdeckermagazin\/bonafede-privatroesterei-eventlocation-in-heidelberg\/\">Bonafede Privatr\u00f6sterei &#8211; Eventlocation in Heidelberg<\/a><\/h2><div class=\"w-post-elm post_content usg_post_content_1\">Die topmoderne Privatr\u00f6sterei verf\u00fcgt sowohl \u00fcber eine Kaffeebar mit 18 verschiedenen Kaffees direkt aus der M\u00fchle als auch eine beeindruckende gl\u00e4sernen R\u00f6sterei,&hellip;<\/div><\/div>\t\t<\/div>\n\t<\/article>\n\t<article class=\"w-grid-item size_1x1 post-17647 post type-post status-publish format-standard has-post-thumbnail hentry category-eventlocations-in-frankfurt\" data-id=\"17647\">\n\t\t<div class=\"w-grid-item-h\">\n\t\t\t\t\t\t<div class=\"w-post-elm post_image usg_post_image_1 stretched\"><a href=\"https:\/\/www.miomente.de\/entdeckermagazin\/iimori-frankfurt\/\" aria-label=\"Iimori &#8211; Eventlocation in Frankfurt\"><img width=\"600\" height=\"400\" src=\"https:\/\/www.miomente.de\/entdeckermagazin\/wp-content\/uploads\/2016\/04\/miomente-partner-frankfurt-llimori-location-600x400.jpg\" class=\"attachment-us_600_400_crop size-us_600_400_crop wp-post-image\" alt=\"\" decoding=\"async\" loading=\"lazy\" \/><\/a><\/div><div class=\"w-vwrapper usg_vwrapper_1 align_left valign_top\"><h2 class=\"w-post-elm post_title usg_post_title_1 align_center entry-title color_link_inherit\"><a href=\"https:\/\/www.miomente.de\/entdeckermagazin\/iimori-frankfurt\/\">Iimori &#8211; Eventlocation in Frankfurt<\/a><\/h2><div class=\"w-post-elm post_content usg_post_content_1\">Unsere Eventlocation in der sch\u00f6nen Altstadt Frankfurts verbindet traditionelle japanische K\u00fcche und die feine franz\u00f6sische Patisserie. In dem gem\u00fctlich eingerichteten Caf\u00e9 im&hellip;<\/div><\/div>\t\t<\/div>\n\t<\/article>\n\t<article class=\"w-grid-item post-16018 post type-post status-publish format-standard has-post-thumbnail hentry category-eventlocations-in-frankfurt\" data-id=\"16018\">\n\t\t<div class=\"w-grid-item-h\">\n\t\t\t\t\t\t<div class=\"w-post-elm post_image usg_post_image_1 stretched\"><a href=\"https:\/\/www.miomente.de\/entdeckermagazin\/eventlocation-primus-linie\/\" aria-label=\"Die Primus-Linie &#8211; Eventschifflocation in Frankfurt\"><img width=\"600\" height=\"400\" src=\"https:\/\/www.miomente.de\/entdeckermagazin\/wp-content\/uploads\/2017\/01\/miomente-partner-primus-linie-schifffahrt-frankfurt-schiff-von-aussen-nacht-fluss-stadt-600x400.jpg\" class=\"attachment-us_600_400_crop size-us_600_400_crop wp-post-image\" alt=\"Kulinarische Schifffahrt in Frankfurt mit der Primus-Linie\" decoding=\"async\" loading=\"lazy\" srcset=\"https:\/\/www.miomente.de\/entdeckermagazin\/wp-content\/uploads\/2017\/01\/miomente-partner-primus-linie-schifffahrt-frankfurt-schiff-von-aussen-nacht-fluss-stadt-600x400.jpg 600w, https:\/\/www.miomente.de\/entdeckermagazin\/wp-content\/uploads\/2017\/01\/miomente-partner-primus-linie-schifffahrt-frankfurt-schiff-von-aussen-nacht-fluss-stadt-300x200.jpg 300w, https:\/\/www.miomente.de\/entdeckermagazin\/wp-content\/uploads\/2017\/01\/miomente-partner-primus-linie-schifffahrt-frankfurt-schiff-von-aussen-nacht-fluss-stadt-768x511.jpg 768w, https:\/\/www.miomente.de\/entdeckermagazin\/wp-content\/uploads\/2017\/01\/miomente-partner-primus-linie-schifffahrt-frankfurt-schiff-von-aussen-nacht-fluss-stadt.jpg 1000w\" sizes=\"(max-width: 600px) 100vw, 600px\" \/><\/a><\/div><div class=\"w-vwrapper usg_vwrapper_1 align_left valign_top\"><h2 class=\"w-post-elm post_title usg_post_title_1 align_center entry-title color_link_inherit\"><a href=\"https:\/\/www.miomente.de\/entdeckermagazin\/eventlocation-primus-linie\/\">Die Primus-Linie &#8211; Eventschifflocation in Frankfurt<\/a><\/h2><div class=\"w-post-elm post_content usg_post_content_1\">Diese \u201ekulinarische Kreuzfahrt\u201c ist genau das Richtige f\u00fcr unvergessliche Stunden auf dem Main. Ob zu zweit, mit Gesch\u00e4ftsfreunden oder als Familienfeier. Gemeinsam&hellip;<\/div><\/div>\t\t<\/div>\n\t<\/article>\n\t<article class=\"w-grid-item size_1x1 post-12167 post type-post status-publish format-standard has-post-thumbnail hentry category-eventlocations category-eventlocations-in-frankfurt\" data-id=\"12167\">\n\t\t<div class=\"w-grid-item-h\">\n\t\t\t\t\t\t<div class=\"w-post-elm post_image usg_post_image_1 stretched\"><a href=\"https:\/\/www.miomente.de\/entdeckermagazin\/in-live-cocktailschule-eventlocation-in-frankfurt\/\" aria-label=\"IN-LIVE Cocktailschule &#8211; Eventlocation in Frankfurt\"><img width=\"600\" height=\"400\" src=\"https:\/\/www.miomente.de\/entdeckermagazin\/wp-content\/uploads\/2016\/07\/inlive-cocktailschule-frankfurt.jpg\" class=\"attachment-us_600_400_crop size-us_600_400_crop wp-post-image\" alt=\"INLIVE-Cocktailschule - Frankfurt\" decoding=\"async\" loading=\"lazy\" srcset=\"https:\/\/www.miomente.de\/entdeckermagazin\/wp-content\/uploads\/2016\/07\/inlive-cocktailschule-frankfurt.jpg 600w, https:\/\/www.miomente.de\/entdeckermagazin\/wp-content\/uploads\/2016\/07\/inlive-cocktailschule-frankfurt-300x200.jpg 300w\" sizes=\"(max-width: 600px) 100vw, 600px\" \/><\/a><\/div><div class=\"w-vwrapper usg_vwrapper_1 align_left valign_top\"><h2 class=\"w-post-elm post_title usg_post_title_1 align_center entry-title color_link_inherit\"><a href=\"https:\/\/www.miomente.de\/entdeckermagazin\/in-live-cocktailschule-eventlocation-in-frankfurt\/\">IN-LIVE Cocktailschule &#8211; Eventlocation in Frankfurt<\/a><\/h2><div class=\"w-post-elm post_content usg_post_content_1\">Die trendige und schicke Bar mit reichhaltigem Spirituosenbestand ist eigentlich gar keine, sondern ein eigens f\u00fcr seine Events eingerichteter Veranstaltungsort. Hier l\u00e4sst&hellip;<\/div><\/div>\t\t<\/div>\n\t<\/article>\n\t<article class=\"w-grid-item post-11207 post type-post status-publish format-standard has-post-thumbnail hentry category-eventlocations-in-frankfurt\" data-id=\"11207\">\n\t\t<div class=\"w-grid-item-h\">\n\t\t\t\t\t\t<div class=\"w-post-elm post_image usg_post_image_1 stretched\"><a href=\"https:\/\/www.miomente.de\/entdeckermagazin\/flowcation-eventlocation-in-frankfurt\/\" aria-label=\"FLOWCATION &#8211; Eventlocation in Frankfurt\"><img width=\"600\" height=\"400\" src=\"https:\/\/www.miomente.de\/entdeckermagazin\/wp-content\/uploads\/2016\/04\/partner-muenchen-frankfurt-flow-the-kitchen-location-600x400.jpg\" class=\"attachment-us_600_400_crop size-us_600_400_crop wp-post-image\" alt=\"\" decoding=\"async\" loading=\"lazy\" srcset=\"https:\/\/www.miomente.de\/entdeckermagazin\/wp-content\/uploads\/2016\/04\/partner-muenchen-frankfurt-flow-the-kitchen-location-600x400.jpg 600w, https:\/\/www.miomente.de\/entdeckermagazin\/wp-content\/uploads\/2016\/04\/partner-muenchen-frankfurt-flow-the-kitchen-location-300x199.jpg 300w\" sizes=\"(max-width: 600px) 100vw, 600px\" \/><\/a><\/div><div class=\"w-vwrapper usg_vwrapper_1 align_left valign_top\"><h2 class=\"w-post-elm post_title usg_post_title_1 align_center entry-title color_link_inherit\"><a href=\"https:\/\/www.miomente.de\/entdeckermagazin\/flowcation-eventlocation-in-frankfurt\/\">FLOWCATION &#8211; Eventlocation in Frankfurt<\/a><\/h2><div class=\"w-post-elm post_content usg_post_content_1\">Genie\u00dfe das professionell gestaltete Weinseminar in der tollen Atmosph\u00e4re der neuen Eventlocation in Frankfurt. Gem\u00fctliche und herzliche Atmosph\u00e4re bietet die M\u00f6glichkeit sich&hellip;<\/div><\/div>\t\t<\/div>\n\t<\/article>\n<\/div><div class=\"w-grid-preloader\"><div class=\"g-preloader type_1\">\n\t<div><\/div>\n<\/div>\n<\/div>\t<div class=\"w-grid-json hidden\" onclick='return {&quot;action&quot;:&quot;us_ajax_grid&quot;,&quot;ajax_url&quot;:&quot;https:\\\/\\\/www.miomente.de\\\/entdeckermagazin\\\/wp-admin\\\/admin-ajax.php&quot;,&quot;infinite_scroll&quot;:0,&quot;max_num_pages&quot;:1,&quot;pagination&quot;:&quot;none&quot;,&quot;permalink_url&quot;:&quot;https:\\\/\\\/www.miomente.de\\\/entdeckermagazin\\\/wp-json\\\/wp\\\/v2\\\/pages\\\/5591&quot;,&quot;template_vars&quot;:{&quot;columns&quot;:&quot;3&quot;,&quot;exclude_items&quot;:&quot;none&quot;,&quot;img_size&quot;:&quot;us_600_400_crop&quot;,&quot;ignore_items_size&quot;:0,&quot;items_layout&quot;:&quot;38703&quot;,&quot;items_offset&quot;:&quot;1&quot;,&quot;load_animation&quot;:&quot;none&quot;,&quot;overriding_link&quot;:&quot;none&quot;,&quot;post_id&quot;:5591,&quot;query_args&quot;:{&quot;post_type&quot;:[&quot;post&quot;],&quot;tax_query&quot;:[{&quot;taxonomy&quot;:&quot;category&quot;,&quot;field&quot;:&quot;slug&quot;,&quot;terms&quot;:[&quot;eventlocations-in-frankfurt&quot;]}],&quot;post_status&quot;:[&quot;publish&quot;],&quot;posts_per_page&quot;:&quot;500&quot;},&quot;orderby_query_args&quot;:{&quot;orderby&quot;:{&quot;date&quot;:&quot;DESC&quot;}},&quot;type&quot;:&quot;grid&quot;,&quot;us_grid_ajax_index&quot;:1,&quot;us_grid_filter_params&quot;:null,&quot;us_grid_index&quot;:1,&quot;_us_grid_post_type&quot;:&quot;post&quot;}}'><\/div>\n\t<\/div><\/div><\/div><\/div><\/div><\/div><\/div><\/div><\/div><\/div><\/section>\n","protected":false},"excerpt":{"rendered":"Daten zur Location: Adresse: FLOWCATION, Arnsburgerstra\u00dfe 62, 60385 Frankfurt am Main Personenzahl:\u00a0F\u00fcr bist zu 140 Personen Fl\u00e4che: 180 qm Parkpl\u00e4tze: 300 m Anfahrt mit \u00f6ffentlichen Verkehrsmittel:\u00a0U-Bahn, Bus &amp; Stra\u00dfenbahn 3 Minuten entfernt Besonderheiten:\u00a0Mitten im Herzen Frankfurts an der belebten Berger Stra\u00dfe liegt die FLOWCATION. Eine ehemalige Autowerkstatt, die aufwendig in ein gem\u00fctliches, modernes und helles...","protected":false},"author":1,"featured_media":0,"parent":0,"menu_order":0,"comment_status":"closed","ping_status":"closed","template":"","meta":[],"aioseo_notices":[],"_links":{"self":[{"href":"https:\/\/www.miomente.de\/entdeckermagazin\/wp-json\/wp\/v2\/pages\/5591"}],"collection":[{"href":"https:\/\/www.miomente.de\/entdeckermagazin\/wp-json\/wp\/v2\/pages"}],"about":[{"href":"https:\/\/www.miomente.de\/entdeckermagazin\/wp-json\/wp\/v2\/types\/page"}],"author":[{"embeddable":true,"href":"https:\/\/www.miomente.de\/entdeckermagazin\/wp-json\/wp\/v2\/users\/1"}],"replies":[{"embeddable":true,"href":"https:\/\/www.miomente.de\/entdeckermagazin\/wp-json\/wp\/v2\/comments?post=5591"}],"version-history":[{"count":0,"href":"https:\/\/www.miomente.de\/entdeckermagazin\/wp-json\/wp\/v2\/pages\/5591\/revisions"}],"wp:attachment":[{"href":"https:\/\/www.miomente.de\/entdeckermagazin\/wp-json\/wp\/v2\/media?parent=5591"}],"curies":[{"name":"wp","href":"https:\/\/api.w.org\/{rel}","templated":true}]}}