{"id":5595,"date":"2016-01-25T15:17:57","date_gmt":"2016-01-25T14:17:57","guid":{"rendered":"http:\/\/www.miomente.de\/entdeckermagazin\/?page_id=5595"},"modified":"2019-10-21T13:31:09","modified_gmt":"2019-10-21T11:31:09","slug":"eventlocations-in-hamburg","status":"publish","type":"page","link":"https:\/\/www.miomente.de\/entdeckermagazin\/eventlocations-in-hamburg\/","title":{"rendered":"Eventlocations in Hamburg"},"content":{"rendered":"<section class=\"l-section wpb_row height_medium\"><div class=\"l-section-h i-cf\"><div class=\"g-cols vc_row via_flex valign_top type_default stacking_default\"><div class=\"vc_col-sm-12 wpb_column vc_column_container\"><div class=\"vc_column-inner\"><div class=\"wpb_wrapper\"><div class=\"wpb_text_column\"><div class=\"wpb_wrapper\"><h2>UNSERE EVENTLOCATIONS UND KOCHSCHULEN IN HAMBURG<\/h2>\n<p><span style=\"font-weight: 400;\">Probier dich in den besten Kochschulen und stylischen Eventlocations in Hamburg durch die Saison. Sehr gute und sympathische Event-K\u00f6che, Weinexperten, Bar-Manager und Barista geben ihr K\u00f6nnen mit Leidenschaft an dich weiter. Unsere <a href=\"https:\/\/www.miomente.de\/hamburg\/genuss-kategorien\/kochkurse\">Kochkurse in Hamburg<\/a> erweitern dein Kochwissen und versorgen dich mit wunderbaren Rezept-Ideen, lassen dich neue Zutaten entdecken, Aromen schmecken und zeigen dir, worauf es bei einem hochwertigen Lebensmittel ankommt. Schnuppere hier in unsere Eventlocations rein und finde dein n\u00e4chstes Genuss-Event.<\/span><\/p>\n<\/div><\/div><div class=\"g-cols wpb_row via_flex valign_top type_default stacking_default\"><div class=\"vc_col-sm-12 wpb_column vc_column_container\"><div class=\"vc_column-inner\"><div class=\"wpb_wrapper\"><div class=\"w-grid type_grid layout_38703 cols_3 overflow_hidden\" id=\"us_grid_1\" data-filterable=\"true\"><style>#us_grid_1 .w-grid-item{padding:1rem}#us_grid_1 .w-grid-list{margin:-1rem}.w-grid + #us_grid_1 .w-grid-list,.w-grid-none + #us_grid_1 .w-grid-list{margin-top:1rem}@media (max-width:899px){#us_grid_1 .w-grid-item{width:50%}}@media (max-width:599px){#us_grid_1 .w-grid-list{margin:0}#us_grid_1 .w-grid-item{width:100%;padding:0;margin-bottom:1rem}}.layout_38703 .w-grid-item-h{background:#ffffff;color:#444444;border-radius:0.3rem;box-shadow:0 0.03rem 0.06rem rgba(0,0,0,0.1),0 0.1rem 0.3rem rgba(0,0,0,0.1);transition-duration:0.3s}.no-touch .layout_38703 .w-grid-item-h:hover{box-shadow:0 0.12rem 0.24rem rgba(0,0,0,0.1),0 0.4rem 1.2rem rgba(0,0,0,0.15);z-index:4}.layout_38703 .usg_post_content_1{text-align:center!important}<\/style><div class=\"w-grid-list\">\t<article class=\"w-grid-item size_1x1 post-17643 post type-post status-publish format-standard has-post-thumbnail hentry category-eventlocations category-eventlocations-in-hamburg\" data-id=\"17643\">\n\t\t<div class=\"w-grid-item-h\">\n\t\t\t\t\t\t<div class=\"w-post-elm post_image usg_post_image_1 stretched\"><a href=\"https:\/\/www.miomente.de\/entdeckermagazin\/caycay-hamburg\/\" aria-label=\"CayCay &#8211; Eventlocation in Hamburg\"><img width=\"600\" height=\"400\" src=\"https:\/\/www.miomente.de\/entdeckermagazin\/wp-content\/uploads\/2017\/07\/vietnamesische-kochkurse-anh-dang-location-herd-kueche-kochkurs-gruppe-miomente-entdeckermagazin-600x400.jpg\" class=\"attachment-us_600_400_crop size-us_600_400_crop wp-post-image\" alt=\"Vietnamesischer Kochkurs bei Ahn Dang in der Kochschule Cay Cay in Hamburg - Miomente Entdeckermagazin\" decoding=\"async\" loading=\"lazy\" srcset=\"https:\/\/www.miomente.de\/entdeckermagazin\/wp-content\/uploads\/2017\/07\/vietnamesische-kochkurse-anh-dang-location-herd-kueche-kochkurs-gruppe-miomente-entdeckermagazin-600x400.jpg 600w, https:\/\/www.miomente.de\/entdeckermagazin\/wp-content\/uploads\/2017\/07\/vietnamesische-kochkurse-anh-dang-location-herd-kueche-kochkurs-gruppe-miomente-entdeckermagazin-300x200.jpg 300w, https:\/\/www.miomente.de\/entdeckermagazin\/wp-content\/uploads\/2017\/07\/vietnamesische-kochkurse-anh-dang-location-herd-kueche-kochkurs-gruppe-miomente-entdeckermagazin-768x512.jpg 768w, https:\/\/www.miomente.de\/entdeckermagazin\/wp-content\/uploads\/2017\/07\/vietnamesische-kochkurse-anh-dang-location-herd-kueche-kochkurs-gruppe-miomente-entdeckermagazin.jpg 1000w\" sizes=\"(max-width: 600px) 100vw, 600px\" \/><\/a><\/div><div class=\"w-vwrapper usg_vwrapper_1 align_left valign_top\"><h2 class=\"w-post-elm post_title usg_post_title_1 align_center entry-title color_link_inherit\"><a href=\"https:\/\/www.miomente.de\/entdeckermagazin\/caycay-hamburg\/\">CayCay &#8211; Eventlocation in Hamburg<\/a><\/h2><div class=\"w-post-elm post_content usg_post_content_1\">Das CayCay in Hamburg ist Kochschule, Eventk\u00fcche und asiatischer Feinkostenladen in einem. In stilvollem und sehr geschmackvollen Ambiente zeigt Ihnen Profi-K\u00f6chin Anh&hellip;<\/div><\/div>\t\t<\/div>\n\t<\/article>\n\t<article class=\"w-grid-item size_1x1 post-14532 post type-post status-publish format-standard has-post-thumbnail hentry category-eventlocations category-eventlocations-in-hamburg\" data-id=\"14532\">\n\t\t<div class=\"w-grid-item-h\">\n\t\t\t\t\t\t<div class=\"w-post-elm post_image usg_post_image_1 stretched\"><a href=\"https:\/\/www.miomente.de\/entdeckermagazin\/die-schlemmerschule-eventlocation-in-hamburg\/\" aria-label=\"Die Schlemmerschule &#8211; Eventlocation in Hamburg\"><img width=\"600\" height=\"400\" src=\"https:\/\/www.miomente.de\/entdeckermagazin\/wp-content\/uploads\/2016\/02\/miomente-partner-schlemmerschule-hamburg-tina-urban-location-esstisch-600x400.jpg\" class=\"attachment-us_600_400_crop size-us_600_400_crop wp-post-image\" alt=\"Kochschule Schlemmerschule von Tina Urban in Hamburg\" decoding=\"async\" loading=\"lazy\" srcset=\"https:\/\/www.miomente.de\/entdeckermagazin\/wp-content\/uploads\/2016\/02\/miomente-partner-schlemmerschule-hamburg-tina-urban-location-esstisch-600x400.jpg 600w, https:\/\/www.miomente.de\/entdeckermagazin\/wp-content\/uploads\/2016\/02\/miomente-partner-schlemmerschule-hamburg-tina-urban-location-esstisch-300x200.jpg 300w, https:\/\/www.miomente.de\/entdeckermagazin\/wp-content\/uploads\/2016\/02\/miomente-partner-schlemmerschule-hamburg-tina-urban-location-esstisch-768x512.jpg 768w, https:\/\/www.miomente.de\/entdeckermagazin\/wp-content\/uploads\/2016\/02\/miomente-partner-schlemmerschule-hamburg-tina-urban-location-esstisch.jpg 1000w\" sizes=\"(max-width: 600px) 100vw, 600px\" \/><\/a><\/div><div class=\"w-vwrapper usg_vwrapper_1 align_left valign_top\"><h2 class=\"w-post-elm post_title usg_post_title_1 align_center entry-title color_link_inherit\"><a href=\"https:\/\/www.miomente.de\/entdeckermagazin\/die-schlemmerschule-eventlocation-in-hamburg\/\">Die Schlemmerschule &#8211; Eventlocation in Hamburg<\/a><\/h2><div class=\"w-post-elm post_content usg_post_content_1\">Die neu renovierte und strahlend sch\u00f6ne Kochschule in Hamburg St. Georg bietet nicht nur einen Platz f\u00fcr individuelle K\u00fcchenerlebnisse, sondern l\u00e4dt auch&hellip;<\/div><\/div>\t\t<\/div>\n\t<\/article>\n\t<article class=\"w-grid-item post-25906 post type-post status-publish format-standard has-post-thumbnail hentry category-eventlocations category-eventlocations-in-hamburg tag-eventlocation tag-events tag-kekse tag-location tag-mein-keksdesign tag-muenchen\" data-id=\"25906\">\n\t\t<div class=\"w-grid-item-h\">\n\t\t\t\t\t\t<div class=\"w-post-elm post_image usg_post_image_1 stretched\"><a href=\"https:\/\/www.miomente.de\/entdeckermagazin\/die-weingaleristen-eventlocation-in-hamburg\/\" aria-label=\"Die Weingaleristen \u2013 Eventlocation in Hamburg\"><img width=\"600\" height=\"400\" src=\"https:\/\/www.miomente.de\/entdeckermagazin\/wp-content\/uploads\/2018\/02\/Weingaleristen_2.jpg\" class=\"attachment-us_600_400_crop size-us_600_400_crop wp-post-image\" alt=\"Die Weingaleristen - Weinseminare\" decoding=\"async\" loading=\"lazy\" srcset=\"https:\/\/www.miomente.de\/entdeckermagazin\/wp-content\/uploads\/2018\/02\/Weingaleristen_2.jpg 600w, https:\/\/www.miomente.de\/entdeckermagazin\/wp-content\/uploads\/2018\/02\/Weingaleristen_2-300x200.jpg 300w\" sizes=\"(max-width: 600px) 100vw, 600px\" \/><\/a><\/div><div class=\"w-vwrapper usg_vwrapper_1 align_left valign_top\"><h2 class=\"w-post-elm post_title usg_post_title_1 align_center entry-title color_link_inherit\"><a href=\"https:\/\/www.miomente.de\/entdeckermagazin\/die-weingaleristen-eventlocation-in-hamburg\/\">Die Weingaleristen \u2013 Eventlocation in Hamburg<\/a><\/h2><div class=\"w-post-elm post_content usg_post_content_1\">Weinbar, Weinhandlung und Kunstgalerie in einem: Unsere Location ist der absolute Allesk\u00f6nner und gl\u00e4nzt mit au\u00dfergew\u00f6hnlicher Atmosph\u00e4re gepaart mit modernem Ambiente. Das&hellip;<\/div><\/div>\t\t<\/div>\n\t<\/article>\n\t<article class=\"w-grid-item post-10094 post type-post status-publish format-standard has-post-thumbnail hentry category-eventlocations-in-hamburg\" data-id=\"10094\">\n\t\t<div class=\"w-grid-item-h\">\n\t\t\t\t\t\t<div class=\"w-post-elm post_image usg_post_image_1 stretched\"><a href=\"https:\/\/www.miomente.de\/entdeckermagazin\/fuh-kochschule-in-hamburg-ottensen\/\" aria-label=\"FuH &#8211; Kochschule in Hamburg-Ottensen\"><img width=\"600\" height=\"400\" src=\"https:\/\/www.miomente.de\/entdeckermagazin\/wp-content\/uploads\/2016\/04\/miomente-partner-fuH-hamburg-fabian-ehrisch-location-stuehle-tische-sitzbereich-innen-design-600x400.png\" class=\"attachment-us_600_400_crop size-us_600_400_crop wp-post-image\" alt=\"Das FuH Restaurant: Eventlocation Hamburg\" decoding=\"async\" loading=\"lazy\" srcset=\"https:\/\/www.miomente.de\/entdeckermagazin\/wp-content\/uploads\/2016\/04\/miomente-partner-fuH-hamburg-fabian-ehrisch-location-stuehle-tische-sitzbereich-innen-design-600x400.png 600w, https:\/\/www.miomente.de\/entdeckermagazin\/wp-content\/uploads\/2016\/04\/miomente-partner-fuH-hamburg-fabian-ehrisch-location-stuehle-tische-sitzbereich-innen-design-300x200.png 300w, https:\/\/www.miomente.de\/entdeckermagazin\/wp-content\/uploads\/2016\/04\/miomente-partner-fuH-hamburg-fabian-ehrisch-location-stuehle-tische-sitzbereich-innen-design-768x512.png 768w, https:\/\/www.miomente.de\/entdeckermagazin\/wp-content\/uploads\/2016\/04\/miomente-partner-fuH-hamburg-fabian-ehrisch-location-stuehle-tische-sitzbereich-innen-design.png 1000w\" sizes=\"(max-width: 600px) 100vw, 600px\" \/><\/a><\/div><div class=\"w-vwrapper usg_vwrapper_1 align_left valign_top\"><h2 class=\"w-post-elm post_title usg_post_title_1 align_center entry-title color_link_inherit\"><a href=\"https:\/\/www.miomente.de\/entdeckermagazin\/fuh-kochschule-in-hamburg-ottensen\/\">FuH &#8211; Kochschule in Hamburg-Ottensen<\/a><\/h2><div class=\"w-post-elm post_content usg_post_content_1\">Das FuH Restaurant in Hamburg legt hohen Wert auf die Qualit\u00e4t der Lebensmittel. Genie\u00dfe regionale Besonderheiten in einem sch\u00f6nen Ambiente.<\/div><\/div>\t\t<\/div>\n\t<\/article>\n\t<article class=\"w-grid-item post-33656 post type-post status-publish format-standard has-post-thumbnail hentry category-eventlocations category-eventlocations-in-hamburg tag-eventlocation tag-events tag-location\" data-id=\"33656\">\n\t\t<div class=\"w-grid-item-h\">\n\t\t\t\t\t\t<div class=\"w-post-elm post_image usg_post_image_1 stretched\"><a href=\"https:\/\/www.miomente.de\/entdeckermagazin\/weinland-waterfront-eventlocation-in-hamburg-altona\/\" aria-label=\"Weinland Waterfront \u2013 Eventlocation in Hamburg-Altona\"><img width=\"600\" height=\"400\" src=\"https:\/\/www.miomente.de\/entdeckermagazin\/wp-content\/uploads\/2019\/01\/weinladen-waterfront-bodega-miomente-entdeckermagazin-600x400.jpg\" class=\"attachment-us_600_400_crop size-us_600_400_crop wp-post-image\" alt=\"Eventlocation Weinland Waterfront - Bodega | Miomente Entdeckermagazin\" decoding=\"async\" loading=\"lazy\" srcset=\"https:\/\/www.miomente.de\/entdeckermagazin\/wp-content\/uploads\/2019\/01\/weinladen-waterfront-bodega-miomente-entdeckermagazin-600x400.jpg 600w, https:\/\/www.miomente.de\/entdeckermagazin\/wp-content\/uploads\/2019\/01\/weinladen-waterfront-bodega-miomente-entdeckermagazin-300x200.jpg 300w, https:\/\/www.miomente.de\/entdeckermagazin\/wp-content\/uploads\/2019\/01\/weinladen-waterfront-bodega-miomente-entdeckermagazin-768x512.jpg 768w, https:\/\/www.miomente.de\/entdeckermagazin\/wp-content\/uploads\/2019\/01\/weinladen-waterfront-bodega-miomente-entdeckermagazin.jpg 1000w\" sizes=\"(max-width: 600px) 100vw, 600px\" \/><\/a><\/div><div class=\"w-vwrapper usg_vwrapper_1 align_left valign_top\"><h2 class=\"w-post-elm post_title usg_post_title_1 align_center entry-title color_link_inherit\"><a href=\"https:\/\/www.miomente.de\/entdeckermagazin\/weinland-waterfront-eventlocation-in-hamburg-altona\/\">Weinland Waterfront \u2013 Eventlocation in Hamburg-Altona<\/a><\/h2><div class=\"w-post-elm post_content usg_post_content_1\">Edle Tropfen aus aller Welt in einem gem\u00fctlich-rustikalen Ambiente mit italienischem Flair. Das ist unser Weinladen in Hamburg direkt an der Elbe.&hellip;<\/div><\/div>\t\t<\/div>\n\t<\/article>\n<\/div><div class=\"w-grid-preloader\"><div class=\"g-preloader type_1\">\n\t<div><\/div>\n<\/div>\n<\/div>\t<div class=\"w-grid-json hidden\" onclick='return {&quot;action&quot;:&quot;us_ajax_grid&quot;,&quot;ajax_url&quot;:&quot;https:\\\/\\\/www.miomente.de\\\/entdeckermagazin\\\/wp-admin\\\/admin-ajax.php&quot;,&quot;infinite_scroll&quot;:0,&quot;max_num_pages&quot;:1,&quot;pagination&quot;:&quot;none&quot;,&quot;permalink_url&quot;:&quot;https:\\\/\\\/www.miomente.de\\\/entdeckermagazin\\\/wp-json\\\/wp\\\/v2\\\/pages\\\/5595&quot;,&quot;template_vars&quot;:{&quot;columns&quot;:&quot;3&quot;,&quot;exclude_items&quot;:&quot;none&quot;,&quot;img_size&quot;:&quot;us_600_400_crop&quot;,&quot;ignore_items_size&quot;:0,&quot;items_layout&quot;:&quot;38703&quot;,&quot;items_offset&quot;:&quot;1&quot;,&quot;load_animation&quot;:&quot;none&quot;,&quot;overriding_link&quot;:&quot;none&quot;,&quot;post_id&quot;:5595,&quot;query_args&quot;:{&quot;post_type&quot;:[&quot;post&quot;],&quot;tax_query&quot;:[{&quot;taxonomy&quot;:&quot;category&quot;,&quot;field&quot;:&quot;slug&quot;,&quot;terms&quot;:[&quot;eventlocations-in-hamburg&quot;]}],&quot;post_status&quot;:[&quot;publish&quot;],&quot;posts_per_page&quot;:&quot;500&quot;},&quot;orderby_query_args&quot;:{&quot;orderby&quot;:{&quot;title&quot;:&quot;ASC&quot;},&quot;order&quot;:&quot;ASC&quot;},&quot;type&quot;:&quot;grid&quot;,&quot;us_grid_ajax_index&quot;:1,&quot;us_grid_filter_params&quot;:null,&quot;us_grid_index&quot;:1,&quot;_us_grid_post_type&quot;:&quot;post&quot;}}'><\/div>\n\t<\/div><\/div><\/div><\/div><\/div><\/div><\/div><\/div><\/div><\/div><\/section>\n","protected":false},"excerpt":{"rendered":"Daten zur Location: Adresse:\u00a0Eventlocation Waterfront, Gro\u00dfe Elbstra\u00dfe 146, 22767 Hamburg Parkpl\u00e4tze: Gegen\u00fcber im Holzhafen Parkhaus (400 \u00f6ffentliche 24 Stunden\u00a0Pl\u00e4tze) Anfahrt mit \u00f6ffentlichen Verkehrsmitteln:\u00a0Mit dem Bus (111er Haltestelle Sandberg) Mit der S-Bahn (K\u00f6nigstra\u00dfe, zu Fu\u00df 10 Min.) und mit der U-Bahn (Landungsbr\u00fccken, zu Fu\u00df 30 Min.) Besonderheiten:\u00a0Die rustikale Eventlocation &#8222;Weinland Waterfront&#8220; befindet sich im \u00e4ltesten Haus...","protected":false},"author":1,"featured_media":0,"parent":0,"menu_order":0,"comment_status":"closed","ping_status":"closed","template":"","meta":[],"aioseo_notices":[],"_links":{"self":[{"href":"https:\/\/www.miomente.de\/entdeckermagazin\/wp-json\/wp\/v2\/pages\/5595"}],"collection":[{"href":"https:\/\/www.miomente.de\/entdeckermagazin\/wp-json\/wp\/v2\/pages"}],"about":[{"href":"https:\/\/www.miomente.de\/entdeckermagazin\/wp-json\/wp\/v2\/types\/page"}],"author":[{"embeddable":true,"href":"https:\/\/www.miomente.de\/entdeckermagazin\/wp-json\/wp\/v2\/users\/1"}],"replies":[{"embeddable":true,"href":"https:\/\/www.miomente.de\/entdeckermagazin\/wp-json\/wp\/v2\/comments?post=5595"}],"version-history":[{"count":0,"href":"https:\/\/www.miomente.de\/entdeckermagazin\/wp-json\/wp\/v2\/pages\/5595\/revisions"}],"wp:attachment":[{"href":"https:\/\/www.miomente.de\/entdeckermagazin\/wp-json\/wp\/v2\/media?parent=5595"}],"curies":[{"name":"wp","href":"https:\/\/api.w.org\/{rel}","templated":true}]}}