{"id":5599,"date":"2016-01-25T15:18:56","date_gmt":"2016-01-25T14:18:56","guid":{"rendered":"http:\/\/www.miomente.de\/entdeckermagazin\/?page_id=5599"},"modified":"2019-10-21T13:35:23","modified_gmt":"2019-10-21T11:35:23","slug":"eventlocations-in-heidelberg","status":"publish","type":"page","link":"https:\/\/www.miomente.de\/entdeckermagazin\/eventlocations-in-heidelberg\/","title":{"rendered":"Eventlocations in Heidelberg"},"content":{"rendered":"<section class=\"l-section wpb_row height_medium\"><div class=\"l-section-h i-cf\"><div class=\"g-cols vc_row via_flex valign_top type_default stacking_default\"><div class=\"vc_col-sm-12 wpb_column vc_column_container\"><div class=\"vc_column-inner\"><div class=\"wpb_wrapper\"><div class=\"wpb_text_column\"><div class=\"wpb_wrapper\"><h2>UNSERE EVENTLOCATIONS UND KOCHSCHULEN IN HEIDELBERG<\/h2>\n<p><span style=\"font-weight: 400;\">Besuche \u00a0unsere sorgf\u00e4ltig ausgew\u00e4hlten Eventlocations und Kochschulen in Heidelberg und erweitere dein K\u00fcchenwissen. W\u00e4hle dein Genuss-Thema vom Asia-Kochkurs, \u00fcber Gin-Tasting bis hin zum Barista-Workshop. Bei uns erlebst du besonderen Genuss und lernst neue Aromen, Zutaten und Kochtechniken kennen. Mal in einem schnuckeligen, kleinen Ladencaf\u00e9, mal in einem hochmodernen K\u00fcchenloft: Wohlf\u00fchlatmosph\u00e4re ist garantiert! Schau dir unsere <\/span><a href=\"https:\/\/www.miomente.de\/heidelberg\/genuss-kategorien\/kochkurse\"><span style=\"font-weight: 400;\">Kochkurse in Heidelberg<\/span><\/a><span style=\"font-weight: 400;\">\u00a0an oder mache dich hier schon mal mit unseren Eventlocations vertraut.<\/span><\/p>\n<\/div><\/div><div class=\"g-cols wpb_row via_flex valign_top type_default stacking_default\"><div class=\"vc_col-sm-12 wpb_column vc_column_container\"><div class=\"vc_column-inner\"><div class=\"wpb_wrapper\"><div class=\"w-grid type_grid layout_38703 cols_3 overflow_hidden\" id=\"us_grid_1\" data-filterable=\"true\"><style>#us_grid_1 .w-grid-item{padding:1rem}#us_grid_1 .w-grid-list{margin:-1rem}.w-grid + #us_grid_1 .w-grid-list,.w-grid-none + #us_grid_1 .w-grid-list{margin-top:1rem}@media (max-width:899px){#us_grid_1 .w-grid-item{width:50%}}@media (max-width:599px){#us_grid_1 .w-grid-list{margin:0}#us_grid_1 .w-grid-item{width:100%;padding:0;margin-bottom:1rem}}.layout_38703 .w-grid-item-h{background:#ffffff;color:#444444;border-radius:0.3rem;box-shadow:0 0.03rem 0.06rem rgba(0,0,0,0.1),0 0.1rem 0.3rem rgba(0,0,0,0.1);transition-duration:0.3s}.no-touch .layout_38703 .w-grid-item-h:hover{box-shadow:0 0.12rem 0.24rem rgba(0,0,0,0.1),0 0.4rem 1.2rem rgba(0,0,0,0.15);z-index:4}.layout_38703 .usg_post_content_1{text-align:center!important}<\/style><div class=\"w-grid-list\">\t<article class=\"w-grid-item post-17674 post type-post status-publish format-standard has-post-thumbnail hentry category-eventlocations-in-heidelberg\" data-id=\"17674\">\n\t\t<div class=\"w-grid-item-h\">\n\t\t\t\t\t\t<div class=\"w-post-elm post_image usg_post_image_1 stretched\"><a href=\"https:\/\/www.miomente.de\/entdeckermagazin\/brauerei-zum-klosterhof-eventlocation-in-heidelberg\/\" aria-label=\"Brauerei zum Klosterhof &#8211; Eventlocation in Heidelberg\"><img width=\"600\" height=\"400\" src=\"https:\/\/www.miomente.de\/entdeckermagazin\/wp-content\/uploads\/2016\/03\/miomente-partner-heidelberg-brauerei-zum-klosterhof-location-600x400.jpg\" class=\"attachment-us_600_400_crop size-us_600_400_crop wp-post-image\" alt=\"\" decoding=\"async\" loading=\"lazy\" \/><\/a><\/div><div class=\"w-vwrapper usg_vwrapper_1 align_left valign_top\"><h2 class=\"w-post-elm post_title usg_post_title_1 align_center entry-title color_link_inherit\"><a href=\"https:\/\/www.miomente.de\/entdeckermagazin\/brauerei-zum-klosterhof-eventlocation-in-heidelberg\/\">Brauerei zum Klosterhof &#8211; Eventlocation in Heidelberg<\/a><\/h2><div class=\"w-post-elm post_content usg_post_content_1\">Die junge und moderne Brauerei zum Klosterhof \u00f6ffnete im Oktober 2009 im mittelalterlichen Stift Neuburg ihre Pforten und braut seitdem feinste Bio-Biere&hellip;<\/div><\/div>\t\t<\/div>\n\t<\/article>\n\t<article class=\"w-grid-item post-26040 post type-post status-publish format-standard has-post-thumbnail hentry category-eventlocations category-eventlocations-in-heidelberg tag-alt-speyer tag-bio tag-bio-koch tag-eventlocation tag-events tag-grillkurse tag-heidelberg tag-kochkurse tag-location tag-speyer tag-stefan-walch\" data-id=\"26040\">\n\t\t<div class=\"w-grid-item-h\">\n\t\t\t\t\t\t<div class=\"w-post-elm post_image usg_post_image_1 stretched\"><a href=\"https:\/\/www.miomente.de\/entdeckermagazin\/grill-wok-akademie-im-hotel-alt-speyer-eventlocation-in-heidelberg\/\" aria-label=\"Grill &#038; Wok Akademie im Hotel Alt-Speyer \u2013 Eventlocation in Heidelberg\"><img width=\"600\" height=\"400\" src=\"https:\/\/www.miomente.de\/entdeckermagazin\/wp-content\/uploads\/2018\/02\/kochkurse-heidelberg-stefan-walch-location-gewoelbe-kueche-entdeckermagazin-miomente-600x400.jpg\" class=\"attachment-us_600_400_crop size-us_600_400_crop wp-post-image\" alt=\"Grillkurse und Kochkurse in Heidelberg Alt-Speyer mit Bio-Koch Stefan Walch | Miomente Entdeckermagazin\" decoding=\"async\" loading=\"lazy\" srcset=\"https:\/\/www.miomente.de\/entdeckermagazin\/wp-content\/uploads\/2018\/02\/kochkurse-heidelberg-stefan-walch-location-gewoelbe-kueche-entdeckermagazin-miomente-600x400.jpg 600w, https:\/\/www.miomente.de\/entdeckermagazin\/wp-content\/uploads\/2018\/02\/kochkurse-heidelberg-stefan-walch-location-gewoelbe-kueche-entdeckermagazin-miomente-300x199.jpg 300w\" sizes=\"(max-width: 600px) 100vw, 600px\" \/><\/a><\/div><div class=\"w-vwrapper usg_vwrapper_1 align_left valign_top\"><h2 class=\"w-post-elm post_title usg_post_title_1 align_center entry-title color_link_inherit\"><a href=\"https:\/\/www.miomente.de\/entdeckermagazin\/grill-wok-akademie-im-hotel-alt-speyer-eventlocation-in-heidelberg\/\">Grill &#038; Wok Akademie im Hotel Alt-Speyer \u2013 Eventlocation in Heidelberg<\/a><\/h2><div class=\"w-post-elm post_content usg_post_content_1\">In der Grill &#038; Wok Akademie im Hotel Alt-Speyer f\u00fchrt Bio Spitzenkoch Stefan Walch in die hohe Kunst des Grillens ein. Genie\u00dfen&hellip;<\/div><\/div>\t\t<\/div>\n\t<\/article>\n<\/div><div class=\"w-grid-preloader\"><div class=\"g-preloader type_1\">\n\t<div><\/div>\n<\/div>\n<\/div>\t<div class=\"w-grid-json hidden\" onclick='return {&quot;action&quot;:&quot;us_ajax_grid&quot;,&quot;ajax_url&quot;:&quot;https:\\\/\\\/www.miomente.de\\\/entdeckermagazin\\\/wp-admin\\\/admin-ajax.php&quot;,&quot;infinite_scroll&quot;:0,&quot;max_num_pages&quot;:1,&quot;pagination&quot;:&quot;none&quot;,&quot;permalink_url&quot;:&quot;https:\\\/\\\/www.miomente.de\\\/entdeckermagazin\\\/wp-json\\\/wp\\\/v2\\\/pages\\\/5599&quot;,&quot;template_vars&quot;:{&quot;columns&quot;:&quot;3&quot;,&quot;exclude_items&quot;:&quot;none&quot;,&quot;img_size&quot;:&quot;us_600_400_crop&quot;,&quot;ignore_items_size&quot;:0,&quot;items_layout&quot;:&quot;38703&quot;,&quot;items_offset&quot;:&quot;1&quot;,&quot;load_animation&quot;:&quot;none&quot;,&quot;overriding_link&quot;:&quot;none&quot;,&quot;post_id&quot;:5599,&quot;query_args&quot;:{&quot;post_type&quot;:[&quot;post&quot;],&quot;tax_query&quot;:[{&quot;taxonomy&quot;:&quot;category&quot;,&quot;field&quot;:&quot;slug&quot;,&quot;terms&quot;:[&quot;eventlocations-in-heidelberg&quot;]}],&quot;post_status&quot;:[&quot;publish&quot;],&quot;posts_per_page&quot;:&quot;500&quot;},&quot;orderby_query_args&quot;:{&quot;orderby&quot;:{&quot;title&quot;:&quot;ASC&quot;},&quot;order&quot;:&quot;ASC&quot;},&quot;type&quot;:&quot;grid&quot;,&quot;us_grid_ajax_index&quot;:1,&quot;us_grid_filter_params&quot;:null,&quot;us_grid_index&quot;:1,&quot;_us_grid_post_type&quot;:&quot;post&quot;}}'><\/div>\n\t<\/div><\/div><\/div><\/div><\/div><\/div><\/div><\/div><\/div><\/div><\/section>\n","protected":false},"excerpt":{"rendered":"Daten zur Location: Adresse: Grill &amp; Wok Akademie im Hotel Alt-Speyer,\u00a0Gro\u00dfe Gailergasse 1A,\u00a067346 Speyer Fl\u00e4che: 140 qm Personenzahl: 60 Personen Parkpl\u00e4tze:\u00a0Direkt am Hotel besteht eine Kurzparkzone. Deshalb bitten wir euch folgende Parkm\u00f6glichkeit zu nutzen (ca. 250 m vom Hotel entfernt):\u00a0CONTIPARK Tiefgarage Postgalerie (M\u00fchlturmpassage) Anfahrt mit \u00f6ffentlichen Verkehrsmitteln:\u00a0Stadtbus Linie 562 bis Bartholom\u00e4us-Weltz-Platz, Linie 563 bis Ged\u00e4chtiniskirche...","protected":false},"author":1,"featured_media":0,"parent":0,"menu_order":0,"comment_status":"closed","ping_status":"closed","template":"","meta":[],"aioseo_notices":[],"_links":{"self":[{"href":"https:\/\/www.miomente.de\/entdeckermagazin\/wp-json\/wp\/v2\/pages\/5599"}],"collection":[{"href":"https:\/\/www.miomente.de\/entdeckermagazin\/wp-json\/wp\/v2\/pages"}],"about":[{"href":"https:\/\/www.miomente.de\/entdeckermagazin\/wp-json\/wp\/v2\/types\/page"}],"author":[{"embeddable":true,"href":"https:\/\/www.miomente.de\/entdeckermagazin\/wp-json\/wp\/v2\/users\/1"}],"replies":[{"embeddable":true,"href":"https:\/\/www.miomente.de\/entdeckermagazin\/wp-json\/wp\/v2\/comments?post=5599"}],"version-history":[{"count":0,"href":"https:\/\/www.miomente.de\/entdeckermagazin\/wp-json\/wp\/v2\/pages\/5599\/revisions"}],"wp:attachment":[{"href":"https:\/\/www.miomente.de\/entdeckermagazin\/wp-json\/wp\/v2\/media?parent=5599"}],"curies":[{"name":"wp","href":"https:\/\/api.w.org\/{rel}","templated":true}]}}