{"id":5603,"date":"2016-01-25T15:20:01","date_gmt":"2016-01-25T14:20:01","guid":{"rendered":"http:\/\/www.miomente.de\/entdeckermagazin\/?page_id=5603"},"modified":"2019-10-21T13:38:50","modified_gmt":"2019-10-21T11:38:50","slug":"eventlocations-in-koeln","status":"publish","type":"page","link":"https:\/\/www.miomente.de\/entdeckermagazin\/eventlocations-in-koeln\/","title":{"rendered":"Eventlocations in K\u00f6ln"},"content":{"rendered":"<section class=\"l-section wpb_row height_medium\"><div class=\"l-section-h i-cf\"><div class=\"g-cols vc_row via_flex valign_top type_default stacking_default\"><div class=\"vc_col-sm-12 wpb_column vc_column_container\"><div class=\"vc_column-inner\"><div class=\"wpb_wrapper\"><div class=\"wpb_text_column\"><div class=\"wpb_wrapper\"><div class=\"wpb_text_column \">\n<div class=\"wpb_wrapper\">\n<h2>Unsere Eventlocations und Kochschulen in K\u00f6ln<\/h2>\n<p>Ob fern\u00f6stlicher Dim Sum-Kurs, k\u00f6stliche Weinprobe oder spannendes Gin-Tasting: in unseren au\u00dfergew\u00f6hnlichen Eventlocations und Kochschulen in K\u00f6ln nehmen wir dich mit auf Genussexpedition in fremde L\u00e4nder und K\u00fcchenkulturen: du entdeckst neue Kochtechniken, Zutaten und Geschmacksmomente. Ob in einem urigen historischen Gew\u00f6lbekeller in K\u00f6ln-S\u00fcrth oder einer liebevoll eingerichteten Eventk\u00fcche in der K\u00f6lner Altstadt: Immer kochst, verkostest und b\u00e4ckst du in stimmigem Ambiente. Entdecke jetzt alle <a href=\"https:\/\/www.miomente.de\/koeln\/genuss-kategorien\/kochkurse\/\">Kochkurse in K\u00f6ln<\/a> oder schnupper erstmal hier in unsere Eventlocations rein.<\/p>\n<\/div>\n<\/div>\n<\/div><\/div><div class=\"g-cols wpb_row via_flex valign_top type_default stacking_default\"><div class=\"vc_col-sm-12 wpb_column vc_column_container\"><div class=\"vc_column-inner\"><div class=\"wpb_wrapper\"><div class=\"w-grid type_grid layout_38703 cols_3 overflow_hidden\" id=\"us_grid_1\" data-filterable=\"true\"><style>#us_grid_1 .w-grid-item{padding:1rem}#us_grid_1 .w-grid-list{margin:-1rem}.w-grid + #us_grid_1 .w-grid-list,.w-grid-none + #us_grid_1 .w-grid-list{margin-top:1rem}@media (max-width:899px){#us_grid_1 .w-grid-item{width:50%}}@media (max-width:599px){#us_grid_1 .w-grid-list{margin:0}#us_grid_1 .w-grid-item{width:100%;padding:0;margin-bottom:1rem}}.layout_38703 .w-grid-item-h{background:#ffffff;color:#444444;border-radius:0.3rem;box-shadow:0 0.03rem 0.06rem rgba(0,0,0,0.1),0 0.1rem 0.3rem rgba(0,0,0,0.1);transition-duration:0.3s}.no-touch .layout_38703 .w-grid-item-h:hover{box-shadow:0 0.12rem 0.24rem rgba(0,0,0,0.1),0 0.4rem 1.2rem rgba(0,0,0,0.15);z-index:4}.layout_38703 .usg_post_content_1{text-align:center!important}<\/style><div class=\"w-grid-list\">\t<article class=\"w-grid-item size_1x1 post-43044 post type-post status-publish format-standard has-post-thumbnail hentry category-eventlocations-in-koeln category-partner category-partner-in-koeln category-wein-geheimnisse tag-claudia-stern tag-genussmensch tag-koeln-weinevents tag-rotwein-mit-stil tag-sommeliere tag-wein tag-wein-und-genuss tag-wineglory\" data-id=\"43044\">\n\t\t<div class=\"w-grid-item-h\">\n\t\t\t\t\t\t<div class=\"w-post-elm post_image usg_post_image_1 stretched\"><a href=\"https:\/\/www.miomente.de\/entdeckermagazin\/claudia-stern-koeln\/\" aria-label=\"Claudia Stern und das wine&#038;glory Weinloft in K\u00f6ln\"><img width=\"600\" height=\"400\" src=\"https:\/\/www.miomente.de\/entdeckermagazin\/wp-content\/uploads\/2021\/10\/Miomente_Partner-Claudia-Stern-koeln-600x400.jpg\" class=\"attachment-us_600_400_crop size-us_600_400_crop wp-post-image\" alt=\"\" decoding=\"async\" loading=\"lazy\" srcset=\"https:\/\/www.miomente.de\/entdeckermagazin\/wp-content\/uploads\/2021\/10\/Miomente_Partner-Claudia-Stern-koeln-600x400.jpg 600w, https:\/\/www.miomente.de\/entdeckermagazin\/wp-content\/uploads\/2021\/10\/Miomente_Partner-Claudia-Stern-koeln-300x200.jpg 300w, https:\/\/www.miomente.de\/entdeckermagazin\/wp-content\/uploads\/2021\/10\/Miomente_Partner-Claudia-Stern-koeln-768x511.jpg 768w, https:\/\/www.miomente.de\/entdeckermagazin\/wp-content\/uploads\/2021\/10\/Miomente_Partner-Claudia-Stern-koeln.jpg 1000w\" sizes=\"(max-width: 600px) 100vw, 600px\" \/><\/a><\/div><div class=\"w-vwrapper usg_vwrapper_1 align_left valign_top\"><h2 class=\"w-post-elm post_title usg_post_title_1 align_center entry-title color_link_inherit\"><a href=\"https:\/\/www.miomente.de\/entdeckermagazin\/claudia-stern-koeln\/\">Claudia Stern und das wine&#038;glory Weinloft in K\u00f6ln<\/a><\/h2><div class=\"w-post-elm post_content usg_post_content_1\">Claudia Stern ist der Sommeli\u00e8re-Stern aus Deutschland. Ihr Motto: Leben, lieben und lachen tr\u00e4gt sie auch in die Genusswelt und ein Event&hellip;<\/div><\/div>\t\t<\/div>\n\t<\/article>\n<\/div><div class=\"w-grid-preloader\"><div class=\"g-preloader type_1\">\n\t<div><\/div>\n<\/div>\n<\/div>\t<div class=\"w-grid-json hidden\" onclick='return {&quot;action&quot;:&quot;us_ajax_grid&quot;,&quot;ajax_url&quot;:&quot;https:\\\/\\\/www.miomente.de\\\/entdeckermagazin\\\/wp-admin\\\/admin-ajax.php&quot;,&quot;infinite_scroll&quot;:0,&quot;max_num_pages&quot;:1,&quot;pagination&quot;:&quot;none&quot;,&quot;permalink_url&quot;:&quot;https:\\\/\\\/www.miomente.de\\\/entdeckermagazin\\\/wp-json\\\/wp\\\/v2\\\/pages\\\/5603&quot;,&quot;template_vars&quot;:{&quot;columns&quot;:&quot;3&quot;,&quot;exclude_items&quot;:&quot;none&quot;,&quot;img_size&quot;:&quot;us_600_400_crop&quot;,&quot;ignore_items_size&quot;:0,&quot;items_layout&quot;:&quot;38703&quot;,&quot;items_offset&quot;:&quot;1&quot;,&quot;load_animation&quot;:&quot;none&quot;,&quot;overriding_link&quot;:&quot;none&quot;,&quot;post_id&quot;:5603,&quot;query_args&quot;:{&quot;post_type&quot;:[&quot;post&quot;],&quot;tax_query&quot;:[{&quot;taxonomy&quot;:&quot;category&quot;,&quot;field&quot;:&quot;slug&quot;,&quot;terms&quot;:[&quot;eventlocations-in-koeln&quot;]}],&quot;post_status&quot;:[&quot;publish&quot;],&quot;posts_per_page&quot;:&quot;500&quot;},&quot;orderby_query_args&quot;:{&quot;orderby&quot;:{&quot;title&quot;:&quot;ASC&quot;},&quot;order&quot;:&quot;ASC&quot;},&quot;type&quot;:&quot;grid&quot;,&quot;us_grid_ajax_index&quot;:1,&quot;us_grid_filter_params&quot;:null,&quot;us_grid_index&quot;:1,&quot;_us_grid_post_type&quot;:&quot;post&quot;}}'><\/div>\n\t<\/div><\/div><\/div><\/div><\/div><\/div><\/div><\/div><\/div><\/div><\/section>\n","protected":false},"excerpt":{"rendered":"Claudia Stern hat mit ihrem Wineloft &#8222;wine&amp;glory&#8220; einen ganz besonderen Ort f\u00fcr Genuss und Begegnung geschaffen. Ob neugieriger Einsteiger oder anspruchsvoller Kenner, wer sich f\u00fcr Weinseminare in K\u00f6ln interessiert, ist hier gut aufgehoben. Hier ist jedes Detail aufeinander abgestimmt und die G\u00e4ste genie\u00dfen aus mundgeblasenen Nude-Gl\u00e4sern.Ja, Claudia h\u00e4tte sich auch den Beruf Innenarchitektin vorstellen k\u00f6nnen...","protected":false},"author":1,"featured_media":0,"parent":0,"menu_order":0,"comment_status":"closed","ping_status":"closed","template":"","meta":[],"aioseo_notices":[],"_links":{"self":[{"href":"https:\/\/www.miomente.de\/entdeckermagazin\/wp-json\/wp\/v2\/pages\/5603"}],"collection":[{"href":"https:\/\/www.miomente.de\/entdeckermagazin\/wp-json\/wp\/v2\/pages"}],"about":[{"href":"https:\/\/www.miomente.de\/entdeckermagazin\/wp-json\/wp\/v2\/types\/page"}],"author":[{"embeddable":true,"href":"https:\/\/www.miomente.de\/entdeckermagazin\/wp-json\/wp\/v2\/users\/1"}],"replies":[{"embeddable":true,"href":"https:\/\/www.miomente.de\/entdeckermagazin\/wp-json\/wp\/v2\/comments?post=5603"}],"version-history":[{"count":0,"href":"https:\/\/www.miomente.de\/entdeckermagazin\/wp-json\/wp\/v2\/pages\/5603\/revisions"}],"wp:attachment":[{"href":"https:\/\/www.miomente.de\/entdeckermagazin\/wp-json\/wp\/v2\/media?parent=5603"}],"curies":[{"name":"wp","href":"https:\/\/api.w.org\/{rel}","templated":true}]}}