{"id":5619,"date":"2016-01-25T15:25:39","date_gmt":"2016-01-25T14:25:39","guid":{"rendered":"http:\/\/www.miomente.de\/entdeckermagazin\/?page_id=5619"},"modified":"2019-10-23T09:25:40","modified_gmt":"2019-10-23T07:25:40","slug":"partner-in-augsburg","status":"publish","type":"page","link":"https:\/\/www.miomente.de\/entdeckermagazin\/partner-in-augsburg\/","title":{"rendered":"Partner in Augsburg"},"content":{"rendered":"<section class=\"l-section wpb_row height_medium\"><div class=\"l-section-h i-cf\"><div class=\"g-cols vc_row via_flex valign_top type_default stacking_default\"><div class=\"vc_col-sm-12 wpb_column vc_column_container\"><div class=\"vc_column-inner\"><div class=\"wpb_wrapper\"><div class=\"wpb_text_column\"><div class=\"wpb_wrapper\"><h2>UNSERE PARTNER IN AUGSBURG<\/h2>\n<p><span style=\"font-weight: 400;\">Lust auf jede Menge Genuss? Wir haben die Experten f\u00fcr Weinproben, Sensorik-Seminare, Gin-Tastings, Barista-Kurse oder Backkurse in den besten Locations in Augsburg. Unsere <a href=\"https:\/\/www.miomente.de\/augsburg\/genuss-kategorien\/kochkurse\">Kochkurse in Augsburg<\/a> versorgen dich mit Food-Trends, den besten Tipps und Tricks aus der Gastro-Szene, inspirativen Rezepten, einer angenehmen Atmosph\u00e4re und viel Spa\u00df!\u00a0<\/span><\/p>\n<\/div><\/div><div class=\"g-cols wpb_row via_flex valign_top type_default stacking_default\"><div class=\"vc_col-sm-12 wpb_column vc_column_container\"><div class=\"vc_column-inner\"><div class=\"wpb_wrapper\"><div class=\"w-grid type_grid layout_38703 cols_3 overflow_hidden\" id=\"us_grid_1\" data-filterable=\"true\"><style>#us_grid_1 .w-grid-item{padding:1rem}#us_grid_1 .w-grid-list{margin:-1rem}.w-grid + #us_grid_1 .w-grid-list,.w-grid-none + #us_grid_1 .w-grid-list{margin-top:1rem}@media (max-width:899px){#us_grid_1 .w-grid-item{width:50%}}@media (max-width:599px){#us_grid_1 .w-grid-list{margin:0}#us_grid_1 .w-grid-item{width:100%;padding:0;margin-bottom:1rem}}.layout_38703 .w-grid-item-h{background:#ffffff;color:#444444;border-radius:0.3rem;box-shadow:0 0.03rem 0.06rem rgba(0,0,0,0.1),0 0.1rem 0.3rem rgba(0,0,0,0.1);transition-duration:0.3s}.no-touch .layout_38703 .w-grid-item-h:hover{box-shadow:0 0.12rem 0.24rem rgba(0,0,0,0.1),0 0.4rem 1.2rem rgba(0,0,0,0.15);z-index:4}.layout_38703 .usg_post_content_1{text-align:center!important}<\/style><div class=\"w-grid-list\">\t<article class=\"w-grid-item size_1x1 post-43931 post type-post status-publish format-standard has-post-thumbnail hentry category-partner category-partner-in-augsburg tag-backen tag-baecker tag-brot tag-brot-backen tag-gebaeck tag-konditor tag-torten tag-weihnachtsbaeckerei\" data-id=\"43931\">\n\t\t<div class=\"w-grid-item-h\">\n\t\t\t\t\t\t<div class=\"w-post-elm post_image usg_post_image_1 stretched\"><a href=\"https:\/\/www.miomente.de\/entdeckermagazin\/baecker-lothar-rother-augsburg\/\" aria-label=\"B\u00e4cker und Konditor Lothar Rother\"><img width=\"600\" height=\"400\" src=\"https:\/\/www.miomente.de\/entdeckermagazin\/wp-content\/uploads\/2022\/07\/lothar-rother-600x400.jpg\" class=\"attachment-us_600_400_crop size-us_600_400_crop wp-post-image\" alt=\"Lothar Rother im Backstudio\" decoding=\"async\" loading=\"lazy\" \/><\/a><\/div><div class=\"w-vwrapper usg_vwrapper_1 align_left valign_top\"><h2 class=\"w-post-elm post_title usg_post_title_1 align_center entry-title color_link_inherit\"><a href=\"https:\/\/www.miomente.de\/entdeckermagazin\/baecker-lothar-rother-augsburg\/\">B\u00e4cker und Konditor Lothar Rother<\/a><\/h2><div class=\"w-post-elm post_content usg_post_content_1\">F\u00fcr Lothar Rother war die Arbeit gleichzeitig sein Hobby. Knuspriges Brot, feine franz\u00f6sische Croissants, Semmeln, Torten, Weihnachtspl\u00e4tzchen \u2013 der pensionierte B\u00e4cker- und&hellip;<\/div><\/div>\t\t<\/div>\n\t<\/article>\n\t<article class=\"w-grid-item size_1x1 post-43933 post type-post status-publish format-standard has-post-thumbnail hentry category-partner category-partner-in-augsburg tag-augsburg tag-italienische-kochkurse tag-kochschule\" data-id=\"43933\">\n\t\t<div class=\"w-grid-item-h\">\n\t\t\t\t\t\t<div class=\"w-post-elm post_image usg_post_image_1 stretched\"><a href=\"https:\/\/www.miomente.de\/entdeckermagazin\/koch-dennis-ender-augsburg\/\" aria-label=\"Koch Dennis Ender von der Kochschule Atelier Ender in Augsburg\"><img width=\"600\" height=\"400\" src=\"https:\/\/www.miomente.de\/entdeckermagazin\/wp-content\/uploads\/2022\/07\/miomente-partner-augsburg-dennis-ender-600x400.jpg\" class=\"attachment-us_600_400_crop size-us_600_400_crop wp-post-image\" alt=\"\" decoding=\"async\" loading=\"lazy\" srcset=\"https:\/\/www.miomente.de\/entdeckermagazin\/wp-content\/uploads\/2022\/07\/miomente-partner-augsburg-dennis-ender-600x400.jpg 600w, https:\/\/www.miomente.de\/entdeckermagazin\/wp-content\/uploads\/2022\/07\/miomente-partner-augsburg-dennis-ender-300x201.jpg 300w, https:\/\/www.miomente.de\/entdeckermagazin\/wp-content\/uploads\/2022\/07\/miomente-partner-augsburg-dennis-ender.jpg 1000w\" sizes=\"(max-width: 600px) 100vw, 600px\" \/><\/a><\/div><div class=\"w-vwrapper usg_vwrapper_1 align_left valign_top\"><h2 class=\"w-post-elm post_title usg_post_title_1 align_center entry-title color_link_inherit\"><a href=\"https:\/\/www.miomente.de\/entdeckermagazin\/koch-dennis-ender-augsburg\/\">Koch Dennis Ender von der Kochschule Atelier Ender in Augsburg<\/a><\/h2><div class=\"w-post-elm post_content usg_post_content_1\">Der junge charismatische Koch und Unternehmer Dennis Ender steht mit seinen kreativen Kochk\u00fcnsten und seiner schicken Kochschule im Herzen von Augsburg f\u00fcr&hellip;<\/div><\/div>\t\t<\/div>\n\t<\/article>\n\t<article class=\"w-grid-item size_1x1 post-9809 post type-post status-publish format-standard has-post-thumbnail hentry category-partner category-partner-in-augsburg tag-augsburg tag-partner tag-wein\" data-id=\"9809\">\n\t\t<div class=\"w-grid-item-h\">\n\t\t\t\t\t\t<div class=\"w-post-elm post_image usg_post_image_1 stretched\"><a href=\"https:\/\/www.miomente.de\/entdeckermagazin\/weinexperte-uli-scheffler\/\" aria-label=\"Weinexperte Uli Scheffler\"><img width=\"600\" height=\"400\" src=\"https:\/\/www.miomente.de\/entdeckermagazin\/wp-content\/uploads\/2016\/04\/Miomente-Partner-Uli-Scheffler-Weinhandlung-augsburg-600x400.jpg\" class=\"attachment-us_600_400_crop size-us_600_400_crop wp-post-image\" alt=\"Weinh\u00e4ndler Uli Scheffler Augsburg\" decoding=\"async\" loading=\"lazy\" \/><\/a><\/div><div class=\"w-vwrapper usg_vwrapper_1 align_left valign_top\"><h2 class=\"w-post-elm post_title usg_post_title_1 align_center entry-title color_link_inherit\"><a href=\"https:\/\/www.miomente.de\/entdeckermagazin\/weinexperte-uli-scheffler\/\">Weinexperte Uli Scheffler<\/a><\/h2><div class=\"w-post-elm post_content usg_post_content_1\">Das Credo von Weinexperte Uli Scheffler aus Augsburg lautet: &#8222;Wein trinken soll Spa\u00df machen!&#8220; In seinen Weinseminaren m\u00f6chte er \u00fcberholte Mythen und&hellip;<\/div><\/div>\t\t<\/div>\n\t<\/article>\n<\/div><div class=\"w-grid-preloader\"><div class=\"g-preloader type_1\">\n\t<div><\/div>\n<\/div>\n<\/div>\t<div class=\"w-grid-json hidden\" onclick='return {&quot;action&quot;:&quot;us_ajax_grid&quot;,&quot;ajax_url&quot;:&quot;https:\\\/\\\/www.miomente.de\\\/entdeckermagazin\\\/wp-admin\\\/admin-ajax.php&quot;,&quot;infinite_scroll&quot;:0,&quot;max_num_pages&quot;:1,&quot;pagination&quot;:&quot;none&quot;,&quot;permalink_url&quot;:&quot;https:\\\/\\\/www.miomente.de\\\/entdeckermagazin\\\/wp-json\\\/wp\\\/v2\\\/pages\\\/5619&quot;,&quot;template_vars&quot;:{&quot;columns&quot;:&quot;3&quot;,&quot;exclude_items&quot;:&quot;none&quot;,&quot;img_size&quot;:&quot;us_600_400_crop&quot;,&quot;ignore_items_size&quot;:0,&quot;items_layout&quot;:&quot;38703&quot;,&quot;items_offset&quot;:&quot;1&quot;,&quot;load_animation&quot;:&quot;none&quot;,&quot;overriding_link&quot;:&quot;none&quot;,&quot;post_id&quot;:5619,&quot;query_args&quot;:{&quot;post_type&quot;:[&quot;post&quot;],&quot;tax_query&quot;:[{&quot;taxonomy&quot;:&quot;category&quot;,&quot;field&quot;:&quot;slug&quot;,&quot;terms&quot;:[&quot;partner-in-augsburg&quot;]}],&quot;post_status&quot;:[&quot;publish&quot;],&quot;posts_per_page&quot;:&quot;500&quot;},&quot;orderby_query_args&quot;:{&quot;orderby&quot;:{&quot;date&quot;:&quot;DESC&quot;}},&quot;type&quot;:&quot;grid&quot;,&quot;us_grid_ajax_index&quot;:1,&quot;us_grid_filter_params&quot;:null,&quot;us_grid_index&quot;:1,&quot;_us_grid_post_type&quot;:&quot;post&quot;}}'><\/div>\n\t<\/div><\/div><\/div><\/div><\/div><\/div><\/div><\/div><\/div><\/div><\/section>\n","protected":false},"excerpt":{"rendered":"Das Familienunternehmen Weinhandel Scheffler gibt es schon seit 1994. Aus Liebe zum Wein, ist ein Beruf entstanden und seitdem wird in dem Augsburger Weinhandel Wein verkostet und verkauft. Lasse dich von Weinexperte Uli Scheffler auf eine Reise in die Weinberge mitnehmen. 4 Fragen an Uli Scheffler Warum Weinh\u00e4ndler? Ich habe aus meiner Liebe zum Wein...","protected":false},"author":1,"featured_media":0,"parent":0,"menu_order":0,"comment_status":"closed","ping_status":"closed","template":"","meta":[],"aioseo_notices":[],"_links":{"self":[{"href":"https:\/\/www.miomente.de\/entdeckermagazin\/wp-json\/wp\/v2\/pages\/5619"}],"collection":[{"href":"https:\/\/www.miomente.de\/entdeckermagazin\/wp-json\/wp\/v2\/pages"}],"about":[{"href":"https:\/\/www.miomente.de\/entdeckermagazin\/wp-json\/wp\/v2\/types\/page"}],"author":[{"embeddable":true,"href":"https:\/\/www.miomente.de\/entdeckermagazin\/wp-json\/wp\/v2\/users\/1"}],"replies":[{"embeddable":true,"href":"https:\/\/www.miomente.de\/entdeckermagazin\/wp-json\/wp\/v2\/comments?post=5619"}],"version-history":[{"count":0,"href":"https:\/\/www.miomente.de\/entdeckermagazin\/wp-json\/wp\/v2\/pages\/5619\/revisions"}],"wp:attachment":[{"href":"https:\/\/www.miomente.de\/entdeckermagazin\/wp-json\/wp\/v2\/media?parent=5619"}],"curies":[{"name":"wp","href":"https:\/\/api.w.org\/{rel}","templated":true}]}}