{"id":5629,"date":"2016-01-25T15:27:46","date_gmt":"2016-01-25T14:27:46","guid":{"rendered":"http:\/\/www.miomente.de\/entdeckermagazin\/?page_id=5629"},"modified":"2019-10-23T09:43:24","modified_gmt":"2019-10-23T07:43:24","slug":"partner-in-duesseldorf","status":"publish","type":"page","link":"https:\/\/www.miomente.de\/entdeckermagazin\/partner-in-duesseldorf\/","title":{"rendered":"Partner in D\u00fcsseldorf"},"content":{"rendered":"<section class=\"l-section wpb_row height_medium\"><div class=\"l-section-h i-cf\"><div class=\"g-cols vc_row via_flex valign_top type_default stacking_default\"><div class=\"vc_col-sm-12 wpb_column vc_column_container\"><div class=\"vc_column-inner\"><div class=\"wpb_wrapper\"><div class=\"wpb_text_column\"><div class=\"wpb_wrapper\"><h2>UNSERE PARTNER IN D\u00dcSSELDORF<\/h2>\n<\/div><\/div><div class=\"g-cols wpb_row via_flex valign_top type_default stacking_default\"><div class=\"vc_col-sm-12 wpb_column vc_column_container\"><div class=\"vc_column-inner\"><div class=\"wpb_wrapper\"><div class=\"w-grid type_grid layout_38703 cols_3 overflow_hidden\" id=\"us_grid_1\" data-filterable=\"true\"><style>#us_grid_1 .w-grid-item{padding:1rem}#us_grid_1 .w-grid-list{margin:-1rem}.w-grid + #us_grid_1 .w-grid-list,.w-grid-none + #us_grid_1 .w-grid-list{margin-top:1rem}@media (max-width:899px){#us_grid_1 .w-grid-item{width:50%}}@media (max-width:599px){#us_grid_1 .w-grid-list{margin:0}#us_grid_1 .w-grid-item{width:100%;padding:0;margin-bottom:1rem}}.layout_38703 .w-grid-item-h{background:#ffffff;color:#444444;border-radius:0.3rem;box-shadow:0 0.03rem 0.06rem rgba(0,0,0,0.1),0 0.1rem 0.3rem rgba(0,0,0,0.1);transition-duration:0.3s}.no-touch .layout_38703 .w-grid-item-h:hover{box-shadow:0 0.12rem 0.24rem rgba(0,0,0,0.1),0 0.4rem 1.2rem rgba(0,0,0,0.15);z-index:4}.layout_38703 .usg_post_content_1{text-align:center!important}<\/style><div class=\"w-grid-list\">\t<article class=\"w-grid-item size_1x1 post-38117 post type-post status-publish format-standard has-post-thumbnail hentry category-partner category-partner-in-duesseldorf tag-backen tag-backkurse tag-duesseldorf tag-eva-sabrina-addo tag-kurs\" data-id=\"38117\">\n\t\t<div class=\"w-grid-item-h\">\n\t\t\t\t\t\t<div class=\"w-post-elm post_image usg_post_image_1 stretched\"><a href=\"https:\/\/www.miomente.de\/entdeckermagazin\/baeckerin-eva-sabrina-addo\/\" aria-label=\"B\u00e4ckerin Eva Sabrina Addo\"><img width=\"600\" height=\"400\" src=\"https:\/\/www.miomente.de\/entdeckermagazin\/wp-content\/uploads\/2019\/07\/backkurse-team-candy-duesseldorf-eva-addo-miomente-entdeckermagazin-600x400.jpg\" class=\"attachment-us_600_400_crop size-us_600_400_crop wp-post-image\" alt=\"\" decoding=\"async\" loading=\"lazy\" srcset=\"https:\/\/www.miomente.de\/entdeckermagazin\/wp-content\/uploads\/2019\/07\/backkurse-team-candy-duesseldorf-eva-addo-miomente-entdeckermagazin-600x400.jpg 600w, https:\/\/www.miomente.de\/entdeckermagazin\/wp-content\/uploads\/2019\/07\/backkurse-team-candy-duesseldorf-eva-addo-miomente-entdeckermagazin-300x200.jpg 300w, https:\/\/www.miomente.de\/entdeckermagazin\/wp-content\/uploads\/2019\/07\/backkurse-team-candy-duesseldorf-eva-addo-miomente-entdeckermagazin-768x512.jpg 768w, https:\/\/www.miomente.de\/entdeckermagazin\/wp-content\/uploads\/2019\/07\/backkurse-team-candy-duesseldorf-eva-addo-miomente-entdeckermagazin.jpg 1001w\" sizes=\"(max-width: 600px) 100vw, 600px\" \/><\/a><\/div><div class=\"w-vwrapper usg_vwrapper_1 align_left valign_top\"><h2 class=\"w-post-elm post_title usg_post_title_1 align_center entry-title color_link_inherit\"><a href=\"https:\/\/www.miomente.de\/entdeckermagazin\/baeckerin-eva-sabrina-addo\/\">B\u00e4ckerin Eva Sabrina Addo<\/a><\/h2><div class=\"w-post-elm post_content usg_post_content_1\">Eva Addo ist die s\u00fc\u00dfe Gr\u00fcnderin von Team Candy und brachte den s\u00fc\u00dfen Trend der Candy Bars f\u00fcr Feste und Feiern aus&hellip;<\/div><\/div>\t\t<\/div>\n\t<\/article>\n\t<article class=\"w-grid-item post-8601 post type-post status-publish format-standard has-post-thumbnail hentry category-partner-in-duesseldorf\" data-id=\"8601\">\n\t\t<div class=\"w-grid-item-h\">\n\t\t\t\t\t\t<div class=\"w-post-elm post_image usg_post_image_1 stretched\"><a href=\"https:\/\/www.miomente.de\/entdeckermagazin\/barista-experte-dimitrios-tsantidis\/\" aria-label=\"Barista-Experte Dimitrios Tsantidis\"><img width=\"600\" height=\"400\" src=\"https:\/\/www.miomente.de\/entdeckermagazin\/wp-content\/uploads\/2016\/03\/miomente-barista-dimitrios-tsantidis-partner-duesseldorf-600x400.jpg\" class=\"attachment-us_600_400_crop size-us_600_400_crop wp-post-image\" alt=\"Eventlocation Faszination Espresso von Dimitrios Tsantidis in D\u00fcsseldorf \u2013\u00a0Buche cremige Barista-Kurse\" decoding=\"async\" loading=\"lazy\" \/><\/a><\/div><div class=\"w-vwrapper usg_vwrapper_1 align_left valign_top\"><h2 class=\"w-post-elm post_title usg_post_title_1 align_center entry-title color_link_inherit\"><a href=\"https:\/\/www.miomente.de\/entdeckermagazin\/barista-experte-dimitrios-tsantidis\/\">Barista-Experte Dimitrios Tsantidis<\/a><\/h2><div class=\"w-post-elm post_content usg_post_content_1\">Barista-Experte Dimitrios Tsantidis ist Herausgeber des Standardwerkes f\u00fcr Barista und Espressomaschinenbesitzer &#8222;Faszination Espressomaschine&#8220;. Mehr geballtes Wissen \u00fcber Kaffee und seine Zubereitung geht&hellip;<\/div><\/div>\t\t<\/div>\n\t<\/article>\n\t<article class=\"w-grid-item post-7403 post type-post status-publish format-standard has-post-thumbnail hentry category-partner-in-duesseldorf\" data-id=\"7403\">\n\t\t<div class=\"w-grid-item-h\">\n\t\t\t\t\t\t<div class=\"w-post-elm post_image usg_post_image_1 stretched\"><a href=\"https:\/\/www.miomente.de\/entdeckermagazin\/koch-dietmar-goerdts\/\" aria-label=\"Koch Dietmar Goerdts vom Airhotel Wartburg\"><img width=\"600\" height=\"400\" src=\"https:\/\/www.miomente.de\/entdeckermagazin\/wp-content\/uploads\/2016\/02\/miomente-entdeckermagazin-wartburg-airhotel-team-600x400.jpg\" class=\"attachment-us_600_400_crop size-us_600_400_crop wp-post-image\" alt=\"\" decoding=\"async\" loading=\"lazy\" srcset=\"https:\/\/www.miomente.de\/entdeckermagazin\/wp-content\/uploads\/2016\/02\/miomente-entdeckermagazin-wartburg-airhotel-team-600x400.jpg 600w, https:\/\/www.miomente.de\/entdeckermagazin\/wp-content\/uploads\/2016\/02\/miomente-entdeckermagazin-wartburg-airhotel-team-300x199.jpg 300w\" sizes=\"(max-width: 600px) 100vw, 600px\" \/><\/a><\/div><div class=\"w-vwrapper usg_vwrapper_1 align_left valign_top\"><h2 class=\"w-post-elm post_title usg_post_title_1 align_center entry-title color_link_inherit\"><a href=\"https:\/\/www.miomente.de\/entdeckermagazin\/koch-dietmar-goerdts\/\">Koch Dietmar Goerdts vom Airhotel Wartburg<\/a><\/h2><div class=\"w-post-elm post_content usg_post_content_1\">Genie\u00dfe eine kulinarisch entspannte Auszeit und lerne von Koch Dietmar Goerdts Tipps und Tricks f\u00fcr dein pers\u00f6nliches Genuss-Highlight in der K\u00fcche.<\/div><\/div>\t\t<\/div>\n\t<\/article>\n\t<article class=\"w-grid-item size_1x1 post-41757 post type-post status-publish format-standard has-post-thumbnail hentry category-partner category-partner-in-duesseldorf\" data-id=\"41757\">\n\t\t<div class=\"w-grid-item-h\">\n\t\t\t\t\t\t<div class=\"w-post-elm post_image usg_post_image_1 stretched\"><a href=\"https:\/\/www.miomente.de\/entdeckermagazin\/schokoladenexperte-juergen-bluhm\/\" aria-label=\"Schokoladenexperte J\u00fcrgen Bluhm\"><img width=\"600\" height=\"400\" src=\"https:\/\/www.miomente.de\/entdeckermagazin\/wp-content\/uploads\/2020\/08\/ju\u0308rgen-bluhm-soiree-chocolat-schokoladenexperte-600x400.jpg\" class=\"attachment-us_600_400_crop size-us_600_400_crop wp-post-image\" alt=\"Schokoladenexperte J\u00fcrgen Bluhm Soiree Chocolat\" decoding=\"async\" loading=\"lazy\" \/><\/a><\/div><div class=\"w-vwrapper usg_vwrapper_1 align_left valign_top\"><h2 class=\"w-post-elm post_title usg_post_title_1 align_center entry-title color_link_inherit\"><a href=\"https:\/\/www.miomente.de\/entdeckermagazin\/schokoladenexperte-juergen-bluhm\/\">Schokoladenexperte J\u00fcrgen Bluhm<\/a><\/h2><div class=\"w-post-elm post_content usg_post_content_1\">Schokoladen-Experte J\u00fcrgen Bluhm begeistert mit fantastischen Bildern und Impressionen seiner Reisen nach Mittelamerika und nat\u00fcrlich erlesener Schokoladen. In seinen Schokoladen-Tastings erf\u00e4hrt der&hellip;<\/div><\/div>\t\t<\/div>\n\t<\/article>\n<\/div><div class=\"w-grid-preloader\"><div class=\"g-preloader type_1\">\n\t<div><\/div>\n<\/div>\n<\/div>\t<div class=\"w-grid-json hidden\" onclick='return {&quot;action&quot;:&quot;us_ajax_grid&quot;,&quot;ajax_url&quot;:&quot;https:\\\/\\\/www.miomente.de\\\/entdeckermagazin\\\/wp-admin\\\/admin-ajax.php&quot;,&quot;infinite_scroll&quot;:0,&quot;max_num_pages&quot;:1,&quot;pagination&quot;:&quot;none&quot;,&quot;permalink_url&quot;:&quot;https:\\\/\\\/www.miomente.de\\\/entdeckermagazin\\\/wp-json\\\/wp\\\/v2\\\/pages\\\/5629&quot;,&quot;template_vars&quot;:{&quot;columns&quot;:&quot;3&quot;,&quot;exclude_items&quot;:&quot;none&quot;,&quot;img_size&quot;:&quot;us_600_400_crop&quot;,&quot;ignore_items_size&quot;:0,&quot;items_layout&quot;:&quot;38703&quot;,&quot;items_offset&quot;:&quot;1&quot;,&quot;load_animation&quot;:&quot;none&quot;,&quot;overriding_link&quot;:&quot;none&quot;,&quot;post_id&quot;:5629,&quot;query_args&quot;:{&quot;post_type&quot;:[&quot;post&quot;],&quot;tax_query&quot;:[{&quot;taxonomy&quot;:&quot;category&quot;,&quot;field&quot;:&quot;slug&quot;,&quot;terms&quot;:[&quot;partner-in-duesseldorf&quot;]}],&quot;post_status&quot;:[&quot;publish&quot;],&quot;posts_per_page&quot;:&quot;500&quot;},&quot;orderby_query_args&quot;:{&quot;orderby&quot;:{&quot;title&quot;:&quot;ASC&quot;},&quot;order&quot;:&quot;ASC&quot;},&quot;type&quot;:&quot;grid&quot;,&quot;us_grid_ajax_index&quot;:1,&quot;us_grid_filter_params&quot;:null,&quot;us_grid_index&quot;:1,&quot;_us_grid_post_type&quot;:&quot;post&quot;}}'><\/div>\n\t<\/div><\/div><\/div><\/div><\/div><\/div><\/div><\/div><\/div><\/div><\/section>\n","protected":false},"excerpt":{"rendered":"Schokoladen-Experte und Weltreisender J\u00fcrgen BluhmSchokolade ist seine PassionGleicher Kakaoanteil - v\u00f6llig unterschiedlicher GeschmackIn seinen Schokoladen-Verkostungen probieren wir nur edelste UrsprungsschokoladenSchokolade ist sein Leben. Aber auch das Leben der Schokoladenbauern und Fortbestehen der wunderbaren Natur in den Anbaugebieten ist dem Schokoladen-Experten J\u00fcrgen Bluhm ein besonderes Anliegen. Deshalb stehen Nachhaltigkeit und Fair Trade ganz oben auf seiner...","protected":false},"author":1,"featured_media":0,"parent":0,"menu_order":0,"comment_status":"closed","ping_status":"closed","template":"","meta":[],"aioseo_notices":[],"_links":{"self":[{"href":"https:\/\/www.miomente.de\/entdeckermagazin\/wp-json\/wp\/v2\/pages\/5629"}],"collection":[{"href":"https:\/\/www.miomente.de\/entdeckermagazin\/wp-json\/wp\/v2\/pages"}],"about":[{"href":"https:\/\/www.miomente.de\/entdeckermagazin\/wp-json\/wp\/v2\/types\/page"}],"author":[{"embeddable":true,"href":"https:\/\/www.miomente.de\/entdeckermagazin\/wp-json\/wp\/v2\/users\/1"}],"replies":[{"embeddable":true,"href":"https:\/\/www.miomente.de\/entdeckermagazin\/wp-json\/wp\/v2\/comments?post=5629"}],"version-history":[{"count":0,"href":"https:\/\/www.miomente.de\/entdeckermagazin\/wp-json\/wp\/v2\/pages\/5629\/revisions"}],"wp:attachment":[{"href":"https:\/\/www.miomente.de\/entdeckermagazin\/wp-json\/wp\/v2\/media?parent=5629"}],"curies":[{"name":"wp","href":"https:\/\/api.w.org\/{rel}","templated":true}]}}