{"id":5633,"date":"2016-01-25T15:28:36","date_gmt":"2016-01-25T14:28:36","guid":{"rendered":"http:\/\/www.miomente.de\/entdeckermagazin\/?page_id=5633"},"modified":"2019-10-23T09:44:27","modified_gmt":"2019-10-23T07:44:27","slug":"partner-in-frankfurt","status":"publish","type":"page","link":"https:\/\/www.miomente.de\/entdeckermagazin\/partner-in-frankfurt\/","title":{"rendered":"Partner in Frankfurt"},"content":{"rendered":"<section class=\"l-section wpb_row height_medium\"><div class=\"l-section-h i-cf\"><div class=\"g-cols vc_row via_flex valign_top type_default stacking_default\"><div class=\"vc_col-sm-12 wpb_column vc_column_container\"><div class=\"vc_column-inner\"><div class=\"wpb_wrapper\"><div class=\"wpb_text_column\"><div class=\"wpb_wrapper\"><h2>UNSERE PARTNER IN FRANKFURT<\/h2>\n<\/div><\/div><div class=\"g-cols wpb_row via_flex valign_top type_default stacking_default\"><div class=\"vc_col-sm-12 wpb_column vc_column_container\"><div class=\"vc_column-inner\"><div class=\"wpb_wrapper\"><div class=\"w-grid type_grid layout_38703 cols_3 overflow_hidden\" id=\"us_grid_1\" data-filterable=\"true\"><style>#us_grid_1 .w-grid-item{padding:1rem}#us_grid_1 .w-grid-list{margin:-1rem}.w-grid + #us_grid_1 .w-grid-list,.w-grid-none + #us_grid_1 .w-grid-list{margin-top:1rem}@media (max-width:899px){#us_grid_1 .w-grid-item{width:50%}}@media (max-width:599px){#us_grid_1 .w-grid-list{margin:0}#us_grid_1 .w-grid-item{width:100%;padding:0;margin-bottom:1rem}}.layout_38703 .w-grid-item-h{background:#ffffff;color:#444444;border-radius:0.3rem;box-shadow:0 0.03rem 0.06rem rgba(0,0,0,0.1),0 0.1rem 0.3rem rgba(0,0,0,0.1);transition-duration:0.3s}.no-touch .layout_38703 .w-grid-item-h:hover{box-shadow:0 0.12rem 0.24rem rgba(0,0,0,0.1),0 0.4rem 1.2rem rgba(0,0,0,0.15);z-index:4}.layout_38703 .usg_post_content_1{text-align:center!important}<\/style><div class=\"w-grid-list\">\t<article class=\"w-grid-item size_1x1 post-45520 post type-post status-publish format-standard has-post-thumbnail hentry category-partner category-partner-in-frankfurt tag-frankfurt tag-koechin tag-kochkurse tag-kochschule\" data-id=\"45520\">\n\t\t<div class=\"w-grid-item-h\">\n\t\t\t\t\t\t<div class=\"w-post-elm post_image usg_post_image_1 stretched\"><a href=\"https:\/\/www.miomente.de\/entdeckermagazin\/anna-schmidt-frankfurt-for-cooks\/\" aria-label=\"Anna Schmidt von Frankfurt For Cooks\"><img width=\"600\" height=\"400\" src=\"https:\/\/www.miomente.de\/entdeckermagazin\/wp-content\/uploads\/2023\/06\/miomente-partnerin-anna-schmidt-frankfurt-for-cooks-600x400.jpg\" class=\"attachment-us_600_400_crop size-us_600_400_crop wp-post-image\" alt=\"Anna Schmidt Frankfurt for Cooks\" decoding=\"async\" loading=\"lazy\" srcset=\"https:\/\/www.miomente.de\/entdeckermagazin\/wp-content\/uploads\/2023\/06\/miomente-partnerin-anna-schmidt-frankfurt-for-cooks-600x400.jpg 600w, https:\/\/www.miomente.de\/entdeckermagazin\/wp-content\/uploads\/2023\/06\/miomente-partnerin-anna-schmidt-frankfurt-for-cooks-300x200.jpg 300w, https:\/\/www.miomente.de\/entdeckermagazin\/wp-content\/uploads\/2023\/06\/miomente-partnerin-anna-schmidt-frankfurt-for-cooks-768x512.jpg 768w, https:\/\/www.miomente.de\/entdeckermagazin\/wp-content\/uploads\/2023\/06\/miomente-partnerin-anna-schmidt-frankfurt-for-cooks.jpg 1000w\" sizes=\"(max-width: 600px) 100vw, 600px\" \/><\/a><\/div><div class=\"w-vwrapper usg_vwrapper_1 align_left valign_top\"><h2 class=\"w-post-elm post_title usg_post_title_1 align_center entry-title color_link_inherit\"><a href=\"https:\/\/www.miomente.de\/entdeckermagazin\/anna-schmidt-frankfurt-for-cooks\/\">Anna Schmidt von Frankfurt For Cooks<\/a><\/h2><div class=\"w-post-elm post_content usg_post_content_1\">Miomente-Partnerin Anna Schmidt leitet die Kochschule Frankfurt for Cooks und verhilft interessierten Hobbyk\u00f6chen zu neuen Erfolgserlebnissen in der K\u00fcche.<\/div><\/div>\t\t<\/div>\n\t<\/article>\n\t<article class=\"w-grid-item size_1x1 post-9668 post type-post status-publish format-standard has-post-thumbnail hentry category-partner category-partner-in-frankfurt tag-backen tag-backkurs-in-frankfurt tag-backkurse tag-ewa-feix tag-frankfurt\" data-id=\"9668\">\n\t\t<div class=\"w-grid-item-h\">\n\t\t\t\t\t\t<div class=\"w-post-elm post_image usg_post_image_1 stretched\"><a href=\"https:\/\/www.miomente.de\/entdeckermagazin\/baeckerin-ewa-feix\/\" aria-label=\"B\u00e4ckerin Ewa Feix\"><img width=\"600\" height=\"400\" src=\"https:\/\/www.miomente.de\/entdeckermagazin\/wp-content\/uploads\/2016\/04\/das-cupcake-ewa-feix-frankfurt-cupcakes-portrait-miomente-entdeckermagazin-600x400.jpg\" class=\"attachment-us_600_400_crop size-us_600_400_crop wp-post-image\" alt=\"Das Cupcake von Ewa Feix in Frankfurt \u2013 Eventlocation f\u00fcr Backkurse\" decoding=\"async\" loading=\"lazy\" \/><\/a><\/div><div class=\"w-vwrapper usg_vwrapper_1 align_left valign_top\"><h2 class=\"w-post-elm post_title usg_post_title_1 align_center entry-title color_link_inherit\"><a href=\"https:\/\/www.miomente.de\/entdeckermagazin\/baeckerin-ewa-feix\/\">B\u00e4ckerin Ewa Feix<\/a><\/h2><div class=\"w-post-elm post_content usg_post_content_1\">Aus einem Hobby nach der Schule wurde nach dem Studium in England die Leidenschaft zum Beruf. Seit mittlerweile zehn Jahren perfektioniert sie&hellip;<\/div><\/div>\t\t<\/div>\n\t<\/article>\n\t<article class=\"w-grid-item size_1x1 post-12132 post type-post status-publish format-standard has-post-thumbnail hentry category-partner category-partner-in-frankfurt\" data-id=\"12132\">\n\t\t<div class=\"w-grid-item-h\">\n\t\t\t\t\t\t<div class=\"w-post-elm post_image usg_post_image_1 stretched\"><a href=\"https:\/\/www.miomente.de\/entdeckermagazin\/cocktailmeister-markus-kern\/\" aria-label=\"Cocktailmeister Markus Kern\"><img width=\"600\" height=\"400\" src=\"https:\/\/www.miomente.de\/entdeckermagazin\/wp-content\/uploads\/2016\/07\/miomente-partner-frankfurt-in-live-cocktailschule-markus-kern-portrait-600x400.jpg\" class=\"attachment-us_600_400_crop size-us_600_400_crop wp-post-image\" alt=\"Kreative und spritzige Cocktailkurse in der Cocktailschule IN-LIVE von Markus Kern | Miomente Entdeckermagazin\" decoding=\"async\" loading=\"lazy\" \/><\/a><\/div><div class=\"w-vwrapper usg_vwrapper_1 align_left valign_top\"><h2 class=\"w-post-elm post_title usg_post_title_1 align_center entry-title color_link_inherit\"><a href=\"https:\/\/www.miomente.de\/entdeckermagazin\/cocktailmeister-markus-kern\/\">Cocktailmeister Markus Kern<\/a><\/h2><div class=\"w-post-elm post_content usg_post_content_1\">D\u00fcrfen wir vorstellen? Unser sympathischer Mann hinter der Bar hei\u00dft Markus Kern und war 2012 bereits Deutscher Cocktailmeister. Der professionelle Barkeeper liebt&hellip;<\/div><\/div>\t\t<\/div>\n\t<\/article>\n\t<article class=\"w-grid-item post-18599 post type-post status-publish format-standard has-post-thumbnail hentry category-partner category-partner-in-frankfurt\" data-id=\"18599\">\n\t\t<div class=\"w-grid-item-h\">\n\t\t\t\t\t\t<div class=\"w-post-elm post_image usg_post_image_1 stretched\"><a href=\"https:\/\/www.miomente.de\/entdeckermagazin\/das-team-der-menufaktur-kochschule\/\" aria-label=\"Das Team der menufaktur Kochschule\"><img width=\"500\" height=\"334\" src=\"https:\/\/www.miomente.de\/entdeckermagazin\/wp-content\/uploads\/2017\/08\/miomente-koeche-luigi-christiane-frankfurt-menufaktur.jpg\" class=\"attachment-us_600_400_crop size-us_600_400_crop wp-post-image\" alt=\"Kochschule menufaktur - Frankfurt\" decoding=\"async\" loading=\"lazy\" srcset=\"https:\/\/www.miomente.de\/entdeckermagazin\/wp-content\/uploads\/2017\/08\/miomente-koeche-luigi-christiane-frankfurt-menufaktur.jpg 500w, https:\/\/www.miomente.de\/entdeckermagazin\/wp-content\/uploads\/2017\/08\/miomente-koeche-luigi-christiane-frankfurt-menufaktur-300x200.jpg 300w\" sizes=\"(max-width: 500px) 100vw, 500px\" \/><\/a><\/div><div class=\"w-vwrapper usg_vwrapper_1 align_left valign_top\"><h2 class=\"w-post-elm post_title usg_post_title_1 align_center entry-title color_link_inherit\"><a href=\"https:\/\/www.miomente.de\/entdeckermagazin\/das-team-der-menufaktur-kochschule\/\">Das Team der menufaktur Kochschule<\/a><\/h2><div class=\"w-post-elm post_content usg_post_content_1\">Das Prinzip unseres Kochteams in der modernen Kochschule &#8222;menufaktur&#8220; in Frankfurt-Bornheim ist die sorgf\u00e4ltige Auswahl qualitativ hochwertiger Produkte, das Bewahren alter Rezepte&hellip;<\/div><\/div>\t\t<\/div>\n\t<\/article>\n\t<article class=\"w-grid-item post-12171 post type-post status-publish format-standard has-post-thumbnail hentry category-partner category-partner-in-frankfurt\" data-id=\"12171\">\n\t\t<div class=\"w-grid-item-h\">\n\t\t\t\t\t\t<div class=\"w-post-elm post_image usg_post_image_1 stretched\"><a href=\"https:\/\/www.miomente.de\/entdeckermagazin\/das-team-von-fuer-garderobe-keine-haftung-fgkh\/\" aria-label=\"Das Team von &#8222;F\u00fcr Garderobe keine Haftung&#8220; (FGKH)\"><img width=\"600\" height=\"400\" src=\"https:\/\/www.miomente.de\/entdeckermagazin\/wp-content\/uploads\/2016\/07\/miomente-partner-fgkh-krimi-spektakel-600x400.jpg\" class=\"attachment-us_600_400_crop size-us_600_400_crop wp-post-image\" alt=\"\" decoding=\"async\" loading=\"lazy\" \/><\/a><\/div><div class=\"w-vwrapper usg_vwrapper_1 align_left valign_top\"><h2 class=\"w-post-elm post_title usg_post_title_1 align_center entry-title color_link_inherit\"><a href=\"https:\/\/www.miomente.de\/entdeckermagazin\/das-team-von-fuer-garderobe-keine-haftung-fgkh\/\">Das Team von &#8222;F\u00fcr Garderobe keine Haftung&#8220; (FGKH)<\/a><\/h2><div class=\"w-post-elm post_content usg_post_content_1\">Das Improvisations-Ensemble &#8222;F\u00fcr Garderobe keine Haftung&#8220; (kurz FGKH) wurde 2000 gegr\u00fcndet und sorgt mit seinem Motto &#8222;Wir spielen alles! Au\u00dfer gew\u00f6hnlich!&#8220; f\u00fcr&hellip;<\/div><\/div>\t\t<\/div>\n\t<\/article>\n\t<article class=\"w-grid-item size_1x1 post-8554 post type-post status-publish format-standard has-post-thumbnail hentry category-partner category-partner-in-frankfurt tag-kochkurse-in-frankfurt tag-kochschule-frankfurt-for-cooks tag-partner-in-frankfurt\" data-id=\"8554\">\n\t\t<div class=\"w-grid-item-h\">\n\t\t\t\t\t\t<div class=\"w-post-elm post_image usg_post_image_1 stretched\"><a href=\"https:\/\/www.miomente.de\/entdeckermagazin\/das-team-von-walthers-kochwelten\/\" aria-label=\"Die Kochschule Walther&#8217;s Kochwelten in Bad Vilbel bei Frankfurt\"><img width=\"600\" height=\"400\" src=\"https:\/\/www.miomente.de\/entdeckermagazin\/wp-content\/uploads\/2016\/03\/miomente-location-kuechenwalter-bad-vilbel-600x400.jpg\" class=\"attachment-us_600_400_crop size-us_600_400_crop wp-post-image\" alt=\"\" decoding=\"async\" loading=\"lazy\" srcset=\"https:\/\/www.miomente.de\/entdeckermagazin\/wp-content\/uploads\/2016\/03\/miomente-location-kuechenwalter-bad-vilbel-600x400.jpg 600w, https:\/\/www.miomente.de\/entdeckermagazin\/wp-content\/uploads\/2016\/03\/miomente-location-kuechenwalter-bad-vilbel-300x200.jpg 300w, https:\/\/www.miomente.de\/entdeckermagazin\/wp-content\/uploads\/2016\/03\/miomente-location-kuechenwalter-bad-vilbel-768x512.jpg 768w, https:\/\/www.miomente.de\/entdeckermagazin\/wp-content\/uploads\/2016\/03\/miomente-location-kuechenwalter-bad-vilbel.jpg 1000w\" sizes=\"(max-width: 600px) 100vw, 600px\" \/><\/a><\/div><div class=\"w-vwrapper usg_vwrapper_1 align_left valign_top\"><h2 class=\"w-post-elm post_title usg_post_title_1 align_center entry-title color_link_inherit\"><a href=\"https:\/\/www.miomente.de\/entdeckermagazin\/das-team-von-walthers-kochwelten\/\">Die Kochschule Walther&#8217;s Kochwelten in Bad Vilbel bei Frankfurt<\/a><\/h2><div class=\"w-post-elm post_content usg_post_content_1\">Das sympathische und vielseitige Kochteam von Walther&#8217;s Kochwelten kann fast alles. Von Dessertkursen \u00fcber Wildkursen bis hin zu Kochkursen jeglicher Coleur, hier&hellip;<\/div><\/div>\t\t<\/div>\n\t<\/article>\n\t<article class=\"w-grid-item post-9616 post type-post status-publish format-standard has-post-thumbnail hentry category-partner-in-frankfurt\" data-id=\"9616\">\n\t\t<div class=\"w-grid-item-h\">\n\t\t\t\t\t\t<div class=\"w-post-elm post_image usg_post_image_1 stretched\"><a href=\"https:\/\/www.miomente.de\/entdeckermagazin\/genussexpertin-mia-kmecova-von-flowcation\/\" aria-label=\"Genussexpertin Mia Kmecov\u00e1 von FLOWCATION\"><img width=\"600\" height=\"400\" src=\"https:\/\/www.miomente.de\/entdeckermagazin\/wp-content\/uploads\/2016\/04\/miomente-partner-frankfurt-flow-food-team-600x400.jpg\" class=\"attachment-us_600_400_crop size-us_600_400_crop wp-post-image\" alt=\"\" decoding=\"async\" loading=\"lazy\" \/><\/a><\/div><div class=\"w-vwrapper usg_vwrapper_1 align_left valign_top\"><h2 class=\"w-post-elm post_title usg_post_title_1 align_center entry-title color_link_inherit\"><a href=\"https:\/\/www.miomente.de\/entdeckermagazin\/genussexpertin-mia-kmecova-von-flowcation\/\">Genussexpertin Mia Kmecov\u00e1 von FLOWCATION<\/a><\/h2><div class=\"w-post-elm post_content usg_post_content_1\">Unsere erfahrene Sommeliere hat Ihre Leidenschaft f\u00fcr Weine und Wein-Vielfalt in Oberbergen entdeckt und dank einer der besten und gr\u00f6\u00dften Weinkarten Deutschlands&hellip;<\/div><\/div>\t\t<\/div>\n\t<\/article>\n\t<article class=\"w-grid-item post-23699 post type-post status-publish format-standard has-post-thumbnail hentry category-partner category-partner-in-frankfurt tag-kochen tag-kochevents tag-kochkurse tag-lifestylewerkstatt tag-lsw-group tag-martin-dobner\" data-id=\"23699\">\n\t\t<div class=\"w-grid-item-h\">\n\t\t\t\t\t\t<div class=\"w-post-elm post_image usg_post_image_1 stretched\"><a href=\"https:\/\/www.miomente.de\/entdeckermagazin\/geschaeftsfuehrer-geniesser-der-lsw-group-martin-dobner\/\" aria-label=\"Gesch\u00e4ftsf\u00fchrer &#038; Genie\u00dfer der LsW Group: Martin Dobner\"><img width=\"600\" height=\"400\" src=\"https:\/\/www.miomente.de\/entdeckermagazin\/wp-content\/uploads\/2017\/11\/kochkurse-frankfurt-lifestylewerkstatt-martin-dobner-lachs-geschaeftsleitung-miomente-entdeckermagazin-600x400.jpg\" class=\"attachment-us_600_400_crop size-us_600_400_crop wp-post-image\" alt=\"\" decoding=\"async\" loading=\"lazy\" srcset=\"https:\/\/www.miomente.de\/entdeckermagazin\/wp-content\/uploads\/2017\/11\/kochkurse-frankfurt-lifestylewerkstatt-martin-dobner-lachs-geschaeftsleitung-miomente-entdeckermagazin-600x400.jpg 600w, https:\/\/www.miomente.de\/entdeckermagazin\/wp-content\/uploads\/2017\/11\/kochkurse-frankfurt-lifestylewerkstatt-martin-dobner-lachs-geschaeftsleitung-miomente-entdeckermagazin-300x200.jpg 300w, https:\/\/www.miomente.de\/entdeckermagazin\/wp-content\/uploads\/2017\/11\/kochkurse-frankfurt-lifestylewerkstatt-martin-dobner-lachs-geschaeftsleitung-miomente-entdeckermagazin-768x513.jpg 768w, https:\/\/www.miomente.de\/entdeckermagazin\/wp-content\/uploads\/2017\/11\/kochkurse-frankfurt-lifestylewerkstatt-martin-dobner-lachs-geschaeftsleitung-miomente-entdeckermagazin.jpg 1000w\" sizes=\"(max-width: 600px) 100vw, 600px\" \/><\/a><\/div><div class=\"w-vwrapper usg_vwrapper_1 align_left valign_top\"><h2 class=\"w-post-elm post_title usg_post_title_1 align_center entry-title color_link_inherit\"><a href=\"https:\/\/www.miomente.de\/entdeckermagazin\/geschaeftsfuehrer-geniesser-der-lsw-group-martin-dobner\/\">Gesch\u00e4ftsf\u00fchrer &#038; Genie\u00dfer der LsW Group: Martin Dobner<\/a><\/h2><div class=\"w-post-elm post_content usg_post_content_1\">Die Philosophie von der LsW Group ist das Gef\u00fchl des Augenblicks zu erleben und Ambiente, Ruhe und Lebensstil zu genie\u00dfen \u2013 nur&hellip;<\/div><\/div>\t\t<\/div>\n\t<\/article>\n\t<article class=\"w-grid-item size_1x1 post-9686 post type-post status-publish format-standard has-post-thumbnail hentry category-partner category-partner-in-frankfurt\" data-id=\"9686\">\n\t\t<div class=\"w-grid-item-h\">\n\t\t\t\t\t\t<div class=\"w-post-elm post_image usg_post_image_1 stretched\"><a href=\"https:\/\/www.miomente.de\/entdeckermagazin\/koechin-baeckerin-azko-iimori\/\" aria-label=\"K\u00f6chin &#038; B\u00e4ckerin Azko Iimori\"><img width=\"600\" height=\"400\" src=\"https:\/\/www.miomente.de\/entdeckermagazin\/wp-content\/uploads\/2016\/04\/azko-iimori-partnerin-frankfurt-miomente-entdeckermagazin.jpg\" class=\"attachment-us_600_400_crop size-us_600_400_crop wp-post-image\" alt=\"Azko Limori - Frankfurt\" decoding=\"async\" loading=\"lazy\" srcset=\"https:\/\/www.miomente.de\/entdeckermagazin\/wp-content\/uploads\/2016\/04\/azko-iimori-partnerin-frankfurt-miomente-entdeckermagazin.jpg 600w, https:\/\/www.miomente.de\/entdeckermagazin\/wp-content\/uploads\/2016\/04\/azko-iimori-partnerin-frankfurt-miomente-entdeckermagazin-300x200.jpg 300w\" sizes=\"(max-width: 600px) 100vw, 600px\" \/><\/a><\/div><div class=\"w-vwrapper usg_vwrapper_1 align_left valign_top\"><h2 class=\"w-post-elm post_title usg_post_title_1 align_center entry-title color_link_inherit\"><a href=\"https:\/\/www.miomente.de\/entdeckermagazin\/koechin-baeckerin-azko-iimori\/\">K\u00f6chin &#038; B\u00e4ckerin Azko Iimori<\/a><\/h2><div class=\"w-post-elm post_content usg_post_content_1\">Azko Iimori f\u00fchrt die gelungene Kombination aus Restaurant und Patisserie. Mit viel Elan und Lebenslust kocht und backt die geb\u00fcrtige Japanerin und&hellip;<\/div><\/div>\t\t<\/div>\n\t<\/article>\n\t<article class=\"w-grid-item post-15958 post type-post status-publish format-standard has-post-thumbnail hentry category-partner category-partner-in-frankfurt\" data-id=\"15958\">\n\t\t<div class=\"w-grid-item-h\">\n\t\t\t\t\t\t<div class=\"w-post-elm post_image usg_post_image_1 stretched\"><a href=\"https:\/\/www.miomente.de\/entdeckermagazin\/primus-linie\/\" aria-label=\"Kulinarische Schifffahrt \u2013 die Primus-Linie\"><img width=\"600\" height=\"400\" src=\"https:\/\/www.miomente.de\/entdeckermagazin\/wp-content\/uploads\/2017\/01\/miomente-partner-primus-linie-schifffahrt-frankfurt-schiff-von-aussen-bruecke-fluss-daemmerung-600x400.jpg\" class=\"attachment-us_600_400_crop size-us_600_400_crop wp-post-image\" alt=\"Kulinarische Schifffahrt in Frankfurt mit der Primus-Linie\" decoding=\"async\" loading=\"lazy\" srcset=\"https:\/\/www.miomente.de\/entdeckermagazin\/wp-content\/uploads\/2017\/01\/miomente-partner-primus-linie-schifffahrt-frankfurt-schiff-von-aussen-bruecke-fluss-daemmerung-600x400.jpg 600w, https:\/\/www.miomente.de\/entdeckermagazin\/wp-content\/uploads\/2017\/01\/miomente-partner-primus-linie-schifffahrt-frankfurt-schiff-von-aussen-bruecke-fluss-daemmerung-300x200.jpg 300w, https:\/\/www.miomente.de\/entdeckermagazin\/wp-content\/uploads\/2017\/01\/miomente-partner-primus-linie-schifffahrt-frankfurt-schiff-von-aussen-bruecke-fluss-daemmerung-768x513.jpg 768w, https:\/\/www.miomente.de\/entdeckermagazin\/wp-content\/uploads\/2017\/01\/miomente-partner-primus-linie-schifffahrt-frankfurt-schiff-von-aussen-bruecke-fluss-daemmerung.jpg 1000w\" sizes=\"(max-width: 600px) 100vw, 600px\" \/><\/a><\/div><div class=\"w-vwrapper usg_vwrapper_1 align_left valign_top\"><h2 class=\"w-post-elm post_title usg_post_title_1 align_center entry-title color_link_inherit\"><a href=\"https:\/\/www.miomente.de\/entdeckermagazin\/primus-linie\/\">Kulinarische Schifffahrt \u2013 die Primus-Linie<\/a><\/h2><div class=\"w-post-elm post_content usg_post_content_1\">Unsere kulinarische Miomente-Schifffahrt in Frankfurt mit viel Charme und einem atemraubenden Panorama. Ob Brunch oder Krimi-Dinner &#8211; diese Location ist wirklich etwas&hellip;<\/div><\/div>\t\t<\/div>\n\t<\/article>\n\t<article class=\"w-grid-item post-20820 post type-post status-publish format-standard has-post-thumbnail hentry category-partner category-partner-in-frankfurt\" data-id=\"20820\">\n\t\t<div class=\"w-grid-item-h\">\n\t\t\t\t\t\t<div class=\"w-post-elm post_image usg_post_image_1 stretched\"><a href=\"https:\/\/www.miomente.de\/entdeckermagazin\/show-eventkoch-alf-ochs\/\" aria-label=\"Show- &#038; Eventkoch Alf Ochs\"><img width=\"600\" height=\"400\" src=\"https:\/\/www.miomente.de\/entdeckermagazin\/wp-content\/uploads\/2017\/09\/miomente-partner-kulinarische-werkstatt-frankfurt-alf-ochs.jpg\" class=\"attachment-us_600_400_crop size-us_600_400_crop wp-post-image\" alt=\"Kulinarische Werkstatt - Frankfurt\" decoding=\"async\" loading=\"lazy\" srcset=\"https:\/\/www.miomente.de\/entdeckermagazin\/wp-content\/uploads\/2017\/09\/miomente-partner-kulinarische-werkstatt-frankfurt-alf-ochs.jpg 600w, https:\/\/www.miomente.de\/entdeckermagazin\/wp-content\/uploads\/2017\/09\/miomente-partner-kulinarische-werkstatt-frankfurt-alf-ochs-300x200.jpg 300w\" sizes=\"(max-width: 600px) 100vw, 600px\" \/><\/a><\/div><div class=\"w-vwrapper usg_vwrapper_1 align_left valign_top\"><h2 class=\"w-post-elm post_title usg_post_title_1 align_center entry-title color_link_inherit\"><a href=\"https:\/\/www.miomente.de\/entdeckermagazin\/show-eventkoch-alf-ochs\/\">Show- &#038; Eventkoch Alf Ochs<\/a><\/h2><div class=\"w-post-elm post_content usg_post_content_1\">Show- und Eventkoch Alf Ochs gibt zu, dass er fr\u00fcher schon immer gerne Garnelen, Hummer und Jakobsmuscheln gegessen hat. Die Entscheidung Koch&hellip;<\/div><\/div>\t\t<\/div>\n\t<\/article>\n\t<article class=\"w-grid-item size_1x1 post-44126 post type-post status-publish format-standard has-post-thumbnail hentry category-partner category-partner-in-frankfurt tag-london tag-pinotage tag-rotwein tag-wein tag-weinprobe\" data-id=\"44126\">\n\t\t<div class=\"w-grid-item-h\">\n\t\t\t\t\t\t<div class=\"w-post-elm post_image usg_post_image_1 stretched\"><a href=\"https:\/\/www.miomente.de\/entdeckermagazin\/ulrike-ferres-frankfurt-2\/\" aria-label=\"Ulrike Ferres, Wine Educator\"><img width=\"600\" height=\"400\" src=\"https:\/\/www.miomente.de\/entdeckermagazin\/wp-content\/uploads\/2022\/09\/ulrike-mit-dekanter-600x400.jpg\" class=\"attachment-us_600_400_crop size-us_600_400_crop wp-post-image\" alt=\"Weindiplom\" decoding=\"async\" loading=\"lazy\" srcset=\"https:\/\/www.miomente.de\/entdeckermagazin\/wp-content\/uploads\/2022\/09\/ulrike-mit-dekanter-600x400.jpg 600w, https:\/\/www.miomente.de\/entdeckermagazin\/wp-content\/uploads\/2022\/09\/ulrike-mit-dekanter-300x200.jpg 300w, https:\/\/www.miomente.de\/entdeckermagazin\/wp-content\/uploads\/2022\/09\/ulrike-mit-dekanter-1024x683.jpg 1024w, https:\/\/www.miomente.de\/entdeckermagazin\/wp-content\/uploads\/2022\/09\/ulrike-mit-dekanter-768x512.jpg 768w\" sizes=\"(max-width: 600px) 100vw, 600px\" \/><\/a><\/div><div class=\"w-vwrapper usg_vwrapper_1 align_left valign_top\"><h2 class=\"w-post-elm post_title usg_post_title_1 align_center entry-title color_link_inherit\"><a href=\"https:\/\/www.miomente.de\/entdeckermagazin\/ulrike-ferres-frankfurt-2\/\">Ulrike Ferres, Wine Educator<\/a><\/h2><div class=\"w-post-elm post_content usg_post_content_1\">Ulrike Ferres hat ihre Leidenschaft zum Beruf gemacht. Als &#8222;Quereinsteigerin&#8220; ist sie dennoch ungen\u00fcgend beschrieben, denn heute ist sie eine hochkar\u00e4tige und&hellip;<\/div><\/div>\t\t<\/div>\n\t<\/article>\n<\/div><div class=\"w-grid-preloader\"><div class=\"g-preloader type_1\">\n\t<div><\/div>\n<\/div>\n<\/div>\t<div class=\"w-grid-json hidden\" onclick='return {&quot;action&quot;:&quot;us_ajax_grid&quot;,&quot;ajax_url&quot;:&quot;https:\\\/\\\/www.miomente.de\\\/entdeckermagazin\\\/wp-admin\\\/admin-ajax.php&quot;,&quot;infinite_scroll&quot;:0,&quot;max_num_pages&quot;:1,&quot;pagination&quot;:&quot;none&quot;,&quot;permalink_url&quot;:&quot;https:\\\/\\\/www.miomente.de\\\/entdeckermagazin\\\/wp-json\\\/wp\\\/v2\\\/pages\\\/5633&quot;,&quot;template_vars&quot;:{&quot;columns&quot;:&quot;3&quot;,&quot;exclude_items&quot;:&quot;none&quot;,&quot;img_size&quot;:&quot;us_600_400_crop&quot;,&quot;ignore_items_size&quot;:0,&quot;items_layout&quot;:&quot;38703&quot;,&quot;items_offset&quot;:&quot;1&quot;,&quot;load_animation&quot;:&quot;none&quot;,&quot;overriding_link&quot;:&quot;none&quot;,&quot;post_id&quot;:5633,&quot;query_args&quot;:{&quot;post_type&quot;:[&quot;post&quot;],&quot;tax_query&quot;:[{&quot;taxonomy&quot;:&quot;category&quot;,&quot;field&quot;:&quot;slug&quot;,&quot;terms&quot;:[&quot;partner-in-frankfurt&quot;]}],&quot;post_status&quot;:[&quot;publish&quot;],&quot;posts_per_page&quot;:&quot;500&quot;},&quot;orderby_query_args&quot;:{&quot;orderby&quot;:{&quot;title&quot;:&quot;ASC&quot;},&quot;order&quot;:&quot;ASC&quot;},&quot;type&quot;:&quot;grid&quot;,&quot;us_grid_ajax_index&quot;:1,&quot;us_grid_filter_params&quot;:null,&quot;us_grid_index&quot;:1,&quot;_us_grid_post_type&quot;:&quot;post&quot;}}'><\/div>\n\t<\/div><\/div><\/div><\/div><\/div><\/div><\/div><\/div><\/div><\/div><\/section>\n","protected":false},"excerpt":{"rendered":"&#8222;Making good wine is a skill. Making fine wine is an art.&#8220; Im charaktervollen Frankfurter Stadtteil Bockenheim bietet Ulrike Ferres die verschiedensten Seminare \u00fcber Wein an. Ob man nun mehr \u00fcber sein Lieblingsgetr\u00e4nk erfahren will, unbekannte Rebsorten oder spannende Anbaugebiete kennenlernen m\u00f6chte oder erst den Einstieg ins Thema Wein sucht \u2013 hier sind alle willkommen,...","protected":false},"author":1,"featured_media":0,"parent":0,"menu_order":0,"comment_status":"closed","ping_status":"closed","template":"","meta":[],"aioseo_notices":[],"_links":{"self":[{"href":"https:\/\/www.miomente.de\/entdeckermagazin\/wp-json\/wp\/v2\/pages\/5633"}],"collection":[{"href":"https:\/\/www.miomente.de\/entdeckermagazin\/wp-json\/wp\/v2\/pages"}],"about":[{"href":"https:\/\/www.miomente.de\/entdeckermagazin\/wp-json\/wp\/v2\/types\/page"}],"author":[{"embeddable":true,"href":"https:\/\/www.miomente.de\/entdeckermagazin\/wp-json\/wp\/v2\/users\/1"}],"replies":[{"embeddable":true,"href":"https:\/\/www.miomente.de\/entdeckermagazin\/wp-json\/wp\/v2\/comments?post=5633"}],"version-history":[{"count":0,"href":"https:\/\/www.miomente.de\/entdeckermagazin\/wp-json\/wp\/v2\/pages\/5633\/revisions"}],"wp:attachment":[{"href":"https:\/\/www.miomente.de\/entdeckermagazin\/wp-json\/wp\/v2\/media?parent=5633"}],"curies":[{"name":"wp","href":"https:\/\/api.w.org\/{rel}","templated":true}]}}