{"id":5667,"date":"2016-01-25T16:12:00","date_gmt":"2016-01-25T15:12:00","guid":{"rendered":"http:\/\/www.miomente.de\/entdeckermagazin\/?page_id=5667"},"modified":"2019-10-23T09:52:03","modified_gmt":"2019-10-23T07:52:03","slug":"partner-in-wien","status":"publish","type":"page","link":"https:\/\/www.miomente.de\/entdeckermagazin\/partner-in-wien\/","title":{"rendered":"Partner in Wien"},"content":{"rendered":"<section class=\"l-section wpb_row height_medium\"><div class=\"l-section-h i-cf\"><div class=\"g-cols vc_row via_flex valign_top type_default stacking_default\"><div class=\"vc_col-sm-12 wpb_column vc_column_container\"><div class=\"vc_column-inner\"><div class=\"wpb_wrapper\"><div class=\"wpb_text_column\"><div class=\"wpb_wrapper\"><h2>UNSERE PARTNER IN WIEN<\/h2>\n<\/div><\/div><div class=\"g-cols wpb_row via_flex valign_top type_default stacking_default\"><div class=\"vc_col-sm-12 wpb_column vc_column_container\"><div class=\"vc_column-inner\"><div class=\"wpb_wrapper\"><div class=\"w-grid type_grid layout_38703 cols_3 overflow_hidden\" id=\"us_grid_1\" data-filterable=\"true\"><style>#us_grid_1 .w-grid-item{padding:1rem}#us_grid_1 .w-grid-list{margin:-1rem}.w-grid + #us_grid_1 .w-grid-list,.w-grid-none + #us_grid_1 .w-grid-list{margin-top:1rem}@media (max-width:899px){#us_grid_1 .w-grid-item{width:50%}}@media (max-width:599px){#us_grid_1 .w-grid-list{margin:0}#us_grid_1 .w-grid-item{width:100%;padding:0;margin-bottom:1rem}}.layout_38703 .w-grid-item-h{background:#ffffff;color:#444444;border-radius:0.3rem;box-shadow:0 0.03rem 0.06rem rgba(0,0,0,0.1),0 0.1rem 0.3rem rgba(0,0,0,0.1);transition-duration:0.3s}.no-touch .layout_38703 .w-grid-item-h:hover{box-shadow:0 0.12rem 0.24rem rgba(0,0,0,0.1),0 0.4rem 1.2rem rgba(0,0,0,0.15);z-index:4}.layout_38703 .usg_post_content_1{text-align:center!important}<\/style><div class=\"w-grid-list\">\t<article class=\"w-grid-item size_1x1 post-22766 post type-post status-publish format-standard has-post-thumbnail hentry category-partner category-partner-in-wien tag-asia tag-asiatisch tag-confusion tag-kochkurse tag-wien\" data-id=\"22766\">\n\t\t<div class=\"w-grid-item-h\">\n\t\t\t\t\t\t<div class=\"w-post-elm post_image usg_post_image_1 stretched\"><a href=\"https:\/\/www.miomente.de\/entdeckermagazin\/asiatisch-kochen-mit-koch-clemens-drdla\/\" aria-label=\"Asiatisch kochen mit Koch Clemens Drdla\"><img width=\"600\" height=\"400\" src=\"https:\/\/www.miomente.de\/entdeckermagazin\/wp-content\/uploads\/2018\/03\/clemens-drdla-wien-miomente-entdeckermagazin-600x400.jpg\" class=\"attachment-us_600_400_crop size-us_600_400_crop wp-post-image\" alt=\"\" decoding=\"async\" loading=\"lazy\" \/><\/a><\/div><div class=\"w-vwrapper usg_vwrapper_1 align_left valign_top\"><h2 class=\"w-post-elm post_title usg_post_title_1 align_center entry-title color_link_inherit\"><a href=\"https:\/\/www.miomente.de\/entdeckermagazin\/asiatisch-kochen-mit-koch-clemens-drdla\/\">Asiatisch kochen mit Koch Clemens Drdla<\/a><\/h2><div class=\"w-post-elm post_content usg_post_content_1\">Ihr sympathischer Gastgeber Clemens Drdla wurde durch seine Kindheit in S\u00fcdkorea von der asiatischen K\u00fcche sehr gepr\u00e4gt. Nach vielen Reisen und einem&hellip;<\/div><\/div>\t\t<\/div>\n\t<\/article>\n\t<article class=\"w-grid-item post-7302 post type-post status-publish format-standard has-post-thumbnail hentry category-partner-in-wien\" data-id=\"7302\">\n\t\t<div class=\"w-grid-item-h\">\n\t\t\t\t\t\t<div class=\"w-post-elm post_image usg_post_image_1 stretched\"><a href=\"https:\/\/www.miomente.de\/entdeckermagazin\/die-backladies-astrid-draxler-und-tina-ganser\/\" aria-label=\"Die Backladies Astrid Draxler und Tina Ganser\"><img width=\"600\" height=\"400\" src=\"https:\/\/www.miomente.de\/entdeckermagazin\/wp-content\/uploads\/2016\/02\/backladies-wien.jpg\" class=\"attachment-us_600_400_crop size-us_600_400_crop wp-post-image\" alt=\"Blackladies Wien\" decoding=\"async\" loading=\"lazy\" srcset=\"https:\/\/www.miomente.de\/entdeckermagazin\/wp-content\/uploads\/2016\/02\/backladies-wien.jpg 600w, https:\/\/www.miomente.de\/entdeckermagazin\/wp-content\/uploads\/2016\/02\/backladies-wien-300x200.jpg 300w\" sizes=\"(max-width: 600px) 100vw, 600px\" \/><\/a><\/div><div class=\"w-vwrapper usg_vwrapper_1 align_left valign_top\"><h2 class=\"w-post-elm post_title usg_post_title_1 align_center entry-title color_link_inherit\"><a href=\"https:\/\/www.miomente.de\/entdeckermagazin\/die-backladies-astrid-draxler-und-tina-ganser\/\">Die Backladies Astrid Draxler und Tina Ganser<\/a><\/h2><div class=\"w-post-elm post_content usg_post_content_1\">Mit ihrem Blog sind die beiden Backladies Astrid Draxler und Tina Ganser sehr erfolgreich unterwegs. Sie lieben es, in der K\u00fcche oder&hellip;<\/div><\/div>\t\t<\/div>\n\t<\/article>\n\t<article class=\"w-grid-item post-10513 post type-post status-publish format-standard has-post-thumbnail hentry category-partner-in-wien\" data-id=\"10513\">\n\t\t<div class=\"w-grid-item-h\">\n\t\t\t\t\t\t<div class=\"w-post-elm post_image usg_post_image_1 stretched\"><a href=\"https:\/\/www.miomente.de\/entdeckermagazin\/koch-inhaber-von-spirit-of-cooking-alexander-bader\/\" aria-label=\"Koch Alexander Bader\"><img width=\"600\" height=\"400\" src=\"https:\/\/www.miomente.de\/entdeckermagazin\/wp-content\/uploads\/2016\/05\/miomente-partner-alexander-bader-portrait-600x400.jpg\" class=\"attachment-us_600_400_crop size-us_600_400_crop wp-post-image\" alt=\"\" decoding=\"async\" loading=\"lazy\" \/><\/a><\/div><div class=\"w-vwrapper usg_vwrapper_1 align_left valign_top\"><h2 class=\"w-post-elm post_title usg_post_title_1 align_center entry-title color_link_inherit\"><a href=\"https:\/\/www.miomente.de\/entdeckermagazin\/koch-inhaber-von-spirit-of-cooking-alexander-bader\/\">Koch Alexander Bader<\/a><\/h2><div class=\"w-post-elm post_content usg_post_content_1\">Vitalit\u00e4t, gesunder Genuss und prickelnde Lebensfreude vereint Haubenkoch Alexander Bader in seinen Kochkursen. Der diplomierte di\u00e4tetische K\u00fcchenmeister und Konditor m\u00f6chte seinen Teilnehmern&hellip;<\/div><\/div>\t\t<\/div>\n\t<\/article>\n\t<article class=\"w-grid-item size_1x1 post-9904 post type-post status-publish format-standard has-post-thumbnail hentry category-partner category-partner-in-wien tag-julian-kutos tag-kochkurse tag-wien\" data-id=\"9904\">\n\t\t<div class=\"w-grid-item-h\">\n\t\t\t\t\t\t<div class=\"w-post-elm post_image usg_post_image_1 stretched\"><a href=\"https:\/\/www.miomente.de\/entdeckermagazin\/koch-julian-kutos\/\" aria-label=\"Koch Julian Kutos\"><img width=\"600\" height=\"400\" src=\"https:\/\/www.miomente.de\/entdeckermagazin\/wp-content\/uploads\/2016\/04\/julian-kutos-wien-miomente-600x400.jpg\" class=\"attachment-us_600_400_crop size-us_600_400_crop wp-post-image\" alt=\"Koch Julian Kutos aus Wien | Miomente Entdeckermagazin\" decoding=\"async\" loading=\"lazy\" srcset=\"https:\/\/www.miomente.de\/entdeckermagazin\/wp-content\/uploads\/2016\/04\/julian-kutos-wien-miomente-600x400.jpg 600w, https:\/\/www.miomente.de\/entdeckermagazin\/wp-content\/uploads\/2016\/04\/julian-kutos-wien-miomente-300x200.jpg 300w, https:\/\/www.miomente.de\/entdeckermagazin\/wp-content\/uploads\/2016\/04\/julian-kutos-wien-miomente-768x512.jpg 768w, https:\/\/www.miomente.de\/entdeckermagazin\/wp-content\/uploads\/2016\/04\/julian-kutos-wien-miomente.jpg 1000w\" sizes=\"(max-width: 600px) 100vw, 600px\" \/><\/a><\/div><div class=\"w-vwrapper usg_vwrapper_1 align_left valign_top\"><h2 class=\"w-post-elm post_title usg_post_title_1 align_center entry-title color_link_inherit\"><a href=\"https:\/\/www.miomente.de\/entdeckermagazin\/koch-julian-kutos\/\">Koch Julian Kutos<\/a><\/h2><div class=\"w-post-elm post_content usg_post_content_1\">F\u00fcr Julian Kutos z\u00e4hlen Genie\u00dfen, Kochen und Essen zu den sch\u00f6nsten Dingen im Leben. Genuss, kulinarische Extravaganz, Liebe zum Detail und Spa\u00df&hellip;<\/div><\/div>\t\t<\/div>\n\t<\/article>\n\t<article class=\"w-grid-item post-9152 post type-post status-publish format-standard has-post-thumbnail hentry category-partner-in-wien\" data-id=\"9152\">\n\t\t<div class=\"w-grid-item-h\">\n\t\t\t\t\t\t<div class=\"w-post-elm post_image usg_post_image_1 stretched\"><a href=\"https:\/\/www.miomente.de\/entdeckermagazin\/koch-thomas-huettl\/\" aria-label=\"Koch Thomas H\u00fcttl\"><img width=\"600\" height=\"400\" src=\"https:\/\/www.miomente.de\/entdeckermagazin\/wp-content\/uploads\/2016\/03\/kochevent-mit-eventkoch-thomas-huettl-72353-600x400.jpg\" class=\"attachment-us_600_400_crop size-us_600_400_crop wp-post-image\" alt=\"Thomas Huettl Wien\" decoding=\"async\" loading=\"lazy\" \/><\/a><\/div><div class=\"w-vwrapper usg_vwrapper_1 align_left valign_top\"><h2 class=\"w-post-elm post_title usg_post_title_1 align_center entry-title color_link_inherit\"><a href=\"https:\/\/www.miomente.de\/entdeckermagazin\/koch-thomas-huettl\/\">Koch Thomas H\u00fcttl<\/a><\/h2><div class=\"w-post-elm post_content usg_post_content_1\">Vor fast 30 Jahren begann Thomas H\u00fcttl seine Karriere an den T\u00f6pfen \u2013 angefangen im Bereich der Haute Cuisine von ganz klassisch&hellip;<\/div><\/div>\t\t<\/div>\n\t<\/article>\n\t<article class=\"w-grid-item post-11469 post type-post status-publish format-standard has-post-thumbnail hentry category-partner-in-wien\" data-id=\"11469\">\n\t\t<div class=\"w-grid-item-h\">\n\t\t\t\t\t\t<div class=\"w-post-elm post_image usg_post_image_1 stretched\"><a href=\"https:\/\/www.miomente.de\/entdeckermagazin\/koechin-sabine-dobesberger\/\" aria-label=\"K\u00f6chin Sabine Dobesberger\"><img width=\"600\" height=\"400\" src=\"https:\/\/www.miomente.de\/entdeckermagazin\/wp-content\/uploads\/2016\/06\/miomente-partner-wien-die-pause-kochkurs-koechin-portrait-600x400.jpg\" class=\"attachment-us_600_400_crop size-us_600_400_crop wp-post-image\" alt=\"Kochkurse bei Sabine Dobesberger in &quot;der Pause&quot; in Wien \u2013 Miomente Entdeckermagazin\" decoding=\"async\" loading=\"lazy\" \/><\/a><\/div><div class=\"w-vwrapper usg_vwrapper_1 align_left valign_top\"><h2 class=\"w-post-elm post_title usg_post_title_1 align_center entry-title color_link_inherit\"><a href=\"https:\/\/www.miomente.de\/entdeckermagazin\/koechin-sabine-dobesberger\/\">K\u00f6chin Sabine Dobesberger<\/a><\/h2><div class=\"w-post-elm post_content usg_post_content_1\">Gesunde Ern\u00e4hrung schmeckt gut und kann ohne gro\u00dfen Aufwand in den Alltag integriert werden \u2013 das ist das Credo von Sabine Dobesberger.&hellip;<\/div><\/div>\t\t<\/div>\n\t<\/article>\n\t<article class=\"w-grid-item post-8524 post type-post status-publish format-standard has-post-thumbnail hentry category-partner category-partner-in-wien\" data-id=\"8524\">\n\t\t<div class=\"w-grid-item-h\">\n\t\t\t\t\t\t<div class=\"w-post-elm post_image usg_post_image_1 stretched\"><a href=\"https:\/\/www.miomente.de\/entdeckermagazin\/wein-und-spirituosenexperte-erhard-ruthner\/\" aria-label=\"Wein- und Spirituosenexperte Erhard Ruthner\"><img width=\"600\" height=\"400\" src=\"https:\/\/www.miomente.de\/entdeckermagazin\/wp-content\/uploads\/2016\/03\/miomente-partner-wien-tasting-erhard-ruthner-600x400.jpg\" class=\"attachment-us_600_400_crop size-us_600_400_crop wp-post-image\" alt=\"Spirituosen-Verkostungen in Wien \u2013\u00a0Erhard Ruthner l\u00e4dt in die Welt von Whisky und co ein | Miomente Entdeckermagazin\" decoding=\"async\" loading=\"lazy\" srcset=\"https:\/\/www.miomente.de\/entdeckermagazin\/wp-content\/uploads\/2016\/03\/miomente-partner-wien-tasting-erhard-ruthner-600x400.jpg 600w, https:\/\/www.miomente.de\/entdeckermagazin\/wp-content\/uploads\/2016\/03\/miomente-partner-wien-tasting-erhard-ruthner-300x200.jpg 300w, https:\/\/www.miomente.de\/entdeckermagazin\/wp-content\/uploads\/2016\/03\/miomente-partner-wien-tasting-erhard-ruthner-768x512.jpg 768w, https:\/\/www.miomente.de\/entdeckermagazin\/wp-content\/uploads\/2016\/03\/miomente-partner-wien-tasting-erhard-ruthner-1024x683.jpg 1024w, https:\/\/www.miomente.de\/entdeckermagazin\/wp-content\/uploads\/2016\/03\/miomente-partner-wien-tasting-erhard-ruthner.jpg 1500w\" sizes=\"(max-width: 600px) 100vw, 600px\" \/><\/a><\/div><div class=\"w-vwrapper usg_vwrapper_1 align_left valign_top\"><h2 class=\"w-post-elm post_title usg_post_title_1 align_center entry-title color_link_inherit\"><a href=\"https:\/\/www.miomente.de\/entdeckermagazin\/wein-und-spirituosenexperte-erhard-ruthner\/\">Wein- und Spirituosenexperte Erhard Ruthner<\/a><\/h2><div class=\"w-post-elm post_content usg_post_content_1\">Der Wein- und Spirituosenexperte Erhard Ruthner gibt seit 2002 seine Liebe zum hochwertigen Genuss gerne weiter. So schult er Nasen und Gaumen&hellip;<\/div><\/div>\t\t<\/div>\n\t<\/article>\n<\/div><div class=\"w-grid-preloader\"><div class=\"g-preloader type_1\">\n\t<div><\/div>\n<\/div>\n<\/div>\t<div class=\"w-grid-json hidden\" onclick='return {&quot;action&quot;:&quot;us_ajax_grid&quot;,&quot;ajax_url&quot;:&quot;https:\\\/\\\/www.miomente.de\\\/entdeckermagazin\\\/wp-admin\\\/admin-ajax.php&quot;,&quot;infinite_scroll&quot;:0,&quot;max_num_pages&quot;:1,&quot;pagination&quot;:&quot;none&quot;,&quot;permalink_url&quot;:&quot;https:\\\/\\\/www.miomente.de\\\/entdeckermagazin\\\/wp-json\\\/wp\\\/v2\\\/pages\\\/5667&quot;,&quot;template_vars&quot;:{&quot;columns&quot;:&quot;3&quot;,&quot;exclude_items&quot;:&quot;none&quot;,&quot;img_size&quot;:&quot;us_600_400_crop&quot;,&quot;ignore_items_size&quot;:0,&quot;items_layout&quot;:&quot;38703&quot;,&quot;items_offset&quot;:&quot;1&quot;,&quot;load_animation&quot;:&quot;none&quot;,&quot;overriding_link&quot;:&quot;none&quot;,&quot;post_id&quot;:5667,&quot;query_args&quot;:{&quot;post_type&quot;:[&quot;post&quot;],&quot;tax_query&quot;:[{&quot;taxonomy&quot;:&quot;category&quot;,&quot;field&quot;:&quot;slug&quot;,&quot;terms&quot;:[&quot;partner-in-wien&quot;]}],&quot;post_status&quot;:[&quot;publish&quot;],&quot;posts_per_page&quot;:&quot;500&quot;},&quot;orderby_query_args&quot;:{&quot;orderby&quot;:{&quot;title&quot;:&quot;ASC&quot;},&quot;order&quot;:&quot;ASC&quot;},&quot;type&quot;:&quot;grid&quot;,&quot;us_grid_ajax_index&quot;:1,&quot;us_grid_filter_params&quot;:null,&quot;us_grid_index&quot;:1,&quot;_us_grid_post_type&quot;:&quot;post&quot;}}'><\/div>\n\t<\/div><\/div><\/div><\/div><\/div><\/div><\/div><\/div><\/div><\/div><\/section>\n","protected":false},"excerpt":{"rendered":"Erhard Ruthner hat seit 2002 eine Mission: seine Liebe zum hochwertigen Spirituosen-Genuss an Neugierige weiterzugeben. Er schult Nasen und Gaumen in seinen Wein-, Bier- und Spirituosenverkostungen in Wien. Dabei sch\u00f6pft er aus seiner jahrelangen Erfahrung aus der Gastronomie.\u00a0 Steckbrief: Name:\u00a0Erhard Rurthner Beruf:\u00a0Touristikkaufmann, Diplomsommelier, Barkeeper Erhard hat bereits 8 Jahre in der 5 Sterne Hotellerie in...","protected":false},"author":1,"featured_media":0,"parent":0,"menu_order":0,"comment_status":"closed","ping_status":"closed","template":"","meta":[],"aioseo_notices":[],"_links":{"self":[{"href":"https:\/\/www.miomente.de\/entdeckermagazin\/wp-json\/wp\/v2\/pages\/5667"}],"collection":[{"href":"https:\/\/www.miomente.de\/entdeckermagazin\/wp-json\/wp\/v2\/pages"}],"about":[{"href":"https:\/\/www.miomente.de\/entdeckermagazin\/wp-json\/wp\/v2\/types\/page"}],"author":[{"embeddable":true,"href":"https:\/\/www.miomente.de\/entdeckermagazin\/wp-json\/wp\/v2\/users\/1"}],"replies":[{"embeddable":true,"href":"https:\/\/www.miomente.de\/entdeckermagazin\/wp-json\/wp\/v2\/comments?post=5667"}],"version-history":[{"count":0,"href":"https:\/\/www.miomente.de\/entdeckermagazin\/wp-json\/wp\/v2\/pages\/5667\/revisions"}],"wp:attachment":[{"href":"https:\/\/www.miomente.de\/entdeckermagazin\/wp-json\/wp\/v2\/media?parent=5667"}],"curies":[{"name":"wp","href":"https:\/\/api.w.org\/{rel}","templated":true}]}}