{"id":5669,"date":"2016-01-25T16:12:30","date_gmt":"2016-01-25T15:12:30","guid":{"rendered":"http:\/\/www.miomente.de\/entdeckermagazin\/?page_id=5669"},"modified":"2019-10-21T13:58:30","modified_gmt":"2019-10-21T11:58:30","slug":"eventlocations-in-wien","status":"publish","type":"page","link":"https:\/\/www.miomente.de\/entdeckermagazin\/eventlocations-in-wien\/","title":{"rendered":"Eventlocations in Wien"},"content":{"rendered":"<section class=\"l-section wpb_row height_medium\"><div class=\"l-section-h i-cf\"><div class=\"g-cols vc_row via_flex valign_top type_default stacking_default\"><div class=\"vc_col-sm-12 wpb_column vc_column_container\"><div class=\"vc_column-inner\"><div class=\"wpb_wrapper\"><div class=\"wpb_text_column\"><div class=\"wpb_wrapper\"><h2>UNSERE EVENTLOCATIONS UND KOCHSCHULEN IN WIEN<\/h2>\n<p><span style=\"font-weight: 400;\">Herzlich willkommen in unseren sorgf\u00e4ltig ausgew\u00e4hlten Eventlocations und Kochschulen in Wien. Ergreife die sch\u00f6ne Chance und schraube an deinen Kochkenntnissen. W\u00e4hle dein Genuss-Thema vom Asia-Kochkurs, \u00fcber eine Weinprobe bis hin zum Barista-Workshop. Bei uns erlebst du gro\u00dfen Genuss und darfst neue Aromen schmecken, besondere Zutaten und praktische Kochtechniken kennenlernen. Ob in einem kleinen Szene-Laden im 7. Bezirk oder in einem schicken Kochstudio im 1. Bezirk. Schau dir unsere <\/span><a href=\"https:\/\/www.miomente.at\/wien\/genuss-kategorien\/kochkurse\"><span style=\"font-weight: 400;\">Kochkurse in Wien<\/span><\/a><span style=\"font-weight: 400;\">\u00a0an oder entdecke hier schon mal deine liebste Eventlocation.<\/span><span style=\"font-weight: 400;\"><br \/>\n<\/span><\/p>\n<\/div><\/div><div class=\"g-cols wpb_row via_flex valign_top type_default stacking_default\"><div class=\"vc_col-sm-12 wpb_column vc_column_container\"><div class=\"vc_column-inner\"><div class=\"wpb_wrapper\"><div class=\"w-grid type_grid layout_38703 cols_3 overflow_hidden\" id=\"us_grid_1\" data-filterable=\"true\"><style>#us_grid_1 .w-grid-item{padding:1rem}#us_grid_1 .w-grid-list{margin:-1rem}.w-grid + #us_grid_1 .w-grid-list,.w-grid-none + #us_grid_1 .w-grid-list{margin-top:1rem}@media (max-width:899px){#us_grid_1 .w-grid-item{width:50%}}@media (max-width:599px){#us_grid_1 .w-grid-list{margin:0}#us_grid_1 .w-grid-item{width:100%;padding:0;margin-bottom:1rem}}.layout_38703 .w-grid-item-h{background:#ffffff;color:#444444;border-radius:0.3rem;box-shadow:0 0.03rem 0.06rem rgba(0,0,0,0.1),0 0.1rem 0.3rem rgba(0,0,0,0.1);transition-duration:0.3s}.no-touch .layout_38703 .w-grid-item-h:hover{box-shadow:0 0.12rem 0.24rem rgba(0,0,0,0.1),0 0.4rem 1.2rem rgba(0,0,0,0.15);z-index:4}.layout_38703 .usg_post_content_1{text-align:center!important}<\/style><div class=\"w-grid-list\">\t<article class=\"w-grid-item post-25953 post type-post status-publish format-standard has-post-thumbnail hentry category-eventlocations category-eventlocations-in-wien tag-asia tag-asiatisch tag-eventlocation tag-events tag-location tag-wien\" data-id=\"25953\">\n\t\t<div class=\"w-grid-item-h\">\n\t\t\t\t\t\t<div class=\"w-post-elm post_image usg_post_image_1 stretched\"><a href=\"https:\/\/www.miomente.de\/entdeckermagazin\/confusion-eventlocation-kochschule-in-wien\/\" aria-label=\"ConFusion \u2013 Eventlocation &#038; Kochschule in Wien\"><img width=\"600\" height=\"400\" src=\"https:\/\/www.miomente.de\/entdeckermagazin\/wp-content\/uploads\/2018\/03\/miomente-partner-wien-confusion-kueche-kochschule-600x400.jpg\" class=\"attachment-us_600_400_crop size-us_600_400_crop wp-post-image\" alt=\"Confusion Wien\" decoding=\"async\" loading=\"lazy\" srcset=\"https:\/\/www.miomente.de\/entdeckermagazin\/wp-content\/uploads\/2018\/03\/miomente-partner-wien-confusion-kueche-kochschule-600x400.jpg 600w, https:\/\/www.miomente.de\/entdeckermagazin\/wp-content\/uploads\/2018\/03\/miomente-partner-wien-confusion-kueche-kochschule-300x200.jpg 300w, https:\/\/www.miomente.de\/entdeckermagazin\/wp-content\/uploads\/2018\/03\/miomente-partner-wien-confusion-kueche-kochschule-768x512.jpg 768w, https:\/\/www.miomente.de\/entdeckermagazin\/wp-content\/uploads\/2018\/03\/miomente-partner-wien-confusion-kueche-kochschule.jpg 1000w\" sizes=\"(max-width: 600px) 100vw, 600px\" \/><\/a><\/div><div class=\"w-vwrapper usg_vwrapper_1 align_left valign_top\"><h2 class=\"w-post-elm post_title usg_post_title_1 align_center entry-title color_link_inherit\"><a href=\"https:\/\/www.miomente.de\/entdeckermagazin\/confusion-eventlocation-kochschule-in-wien\/\">ConFusion \u2013 Eventlocation &#038; Kochschule in Wien<\/a><\/h2><div class=\"w-post-elm post_content usg_post_content_1\">In den hellen, modernen R\u00e4umlichkeiten von Confusion in Wien kochen Sie in herrlicher Umgebung k\u00f6stliche asiatische Spezialit\u00e4ten. Klares Design, professionelles Handwerkszeug und&hellip;<\/div><\/div>\t\t<\/div>\n\t<\/article>\n\t<article class=\"w-grid-item post-6731 post type-post status-publish format-standard has-post-thumbnail hentry category-eventlocations-in-wien\" data-id=\"6731\">\n\t\t<div class=\"w-grid-item-h\">\n\t\t\t\t\t\t<div class=\"w-post-elm post_image usg_post_image_1 stretched\"><a href=\"https:\/\/www.miomente.de\/entdeckermagazin\/das-kochatelier-kochschule-in-wien\/\" aria-label=\"Das Kochatelier \u2013 Kochschule in Wien\"><img width=\"600\" height=\"400\" src=\"https:\/\/www.miomente.de\/entdeckermagazin\/wp-content\/uploads\/2016\/03\/miomente-partner-thomas-huettl-kochatelier-location-600x400.jpg\" class=\"attachment-us_600_400_crop size-us_600_400_crop wp-post-image\" alt=\"Kochatelier Wien von Thomas H\u00fcttl \u2013\u00a0Kochkurse im 5. Bezirk\" decoding=\"async\" loading=\"lazy\" srcset=\"https:\/\/www.miomente.de\/entdeckermagazin\/wp-content\/uploads\/2016\/03\/miomente-partner-thomas-huettl-kochatelier-location-600x400.jpg 600w, https:\/\/www.miomente.de\/entdeckermagazin\/wp-content\/uploads\/2016\/03\/miomente-partner-thomas-huettl-kochatelier-location-300x199.jpg 300w\" sizes=\"(max-width: 600px) 100vw, 600px\" \/><\/a><\/div><div class=\"w-vwrapper usg_vwrapper_1 align_left valign_top\"><h2 class=\"w-post-elm post_title usg_post_title_1 align_center entry-title color_link_inherit\"><a href=\"https:\/\/www.miomente.de\/entdeckermagazin\/das-kochatelier-kochschule-in-wien\/\">Das Kochatelier \u2013 Kochschule in Wien<\/a><\/h2><div class=\"w-post-elm post_content usg_post_content_1\">In den gro\u00dfz\u00fcgigen ausgestatteten R\u00e4umen des Kochateliers k\u00f6nnen sich K\u00f6che so richtig austoben! Hier kann ordentlich geschnibbelt, gebrutzelt und gebraten werden. Mit&hellip;<\/div><\/div>\t\t<\/div>\n\t<\/article>\n\t<article class=\"w-grid-item post-7387 post type-post status-publish format-standard has-post-thumbnail hentry category-eventlocations-in-wien\" data-id=\"7387\">\n\t\t<div class=\"w-grid-item-h\">\n\t\t\t\t\t\t<div class=\"w-post-elm post_image usg_post_image_1 stretched\"><a href=\"https:\/\/www.miomente.de\/entdeckermagazin\/essenz-kochstudio\/\" aria-label=\"Essenz Kochstudio in Wien-Mariahilf\"><img width=\"600\" height=\"400\" src=\"https:\/\/www.miomente.de\/entdeckermagazin\/wp-content\/uploads\/2016\/02\/miomente-eventlocation-essen-z-kochstudio-wien-600x400.jpg\" class=\"attachment-us_600_400_crop size-us_600_400_crop wp-post-image\" alt=\"Essen Z Kochstudio Wien\" decoding=\"async\" loading=\"lazy\" srcset=\"https:\/\/www.miomente.de\/entdeckermagazin\/wp-content\/uploads\/2016\/02\/miomente-eventlocation-essen-z-kochstudio-wien-600x400.jpg 600w, https:\/\/www.miomente.de\/entdeckermagazin\/wp-content\/uploads\/2016\/02\/miomente-eventlocation-essen-z-kochstudio-wien-300x200.jpg 300w, https:\/\/www.miomente.de\/entdeckermagazin\/wp-content\/uploads\/2016\/02\/miomente-eventlocation-essen-z-kochstudio-wien.jpg 601w\" sizes=\"(max-width: 600px) 100vw, 600px\" \/><\/a><\/div><div class=\"w-vwrapper usg_vwrapper_1 align_left valign_top\"><h2 class=\"w-post-elm post_title usg_post_title_1 align_center entry-title color_link_inherit\"><a href=\"https:\/\/www.miomente.de\/entdeckermagazin\/essenz-kochstudio\/\">Essenz Kochstudio in Wien-Mariahilf<\/a><\/h2><div class=\"w-post-elm post_content usg_post_content_1\">Das helle und modern gestaltete Kochstudio erm\u00f6glicht leidenschaftlichen Hobby-K\u00f6chen und -B\u00e4ckern alles, was das Herz begehrt. Die gro\u00dfz\u00fcgige und festlich gedeckte Tafel&hellip;<\/div><\/div>\t\t<\/div>\n\t<\/article>\n\t<article class=\"w-grid-item size_1x1 post-9938 post type-post status-publish format-standard has-post-thumbnail hentry category-eventlocations category-eventlocations-in-wien\" data-id=\"9938\">\n\t\t<div class=\"w-grid-item-h\">\n\t\t\t\t\t\t<div class=\"w-post-elm post_image usg_post_image_1 stretched\"><a href=\"https:\/\/www.miomente.de\/entdeckermagazin\/kochschule-julian-kutos-eventlocation-in-wien\/\" aria-label=\"Kochschule Julian Kutos \u2013\u00a0Eventlocation in Wien\"><img width=\"600\" height=\"400\" src=\"https:\/\/www.miomente.de\/entdeckermagazin\/wp-content\/uploads\/2016\/04\/kochkurse-wein-julian-kutos-location-interior-dark-tisch-kueche-miomente-entdeckermagazin-2-600x400.jpg\" class=\"attachment-us_600_400_crop size-us_600_400_crop wp-post-image\" alt=\"\" decoding=\"async\" loading=\"lazy\" srcset=\"https:\/\/www.miomente.de\/entdeckermagazin\/wp-content\/uploads\/2016\/04\/kochkurse-wein-julian-kutos-location-interior-dark-tisch-kueche-miomente-entdeckermagazin-2-600x400.jpg 600w, https:\/\/www.miomente.de\/entdeckermagazin\/wp-content\/uploads\/2016\/04\/kochkurse-wein-julian-kutos-location-interior-dark-tisch-kueche-miomente-entdeckermagazin-2-300x200.jpg 300w, https:\/\/www.miomente.de\/entdeckermagazin\/wp-content\/uploads\/2016\/04\/kochkurse-wein-julian-kutos-location-interior-dark-tisch-kueche-miomente-entdeckermagazin-2-768x512.jpg 768w, https:\/\/www.miomente.de\/entdeckermagazin\/wp-content\/uploads\/2016\/04\/kochkurse-wein-julian-kutos-location-interior-dark-tisch-kueche-miomente-entdeckermagazin-2.jpg 1000w\" sizes=\"(max-width: 600px) 100vw, 600px\" \/><\/a><\/div><div class=\"w-vwrapper usg_vwrapper_1 align_left valign_top\"><h2 class=\"w-post-elm post_title usg_post_title_1 align_center entry-title color_link_inherit\"><a href=\"https:\/\/www.miomente.de\/entdeckermagazin\/kochschule-julian-kutos-eventlocation-in-wien\/\">Kochschule Julian Kutos \u2013\u00a0Eventlocation in Wien<\/a><\/h2><div class=\"w-post-elm post_content usg_post_content_1\">In einem sch\u00f6nen Altbau im Herzen Wiens befindet sich die neue Kochlocation von Julian Kutos. Eine italienische Designerk\u00fcche und moderne K\u00fcchenaustattung lassen&hellip;<\/div><\/div>\t\t<\/div>\n\t<\/article>\n\t<article class=\"w-grid-item post-11490 post type-post status-publish format-standard has-post-thumbnail hentry category-eventlocations-in-wien\" data-id=\"11490\">\n\t\t<div class=\"w-grid-item-h\">\n\t\t\t\t\t\t<div class=\"w-post-elm post_image usg_post_image_1 stretched\"><a href=\"https:\/\/www.miomente.de\/entdeckermagazin\/kochstudio-die-pause-eventlocation-in-wien\/\" aria-label=\"Kochstudio &#8222;die Pause&#8220; &#8211; Eventlocation in Wien\"><img width=\"600\" height=\"400\" src=\"https:\/\/www.miomente.de\/entdeckermagazin\/wp-content\/uploads\/2016\/06\/DiePause-Kueche-600x400.jpg\" class=\"attachment-us_600_400_crop size-us_600_400_crop wp-post-image\" alt=\"DiePause-K\u00fcche Wien\" decoding=\"async\" loading=\"lazy\" srcset=\"https:\/\/www.miomente.de\/entdeckermagazin\/wp-content\/uploads\/2016\/06\/DiePause-Kueche-600x400.jpg 600w, https:\/\/www.miomente.de\/entdeckermagazin\/wp-content\/uploads\/2016\/06\/DiePause-Kueche-300x200.jpg 300w, https:\/\/www.miomente.de\/entdeckermagazin\/wp-content\/uploads\/2016\/06\/DiePause-Kueche.jpg 640w\" sizes=\"(max-width: 600px) 100vw, 600px\" \/><\/a><\/div><div class=\"w-vwrapper usg_vwrapper_1 align_left valign_top\"><h2 class=\"w-post-elm post_title usg_post_title_1 align_center entry-title color_link_inherit\"><a href=\"https:\/\/www.miomente.de\/entdeckermagazin\/kochstudio-die-pause-eventlocation-in-wien\/\">Kochstudio &#8222;die Pause&#8220; &#8211; Eventlocation in Wien<\/a><\/h2><div class=\"w-post-elm post_content usg_post_content_1\">Das Kochstudio &#8222;die Pause&#8220; am Spittelberg \u00fcberzeugt mit einem au\u00dfergew\u00f6hnlichen Ambiente sowie einer modernen und professionellen Ausstattung. Das angrenzende &#8222;Esszimmer&#8220; l\u00e4dt ein&hellip;<\/div><\/div>\t\t<\/div>\n\t<\/article>\n<\/div><div class=\"w-grid-preloader\"><div class=\"g-preloader type_1\">\n\t<div><\/div>\n<\/div>\n<\/div>\t<div class=\"w-grid-json hidden\" onclick='return {&quot;action&quot;:&quot;us_ajax_grid&quot;,&quot;ajax_url&quot;:&quot;https:\\\/\\\/www.miomente.de\\\/entdeckermagazin\\\/wp-admin\\\/admin-ajax.php&quot;,&quot;infinite_scroll&quot;:0,&quot;max_num_pages&quot;:1,&quot;pagination&quot;:&quot;none&quot;,&quot;permalink_url&quot;:&quot;https:\\\/\\\/www.miomente.de\\\/entdeckermagazin\\\/wp-json\\\/wp\\\/v2\\\/pages\\\/5669&quot;,&quot;template_vars&quot;:{&quot;columns&quot;:&quot;3&quot;,&quot;exclude_items&quot;:&quot;none&quot;,&quot;img_size&quot;:&quot;us_600_400_crop&quot;,&quot;ignore_items_size&quot;:0,&quot;items_layout&quot;:&quot;38703&quot;,&quot;items_offset&quot;:&quot;1&quot;,&quot;load_animation&quot;:&quot;none&quot;,&quot;overriding_link&quot;:&quot;none&quot;,&quot;post_id&quot;:5669,&quot;query_args&quot;:{&quot;post_type&quot;:[&quot;post&quot;],&quot;tax_query&quot;:[{&quot;taxonomy&quot;:&quot;category&quot;,&quot;field&quot;:&quot;slug&quot;,&quot;terms&quot;:[&quot;eventlocations-in-wien&quot;]}],&quot;post_status&quot;:[&quot;publish&quot;],&quot;posts_per_page&quot;:&quot;500&quot;},&quot;orderby_query_args&quot;:{&quot;orderby&quot;:{&quot;title&quot;:&quot;ASC&quot;},&quot;order&quot;:&quot;ASC&quot;},&quot;type&quot;:&quot;grid&quot;,&quot;us_grid_ajax_index&quot;:1,&quot;us_grid_filter_params&quot;:null,&quot;us_grid_index&quot;:1,&quot;_us_grid_post_type&quot;:&quot;post&quot;}}'><\/div>\n\t<\/div><\/div><\/div><\/div><\/div><\/div><\/div><\/div><\/div><\/div><\/section>\n","protected":false},"excerpt":{"rendered":"Daten zur Location: Adresse: Kochstudio &#8222;die Pause&#8220;, Sigmundsgasse 8, 1070 Wien Personenzahl:\u00a0bis zu 25 Personen Fl\u00e4che: 90\u00a0m\u00b2\u00a0Quadratmeter Anfahrt mit \u00f6ffentlichen Verkehrsmittel: Im romantischen Spittelbergviertel gelegen, ist das Kochstudio ausgezeichnet mit der U3, den Bussen 13A und 48A oder der Stra\u00dfenbahnlinie 49 zu erreichen. In unmittelbarer N\u00e4he gibt es vielf\u00e4ltige Einkaufsm\u00f6glichkeiten und zwei Tiefgaragen. Besonderheiten:\u00a0Die gro\u00dfz\u00fcgige...","protected":false},"author":1,"featured_media":0,"parent":0,"menu_order":0,"comment_status":"closed","ping_status":"closed","template":"","meta":[],"aioseo_notices":[],"_links":{"self":[{"href":"https:\/\/www.miomente.de\/entdeckermagazin\/wp-json\/wp\/v2\/pages\/5669"}],"collection":[{"href":"https:\/\/www.miomente.de\/entdeckermagazin\/wp-json\/wp\/v2\/pages"}],"about":[{"href":"https:\/\/www.miomente.de\/entdeckermagazin\/wp-json\/wp\/v2\/types\/page"}],"author":[{"embeddable":true,"href":"https:\/\/www.miomente.de\/entdeckermagazin\/wp-json\/wp\/v2\/users\/1"}],"replies":[{"embeddable":true,"href":"https:\/\/www.miomente.de\/entdeckermagazin\/wp-json\/wp\/v2\/comments?post=5669"}],"version-history":[{"count":0,"href":"https:\/\/www.miomente.de\/entdeckermagazin\/wp-json\/wp\/v2\/pages\/5669\/revisions"}],"wp:attachment":[{"href":"https:\/\/www.miomente.de\/entdeckermagazin\/wp-json\/wp\/v2\/media?parent=5669"}],"curies":[{"name":"wp","href":"https:\/\/api.w.org\/{rel}","templated":true}]}}